{"id":123915,"date":"2022-11-20T00:00:00","date_gmt":"2022-11-19T23:00:00","guid":{"rendered":"https:\/\/gpl-love.com\/fr\/produit\/easy-digital-downloads-mad-mimi\/"},"modified":"2026-04-18T06:30:25","modified_gmt":"2026-04-18T04:30:25","slug":"easy-digital-downloads-mad-mimi","status":"publish","type":"product","link":"https:\/\/gpl-love.com\/fr\/produit\/easy-digital-downloads-mad-mimi\/","title":{"rendered":"Easy Digital Downloads Mad Mimi 1.0.2"},"content":{"rendered":"<h3>Easy Digital Downloads Mad Mimi Traits<\/h3>\n<p>Les t\u00e9l\u00e9chargements num\u00e9riques faciles Mad Mimi sont une int\u00e9gration robuste qui offre une approche rationalis\u00e9e au marketing par e-mail pour les entreprises en ligne, leur offrant une pl\u00e9thore de fonctionnalit\u00e9s. En incorporant cette int\u00e9gration dans leurs op\u00e9rations, les utilisateurs sont en mesure de g\u00e9n\u00e9rer sans effort des campagnes de courrier \u00e9lectronique captivantes et de surveiller \u00e9troitement l&rsquo;efficacit\u00e9 de leurs campagnes de messagerie et d&rsquo;automatiser diverses proc\u00e9dures de marketing par e-mail. La nature transparente de cette int\u00e9gration permet aux utilisateurs d&rsquo;importer sans effort des listes de diffusion, de conserver des campagnes d&rsquo;e-mail cibl\u00e9es et de suivre m\u00e9ticuleusement les mesures de performances des e-mails telles que les taux d&rsquo;ouverture, les taux de clics et les taux de conversion. Par cons\u00e9quent, les entreprises peuvent \u00e9tablir efficacement des liens significatifs avec leurs clients, ce qui a entra\u00een\u00e9 une am\u00e9lioration de l&rsquo;engagement des clients et une augmentation globale des ventes. Sans aucun doute, les t\u00e9l\u00e9chargements num\u00e9riques Easy Mad Mimi sont un outil indispensable pour les entreprises qui s&rsquo;appuient fortement sur le marketing par e-mail comme une tactique promotionnelle cl\u00e9 pour leur gamme diversifi\u00e9e de produits et services.<\/p>\n<ul>\n<li>Int\u00e9grez de mani\u00e8re transparente votre magasin de t\u00e9l\u00e9chargements num\u00e9riques faciles avec une plateforme de marketing par e-mail Mad Mimi<\/li>\n<li>Importez et g\u00e9rez sans effort votre liste de clients et d&rsquo;abonn\u00e9s \u00e0 Mad Mimi<\/li>\n<li>Boostez vos ventes et vos conversions avec des campagnes de messagerie personnalis\u00e9es et cibl\u00e9es<\/li>\n<li>Automatisez votre strat\u00e9gie de marketing par e-mail avec les d\u00e9clencheurs et les workflows<\/li>\n<li>Utilisez des mod\u00e8les de messagerie \u00e9l\u00e9gants et r\u00e9actifs de Mad Mimi pour cr\u00e9er des newsletters et des promotions accrocheurs<\/li>\n<li>Suivez vos performances par e-mail avec les analyses et rapports de Mad Mimi en temps r\u00e9el<\/li>\n<li>Profitez de la tranquillit\u00e9 d&rsquo;esprit qui vient avec les tests de spam de Mad Mimi et l&rsquo;expertise de livrabilit\u00e9 par e-mail<\/li>\n<li>Obtenez un support et des ressources d\u00e9di\u00e9s \u00e0 la fois des t\u00e9l\u00e9chargements num\u00e9riques faciles et des \u00e9quipes MAD MIMI pour maximiser vos r\u00e9sultats.<\/li>\n<\/ul>\n","protected":false},"excerpt":{"rendered":"<p>Easy Digital Downloads s&rsquo;est int\u00e9gr\u00e9 au service de marketing par e-mail connu sous le nom de Mad Mimi, permettant aux utilisateurs de connecter de mani\u00e8re transparente leurs magasins en ligne avec cet outil puissant pour les campagnes de messagerie cibl\u00e9es et l&rsquo;engagement client. Avec cette int\u00e9gration, les commer\u00e7ants peuvent synchroniser sans effort leurs donn\u00e9es clients et automatiser les t\u00e2ches de marketing par e-mail, assurant une strat\u00e9gie de communication personnalis\u00e9e et efficace. En utilisant les fonctionnalit\u00e9s robustes des t\u00e9l\u00e9chargements num\u00e9riques faciles avec les capacit\u00e9s polyvalentes de Mad Mimi, les entreprises peuvent optimiser leurs efforts de marketing et entra\u00eener des conversions plus \u00e9lev\u00e9es dans le paysage num\u00e9rique comp\u00e9titif.<\/p>\n","protected":false},"featured_media":143628,"comment_status":"open","ping_status":"open","template":"","meta":[],"product_brand":[2523],"product_cat":[1182,1223,1181],"product_tag":[1255],"class_list":{"0":"post-123915","1":"product","2":"type-product","3":"status-publish","4":"has-post-thumbnail","6":"product_brand-easy-digital-downloads","7":"product_cat-commerce-electronique-plugins","8":"product_cat-personnalisation-commerce-electronique-plugins","9":"product_cat-plugins","10":"product_tag-easy-digital-downloads","11":"member-discount","12":"discount-restricted","14":"first","15":"instock","16":"sale","17":"downloadable","18":"virtual","19":"sold-individually","20":"purchasable","21":"product-type-simple"},"_links":{"self":[{"href":"https:\/\/gpl-love.com\/fr\/wp-json\/wp\/v2\/product\/123915","targetHints":{"allow":["GET"]}}],"collection":[{"href":"https:\/\/gpl-love.com\/fr\/wp-json\/wp\/v2\/product"}],"about":[{"href":"https:\/\/gpl-love.com\/fr\/wp-json\/wp\/v2\/types\/product"}],"replies":[{"embeddable":true,"href":"https:\/\/gpl-love.com\/fr\/wp-json\/wp\/v2\/comments?post=123915"}],"wp:featuredmedia":[{"embeddable":true,"href":"https:\/\/gpl-love.com\/fr\/wp-json\/wp\/v2\/media\/143628"}],"wp:attachment":[{"href":"https:\/\/gpl-love.com\/fr\/wp-json\/wp\/v2\/media?parent=123915"}],"wp:term":[{"taxonomy":"product_brand","embeddable":true,"href":"https:\/\/gpl-love.com\/fr\/wp-json\/wp\/v2\/product_brand?post=123915"},{"taxonomy":"product_cat","embeddable":true,"href":"https:\/\/gpl-love.com\/fr\/wp-json\/wp\/v2\/product_cat?post=123915"},{"taxonomy":"product_tag","embeddable":true,"href":"https:\/\/gpl-love.com\/fr\/wp-json\/wp\/v2\/product_tag?post=123915"}],"curies":[{"name":"wp","href":"https:\/\/api.w.org\/{rel}","templated":true}]}}