{"id":123913,"date":"2025-11-04T00:00:00","date_gmt":"2025-11-03T23:00:00","guid":{"rendered":"https:\/\/gpl-love.com\/fr\/produit\/modern-events-calendar-buddyboss-integration\/"},"modified":"2026-04-21T06:30:37","modified_gmt":"2026-04-21T04:30:37","slug":"modern-events-calendar-buddyboss-integration","status":"publish","type":"product","link":"https:\/\/gpl-love.com\/fr\/produit\/modern-events-calendar-buddyboss-integration\/","title":{"rendered":"Modern Events Calendar BuddyBoss Integration 2.5.5"},"content":{"rendered":"<h3>Modern Events Calendar BuddyBoss Integration Traits<\/h3>\n<p>L&rsquo;int\u00e9gration des \u00e9v\u00e9nements modernes BuddyBoss est un outil extr\u00eamement puissant sp\u00e9cialement con\u00e7u pour r\u00e9pondre aux besoins des entreprises et des organisations cherchant \u00e0 \u00e9lever leurs capacit\u00e9s de gestion d&rsquo;\u00e9v\u00e9nements \u00e0 des sommets sans pr\u00e9c\u00e9dent. Cette int\u00e9gration combine parfaitement et parfaitement la plate-forme BuddyBoss de pointe avec le plugin de calendrier des \u00e9v\u00e9nements modernes tr\u00e8s populaire et riche en fonctionnalit\u00e9s, r\u00e9sultant en une exp\u00e9rience utilisateur vraiment exceptionnelle et in\u00e9gal\u00e9e. Gr\u00e2ce \u00e0 cette int\u00e9gration extraordinaire, les utilisateurs ont acc\u00e8s \u00e0 une interface remarquablement conviviale qui leur permet de g\u00e9rer et de promouvoir sans effort leurs \u00e9v\u00e9nements avec la plus grande efficacit\u00e9 et efficacit\u00e9.<\/p>\n<p>Les entreprises peuvent vraiment se r\u00e9jouir de l&rsquo;int\u00e9gration du calendrier des \u00e9v\u00e9nements modernes BuddyBoss car il leur permet de cr\u00e9er, de cr\u00e9er, de g\u00e9rer et de promouvoir sans effort et de promouvoir leurs \u00e9v\u00e9nements directement \u00e0 partir de leur propre plateforme BuddyBoss. Cette int\u00e9gration ph\u00e9nom\u00e9nale facilite et simplifie \u00e9galement les processus d&rsquo;enregistrement d&rsquo;\u00e9v\u00e9nements et de billetterie par ailleurs complexes et alambiqu\u00e9s. En quelques clics, les entreprises peuvent rationaliser et rationaliser sans effort leur enregistrement d&rsquo;\u00e9v\u00e9nements et leurs processus de billetterie, ce qui permet d&rsquo;\u00e9conomiser un temps et des ressources pr\u00e9cieux qui peuvent \u00eatre dirig\u00e9s vers d&rsquo;autres aspects critiques de leurs op\u00e9rations.<\/p>\n<p>L&rsquo;une des fonctionnalit\u00e9s les plus impressionnantes de l&rsquo;int\u00e9gration du calendrier des \u00e9v\u00e9nements modernes BuddyBoss est ses options de personnalisation avanc\u00e9es. Les entreprises se voient accorder une libert\u00e9 et une flexibilit\u00e9 in\u00e9gal\u00e9es dans la personnalisation de leurs pages d&rsquo;\u00e9v\u00e9nements, des options de billetterie, etc. Cette fonctionnalit\u00e9 remarquable garantit que chaque \u00e9v\u00e9nement est uniquement adapt\u00e9 et parfaitement align\u00e9 sur la marque et les exigences de l&rsquo;entreprise.<\/p>\n<p>En conclusion, l&rsquo;int\u00e9gration du calendrier des \u00e9v\u00e9nements modernes BuddyBoss est un outil indispensable que les entreprises et les organisations ne peuvent tout simplement pas se permettre de n\u00e9gliger. C&rsquo;est le summum des capacit\u00e9s de gestion d&rsquo;\u00e9v\u00e9nements et sert de catalyseur pour rationaliser les op\u00e9rations et am\u00e9liorer l&rsquo;efficacit\u00e9 globale. Avec ses caract\u00e9ristiques extraordinaires et ses capacit\u00e9s in\u00e9gal\u00e9es, cette int\u00e9gration change la donne qui garantit que les entreprises et les organisations restent en avance sur la courbe dans le monde de gestion des \u00e9v\u00e9nements en \u00e9volution rapide et en constante \u00e9volution.<\/p>\n<ul>\n<li>Int\u00e9gration transparente entre le calendrier des \u00e9v\u00e9nements modernes et BuddyBoss<\/li>\n<li>Permet aux utilisateurs de cr\u00e9er et de g\u00e9rer facilement des \u00e9v\u00e9nements via leur site Web aliment\u00e9 par BuddyBoss<\/li>\n<li>Affiche les \u00e9v\u00e9nements \u00e0 venir dans les pages de la communaut\u00e9 BuddyBoss<\/li>\n<li>Prend en charge toutes les fonctionnalit\u00e9s du calendrier des \u00e9v\u00e9nements modernes, y compris les \u00e9v\u00e9nements r\u00e9currents et les ventes de billets<\/li>\n<li>Fournit une conception enti\u00e8rement r\u00e9active pour une exp\u00e9rience utilisateur optimale sur tous les appareils<\/li>\n<li>Offre des options de personnalisation pour correspondre \u00e0 l&rsquo;esth\u00e9tique de tout site Web aliment\u00e9 par BuddyBoss<\/li>\n<li>Gave le temps en \u00e9liminant la n\u00e9cessit\u00e9 de basculer entre les plates-formes pour g\u00e9rer les \u00e9v\u00e9nements<\/li>\n<li>Augmente l&rsquo;engagement et l&rsquo;interaction au sein de la communaut\u00e9 Buddyboss en fournissant un centre centralis\u00e9 pour les \u00e9v\u00e9nements<\/li>\n<li>Offre un support technique fiable et efficace pour tout probl\u00e8me ou question.<\/li>\n<\/ul>\n","protected":false},"excerpt":{"rendered":"<p>L&rsquo;int\u00e9gration de l&rsquo;int\u00e9gration du calendrier des \u00e9v\u00e9nements modernes BuddyBoss avec votre plateforme BuddyBoss offre une exp\u00e9rience robuste et transparente. Ce plugin remarquable vous permet de cr\u00e9er et de g\u00e9rer efficacement des \u00e9v\u00e9nements, en facilitant le partage sans effort de votre calendrier avec votre \u00e9quipe et votre public. En incorporant cette int\u00e9gration, vous gagnez la capacit\u00e9 de superviser sans effort la logistique des \u00e9v\u00e9nements, de vendre sans effort des billets et de suivre efficacement les RSVP. Il convient de noter que ce plugin a \u00e9t\u00e9 m\u00e9ticuleusement con\u00e7u pour optimiser votre flux de travail et am\u00e9liorer l&rsquo;exp\u00e9rience utilisateur pour votre \u00e9quipe et votre public. Que vous organisiez des \u00e9v\u00e9nements dans le domaine de votre entreprise ou de votre communaut\u00e9, l&rsquo;int\u00e9gration du calendrier des \u00e9v\u00e9nements modernes est la solution id\u00e9ale pour rationaliser et simplifier vos exigences de gestion d&rsquo;\u00e9v\u00e9nements.<\/p>\n","protected":false},"featured_media":144564,"comment_status":"open","ping_status":"open","template":"","meta":[],"product_brand":[2504],"product_cat":[1189,1181,1186],"product_tag":[1394],"class_list":{"0":"post-123913","1":"product","2":"type-product","3":"status-publish","4":"has-post-thumbnail","6":"product_brand-webnus","7":"product_cat-personnalisation","8":"product_cat-plugins","9":"product_cat-wordpress-plugins","10":"product_tag-webnus","11":"member-discount","12":"discount-restricted","14":"first","15":"instock","16":"sale","17":"downloadable","18":"virtual","19":"sold-individually","20":"purchasable","21":"product-type-simple"},"_links":{"self":[{"href":"https:\/\/gpl-love.com\/fr\/wp-json\/wp\/v2\/product\/123913","targetHints":{"allow":["GET"]}}],"collection":[{"href":"https:\/\/gpl-love.com\/fr\/wp-json\/wp\/v2\/product"}],"about":[{"href":"https:\/\/gpl-love.com\/fr\/wp-json\/wp\/v2\/types\/product"}],"replies":[{"embeddable":true,"href":"https:\/\/gpl-love.com\/fr\/wp-json\/wp\/v2\/comments?post=123913"}],"wp:featuredmedia":[{"embeddable":true,"href":"https:\/\/gpl-love.com\/fr\/wp-json\/wp\/v2\/media\/144564"}],"wp:attachment":[{"href":"https:\/\/gpl-love.com\/fr\/wp-json\/wp\/v2\/media?parent=123913"}],"wp:term":[{"taxonomy":"product_brand","embeddable":true,"href":"https:\/\/gpl-love.com\/fr\/wp-json\/wp\/v2\/product_brand?post=123913"},{"taxonomy":"product_cat","embeddable":true,"href":"https:\/\/gpl-love.com\/fr\/wp-json\/wp\/v2\/product_cat?post=123913"},{"taxonomy":"product_tag","embeddable":true,"href":"https:\/\/gpl-love.com\/fr\/wp-json\/wp\/v2\/product_tag?post=123913"}],"curies":[{"name":"wp","href":"https:\/\/api.w.org\/{rel}","templated":true}]}}