{"id":123912,"date":"2026-03-20T00:00:00","date_gmt":"2026-03-19T23:00:00","guid":{"rendered":"https:\/\/gpl-love.com\/fr\/produit\/woocommerce-buy-again\/"},"modified":"2026-04-18T06:31:02","modified_gmt":"2026-04-18T04:31:02","slug":"woocommerce-buy-again","status":"publish","type":"product","link":"https:\/\/gpl-love.com\/fr\/produit\/woocommerce-buy-again\/","title":{"rendered":"WooCommerce Buy Again 5.9.0"},"content":{"rendered":"<h3>WooCommerce Buy Again Traits<\/h3>\n<p>Le plugin WooCommerce Buy Again est un outil incroyablement puissant qui sert \u00e0 rationaliser et \u00e0 optimiser le processus d&rsquo;achat pour les clients de votre boutique WooCommerce. Gr\u00e2ce \u00e0 l&rsquo;utilisation de ce plugin remarquable, vos pr\u00e9cieux clients ont la commodit\u00e9 et la facilit\u00e9 de pouvoir randonner rapidement et sans effort sans effrayer leurs produits les plus ch\u00e9ris et les plus d\u00e9sir\u00e9s, le tout sans avoir besoin de naviguer \u00e0 nouveau dans l&rsquo;int\u00e9gralit\u00e9 du processus de paiement . En mettant en \u0153uvre cette fonctionnalit\u00e9 inestimable, non seulement vos clients sont capables de gagner du temps pr\u00e9cieux et d&rsquo;exercer beaucoup moins d&rsquo;efforts, mais leur exp\u00e9rience d&rsquo;achat globale est \u00e9galement consid\u00e9rablement am\u00e9lior\u00e9e et rendue beaucoup plus agr\u00e9able. De plus, la polyvalence de ce plugin est encore illustr\u00e9e par sa capacit\u00e9 \u00e0 permettre efficacement aux utilisateurs d&rsquo;adapter et de modifier l&rsquo;apparence du bouton \u00ab\u00a0 acheter \u00e0 nouveau \u00a0\u00bb pour s&rsquo;aligner de mani\u00e8re transparente sur la marque et la mise en page uniques de votre boutique en ligne. En outre, le plugin offre \u00e9galement aux utilisateurs la possibilit\u00e9 de personnaliser le d\u00e9lai dans lequel les clients sont autoris\u00e9s \u00e0 racheter les produits, ainsi que la possibilit\u00e9 de limiter le nombre de fois o\u00f9 le bouton est affich\u00e9 sur le site Web. En r\u00e9sum\u00e9, il devient \u00e9vident que la mise en \u0153uvre du plugin WooCommerce Buy \u00e0 nouveau sert sans aucun doute \u00e0 augmenter profond\u00e9ment les taux de r\u00e9tention de la client\u00e8le et \u00e0 enrichir consid\u00e9rablement l&rsquo;exp\u00e9rience utilisateur globale, renfor\u00e7ant ainsi son statut de ressource absolument indispensable pour tout magasin WooCommerce.<\/p>\n<ul>\n<li>Fournit aux clients une exp\u00e9rience d&rsquo;achat transparente en leur permettant de r\u00e9organiser facilement les articles pr\u00e9c\u00e9demment achet\u00e9s aupr\u00e8s de leur tableau de bord de compte.<\/li>\n<li>Automate le processus de recherche et de s\u00e9lection des \u00e9l\u00e9ments pour r\u00e9organiser en analysant les commandes pass\u00e9es et en les affichant dans une interface conviviale.<\/li>\n<li>\u00c9conomise du temps et des efforts pour les clients et les propri\u00e9taires de magasins en rationalisant le processus de commande et en augmentant la satisfaction des clients.<\/li>\n<li>Am\u00e9liore la fid\u00e9lit\u00e9 et la fid\u00e9lit\u00e9 \u00e0 la client\u00e8le en offrant une exp\u00e9rience d&rsquo;achat pratique et personnalis\u00e9e.<\/li>\n<li>Augmente les ventes et les revenus des propri\u00e9taires de magasins en encourageant les achats r\u00e9p\u00e9t\u00e9s et en r\u00e9duisant les taux d&rsquo;abandon de CART.<\/li>\n<li>Offre des options personnalisables pour les propri\u00e9taires de magasins afin de contr\u00f4ler l&rsquo;affichage et les fonctionnalit\u00e9s de la fonction de r\u00e9organisation pour r\u00e9pondre \u00e0 leurs besoins sp\u00e9cifiques.<\/li>\n<li>Compatible avec tous les th\u00e8mes et extensions WooCommerce, assurant une int\u00e9gration transparente avec votre configuration de magasin existante.<\/li>\n<li>Facile \u00e0 installer et \u00e0 configurer avec un minimum de connaissances techniques requises.<\/li>\n<li>Fournit une documentation compl\u00e8te et un support d\u00e9di\u00e9 pour r\u00e9pondre \u00e0 tous les probl\u00e8mes ou besoins de personnalisation.<\/li>\n<\/ul>\n","protected":false},"excerpt":{"rendered":"<p>WooCommerce Acheter \u00e0 nouveau, un plugin de productivit\u00e9 incroyablement pratique et efficace, sert de solution remarquable pour rationaliser et acc\u00e9l\u00e9rer la proc\u00e9dure d&rsquo;achat pour votre client\u00e8le estim\u00e9e. En permettant aux clients de reconstituer sans effort et rapidement leur stock d&rsquo;articles \u00e0 partir de leurs transactions ant\u00e9rieures, cet outil inestimable leur permet de conserver leur temps pr\u00e9cieux et d&rsquo;exercer un effort minimal. Avec une interface incroyablement conviviale, un simple clic est tout ce qu&rsquo;il faut aux clients pour parcourir leur historique de commandes et cuire m\u00e9ticuleusement les produits qu&rsquo;ils souhaitent r\u00e9agir. Remarquablement, ce plugin impressionnant favorise efficacement les affaires r\u00e9p\u00e9t\u00e9es et en cours tout en renfor\u00e7ant la fid\u00e9lit\u00e9 des clients, ce qui le rend un actif indispensable et obligatoire pour tout entrepreneur astucieux et propri\u00e9taire de magasin WooCommerce.<\/p>\n","protected":false},"featured_media":145825,"comment_status":"open","ping_status":"open","template":"","meta":[],"product_brand":[2440],"product_cat":[1182,1223,1181],"product_tag":[1398],"class_list":{"0":"post-123912","1":"product","2":"type-product","3":"status-publish","4":"has-post-thumbnail","6":"product_brand-woocommerce","7":"product_cat-commerce-electronique-plugins","8":"product_cat-personnalisation-commerce-electronique-plugins","9":"product_cat-plugins","10":"product_tag-woocommerce","11":"member-discount","12":"discount-restricted","14":"first","15":"instock","16":"sale","17":"downloadable","18":"virtual","19":"sold-individually","20":"purchasable","21":"product-type-simple"},"_links":{"self":[{"href":"https:\/\/gpl-love.com\/fr\/wp-json\/wp\/v2\/product\/123912","targetHints":{"allow":["GET"]}}],"collection":[{"href":"https:\/\/gpl-love.com\/fr\/wp-json\/wp\/v2\/product"}],"about":[{"href":"https:\/\/gpl-love.com\/fr\/wp-json\/wp\/v2\/types\/product"}],"replies":[{"embeddable":true,"href":"https:\/\/gpl-love.com\/fr\/wp-json\/wp\/v2\/comments?post=123912"}],"wp:featuredmedia":[{"embeddable":true,"href":"https:\/\/gpl-love.com\/fr\/wp-json\/wp\/v2\/media\/145825"}],"wp:attachment":[{"href":"https:\/\/gpl-love.com\/fr\/wp-json\/wp\/v2\/media?parent=123912"}],"wp:term":[{"taxonomy":"product_brand","embeddable":true,"href":"https:\/\/gpl-love.com\/fr\/wp-json\/wp\/v2\/product_brand?post=123912"},{"taxonomy":"product_cat","embeddable":true,"href":"https:\/\/gpl-love.com\/fr\/wp-json\/wp\/v2\/product_cat?post=123912"},{"taxonomy":"product_tag","embeddable":true,"href":"https:\/\/gpl-love.com\/fr\/wp-json\/wp\/v2\/product_tag?post=123912"}],"curies":[{"name":"wp","href":"https:\/\/api.w.org\/{rel}","templated":true}]}}