{"id":123883,"date":"2025-09-22T00:00:00","date_gmt":"2025-09-21T22:00:00","guid":{"rendered":"https:\/\/gpl-love.com\/fr\/produit\/css-igniter-beat-wordpress-theme\/"},"modified":"2026-03-20T22:59:31","modified_gmt":"2026-03-20T21:59:31","slug":"css-igniter-beat-wordpress-theme","status":"publish","type":"product","link":"https:\/\/gpl-love.com\/fr\/produit\/css-igniter-beat-wordpress-theme\/","title":{"rendered":"CSS Igniter Beat WordPress Theme 1.4.5"},"content":{"rendered":"<h3>CSS Igniter Beat WordPress Theme Traits<\/h3>\n<p>Le th\u00e8me WordPress CSS Igniter Beat, avec son esth\u00e9tique \u00e9l\u00e9gante et moderne, sert de choix exemplaire pour les blogueurs, les cr\u00e9atifs et les individus souhaitant exposer leur travail dans un cadre en ligne. B\u00e9n\u00e9ficiant d&rsquo;un design propre et minimaliste, Beat offre une exp\u00e9rience utilisateur sans effort, permettant aux utilisateurs de fa\u00e7onner sans effort un site Web qui \u00e9met une allure professionnelle en quelques minutes. Le th\u00e8me est d\u00e9bordant d&rsquo;un \u00e9ventail de fonctionnalit\u00e9s, notamment des widgets personnalis\u00e9s, une pl\u00e9thore de formats post-post, l&rsquo;int\u00e9gration des m\u00e9dias sociaux, et plus encore, facilitant ainsi la personnalisation transparente de votre site et la diffusion de votre contenu \u00e0 un public mondial. Que vous vous identifiiez en tant que blogueur, photographe ou concepteur, Beat se pr\u00e9sente comme l&rsquo;approche par excellence pour pr\u00e9senter votre travail et cultiver une formidable pr\u00e9sence en ligne.<\/p>\n<ul>\n<li>Design audacieux et moderne: le th\u00e8me WordPress CSS Igniter Beat pr\u00e9sente un design audacieux et accrocheur qui est parfait pour tout site Web moderne.<\/li>\n<li>Disposition personnalisable: avec une grande vari\u00e9t\u00e9 d&rsquo;options de mise en page, vous pouvez cr\u00e9er un site Web unique et personnalis\u00e9 qui correspond parfaitement \u00e0 votre marque et \u00e0 votre style.<\/li>\n<li>Enti\u00e8rement r\u00e9actif: le th\u00e8me est enti\u00e8rement r\u00e9actif, ce qui signifie qu&rsquo;il aura fi\u00e8re allure sur n&rsquo;importe quel appareil, qu&rsquo;il soit affich\u00e9 sur un ordinateur de bureau ou un t\u00e9l\u00e9phone mobile.<\/li>\n<li>SEO Optimis\u00e9: Le th\u00e8me est construit en pensant au r\u00e9f\u00e9rencement, aidant votre site Web \u00e0 se classer plus haut dans les r\u00e9sultats des moteurs de recherche et \u00e0 g\u00e9n\u00e9rer plus de trafic vers votre site.<\/li>\n<li>Facile \u00e0 utiliser: le th\u00e8me WordPress CSS Igniter Beat est facile \u00e0 utiliser et ne n\u00e9cessite aucune exp\u00e9rience de codage. Vous pouvez facilement personnaliser le th\u00e8me pour r\u00e9pondre \u00e0 vos besoins, avec une vari\u00e9t\u00e9 d&rsquo;options de personnalisation disponibles.<\/li>\n<li>Pr\u00e9par\u00e9 pour la traduction: le th\u00e8me est pr\u00eat pour la traduction, ce qui facilite la cr\u00e9ation d&rsquo;un site Web multilingue qui peut atteindre un public plus large.<\/li>\n<li>Mises \u00e0 jour r\u00e9guli\u00e8res: L&rsquo;\u00e9quipe derri\u00e8re le th\u00e8me WordPress de CSS Igniter Beat WordPress met r\u00e9guli\u00e8rement \u00e0 jour et am\u00e9liore le th\u00e8me, en veillant \u00e0 ce qu&rsquo;il soit toujours \u00e0 jour et fonctionne bien.<\/li>\n<li>Support d\u00e9di\u00e9: si vous avez des questions ou des probl\u00e8mes avec le th\u00e8me, notre \u00e9quipe de soutien d\u00e9di\u00e9e est toujours disponible pour vous aider.<\/li>\n<\/ul>\n","protected":false},"excerpt":{"rendered":"<p>Le th\u00e8me WordPress CSS Igniter Beat est un th\u00e8me WordPress premium, con\u00e7u sp\u00e9cifiquement pour les musiciens, les groupes et les maisons de disques. Il offre un design \u00e9l\u00e9gant et moderne, avec une vari\u00e9t\u00e9 de fonctionnalit\u00e9s personnalisables qui vous permettront de cr\u00e9er un site Web unique et professionnel. Le th\u00e8me Beat est \u00e9quip\u00e9 d&rsquo;un lecteur audio facile \u00e0 utiliser, permettant aux visiteurs d&rsquo;\u00e9chantillonner et d&rsquo;acheter votre musique directement \u00e0 partir de votre site. Le th\u00e8me comprend \u00e9galement un syst\u00e8me de gestion de la date de tourn\u00e9e, vous permettant de tenir sans effort vos fans au courant des performances \u00e0 venir. Avec sa conception r\u00e9active, votre site Web aura fi\u00e8re allure sur tous les appareils. De plus, le th\u00e8me BEAT WordPress prend en charge WooCommerce, ce qui vous permet de vendre facilement des marchandises et des t\u00e9l\u00e9chargements num\u00e9riques. \u00c9conomisez du temps et des efforts avec la fonction d&rsquo;importation en un clic de CSS Igniter, vous permettant de configurer votre site rapidement et efficacement. Le th\u00e8me Beat WordPress de CSS Igniter n&rsquo;est pas seulement un th\u00e8me, c&rsquo;est un outil puissant pour vous aider \u00e0 cr\u00e9er votre pr\u00e9sence en ligne et \u00e0 vous connecter avec votre public.<\/p>\n","protected":false},"featured_media":143452,"comment_status":"open","ping_status":"open","template":"","meta":[],"product_brand":[2499],"product_cat":[1242,1212,1213],"product_tag":[2187],"class_list":{"0":"post-123883","1":"product","2":"type-product","3":"status-publish","4":"has-post-thumbnail","6":"product_brand-css-igniter","7":"product_cat-creatif","8":"product_cat-themes","9":"product_cat-wordpress-themes","10":"product_tag-css-igniter","11":"member-discount","12":"discount-restricted","14":"first","15":"instock","16":"sale","17":"downloadable","18":"virtual","19":"sold-individually","20":"purchasable","21":"product-type-simple"},"_links":{"self":[{"href":"https:\/\/gpl-love.com\/fr\/wp-json\/wp\/v2\/product\/123883","targetHints":{"allow":["GET"]}}],"collection":[{"href":"https:\/\/gpl-love.com\/fr\/wp-json\/wp\/v2\/product"}],"about":[{"href":"https:\/\/gpl-love.com\/fr\/wp-json\/wp\/v2\/types\/product"}],"replies":[{"embeddable":true,"href":"https:\/\/gpl-love.com\/fr\/wp-json\/wp\/v2\/comments?post=123883"}],"wp:featuredmedia":[{"embeddable":true,"href":"https:\/\/gpl-love.com\/fr\/wp-json\/wp\/v2\/media\/143452"}],"wp:attachment":[{"href":"https:\/\/gpl-love.com\/fr\/wp-json\/wp\/v2\/media?parent=123883"}],"wp:term":[{"taxonomy":"product_brand","embeddable":true,"href":"https:\/\/gpl-love.com\/fr\/wp-json\/wp\/v2\/product_brand?post=123883"},{"taxonomy":"product_cat","embeddable":true,"href":"https:\/\/gpl-love.com\/fr\/wp-json\/wp\/v2\/product_cat?post=123883"},{"taxonomy":"product_tag","embeddable":true,"href":"https:\/\/gpl-love.com\/fr\/wp-json\/wp\/v2\/product_tag?post=123883"}],"curies":[{"name":"wp","href":"https:\/\/api.w.org\/{rel}","templated":true}]}}