{"id":123881,"date":"2024-11-03T00:00:00","date_gmt":"2024-11-02T23:00:00","guid":{"rendered":"https:\/\/gpl-love.com\/fr\/produit\/css-igniter-amaryllis-wordpress-theme\/"},"modified":"2026-03-20T22:59:30","modified_gmt":"2026-03-20T21:59:30","slug":"css-igniter-amaryllis-wordpress-theme","status":"publish","type":"product","link":"https:\/\/gpl-love.com\/fr\/produit\/css-igniter-amaryllis-wordpress-theme\/","title":{"rendered":"CSS Igniter Amaryllis WordPress Theme 1.2.6"},"content":{"rendered":"<h3>CSS Igniter Amaryllis WordPress Theme Traits<\/h3>\n<p>Le th\u00e8me WordPress connu sous le nom de CSS Igniter Amaryllis est non seulement \u00e9l\u00e9gant et moderne, mais aussi tr\u00e8s polyvalent, offrant une large gamme d&rsquo;options de personnalisation pour r\u00e9pondre aux besoins sp\u00e9cifiques de votre site Web. Sa conception r\u00e9active am\u00e9liore encore son attrait en s&rsquo;assurant qu&rsquo;Amaryllis semble exceptionnel sur tout appareil, garantissant ainsi une accessibilit\u00e9 constante pour les utilisateurs en d\u00e9placement. Ce qui distingue ce th\u00e8me, ce sont ses outils de personnalisation conviviaux, vous permettant de modifier sans effort des couleurs, des polices et des dispositions afin d&rsquo;\u00e9tablir une identit\u00e9 visuelle distinctive et captivante pour votre site. De plus, Amaryllis est \u00e9galement optimis\u00e9e pour l&rsquo;optimisation des moteurs de recherche (SEO), garantissant ainsi que votre site atteint des rangs louables dans les r\u00e9sultats des moteurs de recherche. Avec son esth\u00e9tique propre et \u00e9pur\u00e9e, Amaryllis est sans aucun doute le choix id\u00e9al pour les blogueurs, les entreprises et les individus qui cherchent \u00e0 \u00e9tablir une pr\u00e9sence en ligne \u00e9l\u00e9gante et professionnelle via la plate-forme WordPress.<\/p>\n<ul>\n<li>Design beau et moderne<\/li>\n<li>Disposition enti\u00e8rement r\u00e9active pour une visualisation optimale sur tous les appareils<\/li>\n<li>Sch\u00e9ma de couleurs et polices personnalisables pour correspondre \u00e0 votre marque<\/li>\n<li>Options de personnalisation faciles \u00e0 utiliser via le personnalisateur WordPress<\/li>\n<li>Barre lat\u00e9rale pr\u00eate pour le widget pour les fonctionnalit\u00e9s suppl\u00e9mentaires<\/li>\n<li>Importateur de d\u00e9monstration en un clic pour une configuration facile<\/li>\n<li>Int\u00e9gration int\u00e9gr\u00e9e des m\u00e9dias sociaux pour encourager le partage et l&rsquo;engagement<\/li>\n<li>Optimis\u00e9 pour le r\u00e9f\u00e9rencement avec un code propre et efficace<\/li>\n<li>Compatible avec les plugins WordPress populaires comme WooCommerce et Jetpack<\/li>\n<li>Soutien d\u00e9di\u00e9 et mises \u00e0 jour r\u00e9guli\u00e8res pour la tranquillit\u00e9 d&rsquo;esprit.<\/li>\n<\/ul>\n","protected":false},"excerpt":{"rendered":"<p>Pr\u00e9sentation du th\u00e8me WordPress Amaryllis de CSS Igniter Amaryllis, une solution \u00e9l\u00e9gante et polyvalente pour votre pr\u00e9sence en ligne. Con\u00e7u avec le commerce \u00e9lectronique \u00e0 l&rsquo;esprit, Amaryllis est parfait pour pr\u00e9senter et vendre vos produits. Ce th\u00e8me est enti\u00e8rement r\u00e9actif, garantissant que votre site Web a fi\u00e8re allure sur tous les appareils. Il est \u00e9galement adapt\u00e9 au r\u00e9f\u00e9rencement, contribuant \u00e0 am\u00e9liorer la visibilit\u00e9 de votre site sur les moteurs de recherche. Le th\u00e8me est livr\u00e9 avec des widgets personnalis\u00e9s pour des fonctionnalit\u00e9s suppl\u00e9mentaires, ainsi que des options de couleurs illimit\u00e9es pour correspondre au style de votre marque. Son int\u00e9gration compl\u00e8te de WooCommerce rend la gestion de votre boutique en ligne un jeu d&rsquo;enfant. De plus, avec l&rsquo;\u00e9quipe de soutien d\u00e9di\u00e9e de CSS Igniter, vous pouvez vous assurer que tous les probl\u00e8mes potentiels sont rapidement r\u00e9solus. Choisissez le th\u00e8me Amaryllis WordPress pour une boutique en ligne transparente, attrayante et efficace.<\/p>\n","protected":false},"featured_media":143451,"comment_status":"open","ping_status":"open","template":"","meta":[],"product_brand":[2499],"product_cat":[1238,1851,1212],"product_tag":[2187],"class_list":{"0":"post-123881","1":"product","2":"type-product","3":"status-publish","4":"has-post-thumbnail","6":"product_brand-css-igniter","7":"product_cat-commerce-electronique-themes","8":"product_cat-entreprise-commerce-electronique-themes","9":"product_cat-themes","10":"product_tag-css-igniter","11":"member-discount","12":"discount-restricted","14":"first","15":"instock","16":"sale","17":"downloadable","18":"virtual","19":"sold-individually","20":"purchasable","21":"product-type-simple"},"_links":{"self":[{"href":"https:\/\/gpl-love.com\/fr\/wp-json\/wp\/v2\/product\/123881","targetHints":{"allow":["GET"]}}],"collection":[{"href":"https:\/\/gpl-love.com\/fr\/wp-json\/wp\/v2\/product"}],"about":[{"href":"https:\/\/gpl-love.com\/fr\/wp-json\/wp\/v2\/types\/product"}],"replies":[{"embeddable":true,"href":"https:\/\/gpl-love.com\/fr\/wp-json\/wp\/v2\/comments?post=123881"}],"wp:featuredmedia":[{"embeddable":true,"href":"https:\/\/gpl-love.com\/fr\/wp-json\/wp\/v2\/media\/143451"}],"wp:attachment":[{"href":"https:\/\/gpl-love.com\/fr\/wp-json\/wp\/v2\/media?parent=123881"}],"wp:term":[{"taxonomy":"product_brand","embeddable":true,"href":"https:\/\/gpl-love.com\/fr\/wp-json\/wp\/v2\/product_brand?post=123881"},{"taxonomy":"product_cat","embeddable":true,"href":"https:\/\/gpl-love.com\/fr\/wp-json\/wp\/v2\/product_cat?post=123881"},{"taxonomy":"product_tag","embeddable":true,"href":"https:\/\/gpl-love.com\/fr\/wp-json\/wp\/v2\/product_tag?post=123881"}],"curies":[{"name":"wp","href":"https:\/\/api.w.org\/{rel}","templated":true}]}}