{"id":123879,"date":"2024-02-06T00:00:00","date_gmt":"2024-02-05T23:00:00","guid":{"rendered":"https:\/\/gpl-love.com\/fr\/produit\/translogic-logistics-et-shipment-transportation-theme\/"},"modified":"2026-04-10T18:43:49","modified_gmt":"2026-04-10T16:43:49","slug":"translogic-logistics-et-shipment-transportation-theme","status":"publish","type":"product","link":"https:\/\/gpl-love.com\/fr\/produit\/translogic-logistics-et-shipment-transportation-theme\/","title":{"rendered":"Translogic Logistics et Shipment Transportation Theme 1.2.7"},"content":{"rendered":"<h3>Translogic Logistics et Shipment Transportation Theme Traits<\/h3>\n<p>Le th\u00e8me translogique de la logistique et du transport d&rsquo;exp\u00e9dition fournit une solution globale et compl\u00e8te pour les entreprises op\u00e9rant dans l&rsquo;industrie de la logistique et des exp\u00e9ditions. Ce th\u00e8me poss\u00e8de une interface tr\u00e8s conviviale, facilitant la navigation sans effort et la gestion transparente des commandes d&rsquo;exp\u00e9dition ainsi que les op\u00e9rations logistiques. En exploitant la puissance de ce th\u00e8me, les entreprises peuvent rationaliser efficacement leurs processus logistiques, \u00e9liminant ainsi les complexit\u00e9s inutiles et acc\u00e9l\u00e9rer les op\u00e9rations. De plus, le th\u00e8me offre des capacit\u00e9s d&rsquo;automatisation inestimables, englobant des t\u00e2ches cruciales telles que le suivi et la surveillance des exp\u00e9ditions, augmentant les niveaux d&rsquo;efficacit\u00e9 \u00e0 des hauteurs sans pr\u00e9c\u00e9dent. En outre, ce th\u00e8me va au-del\u00e0 en facilitant les mises \u00e0 jour en temps r\u00e9el sur les exp\u00e9ditions, en permettant aux entreprises de fournir un service client et une satisfaction sans pr\u00e9c\u00e9dent. De plus, les fonctionnalit\u00e9s de personnalisation int\u00e9gr\u00e9es dans le th\u00e8me permettent aux entreprises d&rsquo;adapter leurs op\u00e9rations de transport et de logistique en fonction de leurs exigences distinctives et individuelles. En substance, le th\u00e8me translogique de la logistique et du transport d&rsquo;exp\u00e9dition appara\u00eet comme un choix exemplaire et in\u00e9gal\u00e9 pour les entreprises qui cherchent \u00e0 optimiser leurs op\u00e9rations logistiques et d&rsquo;exp\u00e9dition, les propulsant ainsi vers un succ\u00e8s et une croissance in\u00e9gal\u00e9s.<\/p>\n<ul>\n<li>Th\u00e8me personnalis\u00e9 sp\u00e9cifiquement pour les entreprises en logistique et en transport<\/li>\n<li>Design professionnel et \u00e9l\u00e9gant avec une navigation facile<\/li>\n<li>Pleinement r\u00e9actif pour assurer la compatibilit\u00e9 et les fonctionnalit\u00e9s sur tous les appareils<\/li>\n<li>Int\u00e9gration int\u00e9gr\u00e9e avec des services de livraison et de suivi populaires<\/li>\n<li>Plusieurs options de mise en page pour afficher les informations et services de la soci\u00e9t\u00e9 au mieux<\/li>\n<li>Options avanc\u00e9es de recherche et de filtre pour une exp\u00e9rience utilisateur transparente<\/li>\n<li>Int\u00e9gration transparente avec diverses passerelles de paiement pour des transactions en ligne faciles<\/li>\n<li>\u00c9quipe de support d\u00e9di\u00e9e et mises \u00e0 jour r\u00e9guli\u00e8res pour assurer des performances optimales<\/li>\n<li>Optimis\u00e9 pour l&rsquo;optimisation des moteurs de recherche (SEO) pour augmenter la visibilit\u00e9 en ligne et attirer plus de clients<\/li>\n<li>Support multicangue pour r\u00e9pondre \u00e0 un public mondial.<\/li>\n<\/ul>\n","protected":false},"excerpt":{"rendered":"<p>\u00c9levez la pr\u00e9sence en ligne de votre site Web de logistique et de transport d&rsquo;exp\u00e9dition en mettant en \u0153uvre le th\u00e8me translogique, un th\u00e8me m\u00e9ticuleusement con\u00e7u et visuellement attrayant. Ce th\u00e8me de pointe am\u00e9liore non seulement l&rsquo;attrait esth\u00e9tique de votre site Web, mais poss\u00e8de \u00e9galement une pl\u00e9thore de fonctionnalit\u00e9s avanc\u00e9es, y compris une conception r\u00e9active qui garantit une adaptabilit\u00e9 transparente sur tous les appareils, des options de personnalisation sans effort pour adapter votre site Web \u00e0 vos besoins sp\u00e9cifiques et une int\u00e9gration transparente Capacit\u00e9s avec des plugins populaires, garantissant ainsi une exp\u00e9rience utilisateur sans tracas. Essentiellement, Translogic appara\u00eet comme la r\u00e9ponse sans \u00e9quivoque pour les entreprises aspirant \u00e0 laisser une impression durable sur leur client\u00e8le estim\u00e9e et \u00e0 am\u00e9liorer efficacement leur visibilit\u00e9 en ligne.<\/p>\n","protected":false},"featured_media":145609,"comment_status":"open","ping_status":"open","template":"","meta":[],"product_brand":[2433],"product_cat":[1516,1212,1213],"product_tag":[1366],"class_list":{"0":"post-123879","1":"product","2":"type-product","3":"status-publish","4":"has-post-thumbnail","6":"product_brand-themeforest","7":"product_cat-entreprise","8":"product_cat-themes","9":"product_cat-wordpress-themes","10":"product_tag-themeforest","11":"member-discount","12":"discount-restricted","14":"first","15":"instock","16":"sale","17":"downloadable","18":"virtual","19":"sold-individually","20":"purchasable","21":"product-type-simple"},"_links":{"self":[{"href":"https:\/\/gpl-love.com\/fr\/wp-json\/wp\/v2\/product\/123879","targetHints":{"allow":["GET"]}}],"collection":[{"href":"https:\/\/gpl-love.com\/fr\/wp-json\/wp\/v2\/product"}],"about":[{"href":"https:\/\/gpl-love.com\/fr\/wp-json\/wp\/v2\/types\/product"}],"replies":[{"embeddable":true,"href":"https:\/\/gpl-love.com\/fr\/wp-json\/wp\/v2\/comments?post=123879"}],"wp:featuredmedia":[{"embeddable":true,"href":"https:\/\/gpl-love.com\/fr\/wp-json\/wp\/v2\/media\/145609"}],"wp:attachment":[{"href":"https:\/\/gpl-love.com\/fr\/wp-json\/wp\/v2\/media?parent=123879"}],"wp:term":[{"taxonomy":"product_brand","embeddable":true,"href":"https:\/\/gpl-love.com\/fr\/wp-json\/wp\/v2\/product_brand?post=123879"},{"taxonomy":"product_cat","embeddable":true,"href":"https:\/\/gpl-love.com\/fr\/wp-json\/wp\/v2\/product_cat?post=123879"},{"taxonomy":"product_tag","embeddable":true,"href":"https:\/\/gpl-love.com\/fr\/wp-json\/wp\/v2\/product_tag?post=123879"}],"curies":[{"name":"wp","href":"https:\/\/api.w.org\/{rel}","templated":true}]}}