{"id":123836,"date":"2022-06-30T00:00:00","date_gmt":"2022-06-29T22:00:00","guid":{"rendered":"https:\/\/gpl-love.com\/fr\/produit\/wpzoom-prime-news\/"},"modified":"2026-03-20T23:52:19","modified_gmt":"2026-03-20T22:52:19","slug":"wpzoom-prime-news","status":"publish","type":"product","link":"https:\/\/gpl-love.com\/fr\/produit\/wpzoom-prime-news\/","title":{"rendered":"WPZoom Prime News 1.0.10"},"content":{"rendered":"<h3>WPZoom Prime News Traits<\/h3>\n<p>WPZoom Prime News est un th\u00e8me WordPress hautement sophistiqu\u00e9 qui a \u00e9t\u00e9 sp\u00e9cifiquement d\u00e9velopp\u00e9 pour r\u00e9pondre aux exigences complexes des sites Web de nouvelles et de m\u00e9dias professionnels. B\u00e9n\u00e9ficiant d&rsquo;un design vierge et contemporain, ce th\u00e8me offre sans effort les utilisateurs une interface intuitive qui garantit une navigation transparente pour les lecteurs passionn\u00e9s. En plus de son esth\u00e9tique exceptionnelle, WPZoom Prime News poss\u00e8de une myriade de dispositions de page d&rsquo;accueil, de widgets personnalisables et d&rsquo;un vaste \u00e9ventail d&rsquo;options de conception qui vous permettent d&rsquo;\u00e9laborer sans effort un site qui est in\u00e9gal\u00e9 en termes de look et d&rsquo;ambiance. De plus, WPZoom Prime News poss\u00e8de une conception r\u00e9active qui s&rsquo;adapte de mani\u00e8re transparente \u00e0 diverses tailles d&rsquo;\u00e9cran, garantissant ainsi que votre contenu captivant est parfaitement affich\u00e9 sur tous les appareils. Avec ses capacit\u00e9s et fonctionnalit\u00e9s in\u00e9gal\u00e9es, WPZoom Prime News appara\u00eet sans aucun doute comme la solution par excellence pour toutes vos exigences de sites Web de nouvelles et de m\u00e9dias.<\/p>\n<ul>\n<li>Th\u00e8me du site Web \u00e9l\u00e9gant et moderne<\/li>\n<li>La conception enti\u00e8rement r\u00e9active garantit une visualisation transparente sur divers appareils<\/li>\n<li>La section des articles en vedette met en \u00e9vidence des histoires importantes<\/li>\n<li>Page d&rsquo;accueil personnalisable avec diverses zones de widget<\/li>\n<li>Plusieurs dispositions de publication disponibles pour diff\u00e9rents types de contenu<\/li>\n<li>Panneau d&rsquo;options de th\u00e8me facile \u00e0 utiliser pour la personnalisation<\/li>\n<li>SEO pr\u00eat pour une meilleure visibilit\u00e9 du moteur de recherche<\/li>\n<li>Boutons de partage des m\u00e9dias sociaux int\u00e9gr\u00e9s pour une augmentation de l&rsquo;engagement<\/li>\n<li>Traduction pr\u00eate pour le public mondial<\/li>\n<li>Excellent support client de l&rsquo;\u00e9quipe WPZOOM.<\/li>\n<\/ul>\n","protected":false},"excerpt":{"rendered":"<p>WPZoom Prime News est un outil de pointe et r\u00e9volutionnaire qui fournit sans effort votre site Web avec du contenu d&rsquo;actualit\u00e9s de premier ordre. Avec un design sophistiqu\u00e9 et contemporain, ce plugin vous permet de pr\u00e9senter des articles de presse, des publications et du multim\u00e9dia dans un format experte et captivant. L&rsquo;inclusion de ses fonctionnalit\u00e9s de personnalisation robuste vous permet de faire avaler avec m\u00e9ticulement tous les \u00e9l\u00e9ments de votre contenu d&rsquo;actualit\u00e9s, allant de la disposition globale \u00e0 la typographie, garantissant ainsi que votre site Web d\u00e9gage toujours une apparence raffin\u00e9e et actuelle. Que vous soyez un \u00e9diteur de nouvelles estim\u00e9, un blogueur prolifique ou un marketing de contenu avis\u00e9, WPZoom Prime News est sans aucun doute un atout indispensable dans votre arsenal pour fournir de mani\u00e8re transparente du contenu d&rsquo;actualit\u00e9 de la plus grande qualit\u00e9 \u00e0 vos visiteurs estim\u00e9s.<\/p>\n","protected":false},"featured_media":146319,"comment_status":"open","ping_status":"open","template":"","meta":[],"product_brand":[2745],"product_cat":[1220,1212,1213],"product_tag":[2272],"class_list":{"0":"post-123836","1":"product","2":"type-product","3":"status-publish","4":"has-post-thumbnail","6":"product_brand-wp-zoom","7":"product_cat-blog-magazine","8":"product_cat-themes","9":"product_cat-wordpress-themes","10":"product_tag-wp-zoom","11":"member-discount","12":"discount-restricted","14":"first","15":"instock","16":"sale","17":"downloadable","18":"virtual","19":"sold-individually","20":"purchasable","21":"product-type-simple"},"_links":{"self":[{"href":"https:\/\/gpl-love.com\/fr\/wp-json\/wp\/v2\/product\/123836","targetHints":{"allow":["GET"]}}],"collection":[{"href":"https:\/\/gpl-love.com\/fr\/wp-json\/wp\/v2\/product"}],"about":[{"href":"https:\/\/gpl-love.com\/fr\/wp-json\/wp\/v2\/types\/product"}],"replies":[{"embeddable":true,"href":"https:\/\/gpl-love.com\/fr\/wp-json\/wp\/v2\/comments?post=123836"}],"wp:featuredmedia":[{"embeddable":true,"href":"https:\/\/gpl-love.com\/fr\/wp-json\/wp\/v2\/media\/146319"}],"wp:attachment":[{"href":"https:\/\/gpl-love.com\/fr\/wp-json\/wp\/v2\/media?parent=123836"}],"wp:term":[{"taxonomy":"product_brand","embeddable":true,"href":"https:\/\/gpl-love.com\/fr\/wp-json\/wp\/v2\/product_brand?post=123836"},{"taxonomy":"product_cat","embeddable":true,"href":"https:\/\/gpl-love.com\/fr\/wp-json\/wp\/v2\/product_cat?post=123836"},{"taxonomy":"product_tag","embeddable":true,"href":"https:\/\/gpl-love.com\/fr\/wp-json\/wp\/v2\/product_tag?post=123836"}],"curies":[{"name":"wp","href":"https:\/\/api.w.org\/{rel}","templated":true}]}}