{"id":123834,"date":"2022-06-30T00:00:00","date_gmt":"2022-06-29T22:00:00","guid":{"rendered":"https:\/\/gpl-love.com\/fr\/produit\/wpzoom-reel\/"},"modified":"2026-03-20T23:52:20","modified_gmt":"2026-03-20T22:52:20","slug":"wpzoom-reel","status":"publish","type":"product","link":"https:\/\/gpl-love.com\/fr\/produit\/wpzoom-reel\/","title":{"rendered":"WPZoom Reel 3.0.8"},"content":{"rendered":"<h3>WPZoom Reel Traits<\/h3>\n<p>WPZOOM REEL est un th\u00e8me WordPress extr\u00eamement robuste et tr\u00e8s adaptable, con\u00e7u unique pour r\u00e9pondre aux besoins des blogueurs et cin\u00e9astes vid\u00e9o. B\u00e9n\u00e9ficiant d&rsquo;un design \u00e9l\u00e9gant et contemporain, WPZoom Reel vous permet sans effort de montrer vos vid\u00e9os avec un air de raffinement et de professionnalisme. Ce th\u00e8me exceptionnel comprend une pl\u00e9thore de fonctionnalit\u00e9s personnalisables, telles qu&rsquo;un assortiment de dispositions de page d&rsquo;accueil, des param\u00e8tres de lecteur vid\u00e9o personnalis\u00e9s et un curseur vid\u00e9o impressionnant, vous offrant ainsi la possibilit\u00e9 de mettre en \u00e9vidence vos vid\u00e9os les plus r\u00e9centes de mani\u00e8re captivante. De plus, WPZoom Reel est \u00e9quip\u00e9 d&rsquo;une prise en charge inh\u00e9rente au contenu vid\u00e9o d\u00e9riv\u00e9 de plates-formes renomm\u00e9es telles que YouTube et Vimeo, en plus de l&rsquo;int\u00e9gration transparente avec des services d&rsquo;abonnement vid\u00e9o estim\u00e9s comme Wistia et Vimeo Pro. Que vous soyez un vid\u00e9aste chevronn\u00e9 ou un blogueur occasionnel, Wpzoom Reel est ind\u00e9niable comme le choix du sommet pour fa\u00e7onner un site vid\u00e9o extraordinaire qui se distingue certainement au milieu de la comp\u00e9tition.<\/p>\n<ul>\n<li>WPZoom Reel est un plugin WordPress con\u00e7u pour cr\u00e9er de belles galeries vid\u00e9o r\u00e9actives sur votre site Web.<\/li>\n<li>Avec WPZoom Reel, vous pouvez facilement ajouter des vid\u00e9os de diverses sources, y compris des vid\u00e9os YouTube, Vimeo et auto-h\u00e9berg\u00e9es.<\/li>\n<li>Le plugin propose diverses options d&rsquo;affichage, y compris la grille, la liste et les dispositions de ma\u00e7onnerie, vous permettant de pr\u00e9senter vos vid\u00e9os d&rsquo;une mani\u00e8re qui convient \u00e0 la conception de votre site Web.<\/li>\n<li>WPZoom Reel comprend un puissant \u00e9diteur de glisser-d\u00e9poser qui vous permet de personnaliser la conception de votre galerie vid\u00e9o sans effort. Vous pouvez modifier les couleurs, les polices et les styles pour correspondre \u00e0 vos pr\u00e9f\u00e9rences de marque et de conception.<\/li>\n<li>Le plugin est enti\u00e8rement r\u00e9actif, ce qui signifie que votre galerie vid\u00e9o aura fi\u00e8re allure sur n&rsquo;importe quel appareil, des ordinateurs de bureau aux t\u00e9l\u00e9phones mobiles.<\/li>\n<li>WPZOOM REEL est optimis\u00e9 pour les performances et la vitesse, garantissant des temps de chargement rapides pour vos vid\u00e9os et galeries.<\/li>\n<li>Le plugin est \u00e9galement adapt\u00e9 au r\u00e9f\u00e9rencement, vous permettant d&rsquo;optimiser votre contenu vid\u00e9o pour les moteurs de recherche et de g\u00e9n\u00e9rer plus de trafic vers votre site Web.<\/li>\n<li>Avec WPZoom Reel, vous pouvez ajouter plusieurs galeries vid\u00e9o \u00e0 votre site Web, chacune avec ses param\u00e8tres, styles et vid\u00e9os.<\/li>\n<li>Le plugin est compatible avec la derni\u00e8re version de WordPress et prend en charge tous les principaux navigateurs Web, garantissant une exp\u00e9rience transparente pour les visiteurs de votre site Web.<\/li>\n<\/ul>\n","protected":false},"excerpt":{"rendered":"<p>La bobine WPZoom, un plugin incroyablement polyvalent et de pointe adapt\u00e9 sp\u00e9cifiquement \u00e0 WordPress, vous donne la possibilit\u00e9 de montrer votre contenu m\u00e9diatique d&rsquo;une mani\u00e8re visuellement \u00e9tonnante et captivante. Que vous visiez \u00e0 pr\u00e9senter votre portefeuille de photographies \u00e0 couper le souffle, \u00e0 diffuser vos vid\u00e9os engageantes ou \u00e0 accentuer vos articles de blog les plus r\u00e9cents, la bobine WPZOOM est \u00e9quip\u00e9e d&rsquo;un \u00e9ventail de fonctionnalit\u00e9s esth\u00e9tique et personnalisables qui vous permettent de pr\u00e9senter parfaitement votre contenu. Offrant une abondance de possibilit\u00e9s en termes de capacit\u00e9s de mise en page, de conception et de partage social, ce plugin facilite sans effort la cr\u00e9ation d&rsquo;une existence en ligne dynamique et interactive qui est tenue \u00e0 l&rsquo;attention de votre public cible. Que vous vous identifiiez comme un professionnel accompli dans le domaine de la photographie, un blogueur estim\u00e9 ou un entrepreneur cr\u00e9atif visionnaire, la bobine WPZOOM est sans aucun doute un outil essentiel qui ne peut tout simplement pas \u00eatre n\u00e9glig\u00e9 par quiconque aspire \u00e0 am\u00e9liorer sa pr\u00e9sence en ligne.<\/p>\n","protected":false},"featured_media":146320,"comment_status":"open","ping_status":"open","template":"","meta":[],"product_brand":[2745],"product_cat":[1242,1212,1213],"product_tag":[2272],"class_list":{"0":"post-123834","1":"product","2":"type-product","3":"status-publish","4":"has-post-thumbnail","6":"product_brand-wp-zoom","7":"product_cat-creatif","8":"product_cat-themes","9":"product_cat-wordpress-themes","10":"product_tag-wp-zoom","11":"member-discount","12":"discount-restricted","14":"first","15":"instock","16":"sale","17":"downloadable","18":"virtual","19":"sold-individually","20":"purchasable","21":"product-type-simple"},"_links":{"self":[{"href":"https:\/\/gpl-love.com\/fr\/wp-json\/wp\/v2\/product\/123834","targetHints":{"allow":["GET"]}}],"collection":[{"href":"https:\/\/gpl-love.com\/fr\/wp-json\/wp\/v2\/product"}],"about":[{"href":"https:\/\/gpl-love.com\/fr\/wp-json\/wp\/v2\/types\/product"}],"replies":[{"embeddable":true,"href":"https:\/\/gpl-love.com\/fr\/wp-json\/wp\/v2\/comments?post=123834"}],"wp:featuredmedia":[{"embeddable":true,"href":"https:\/\/gpl-love.com\/fr\/wp-json\/wp\/v2\/media\/146320"}],"wp:attachment":[{"href":"https:\/\/gpl-love.com\/fr\/wp-json\/wp\/v2\/media?parent=123834"}],"wp:term":[{"taxonomy":"product_brand","embeddable":true,"href":"https:\/\/gpl-love.com\/fr\/wp-json\/wp\/v2\/product_brand?post=123834"},{"taxonomy":"product_cat","embeddable":true,"href":"https:\/\/gpl-love.com\/fr\/wp-json\/wp\/v2\/product_cat?post=123834"},{"taxonomy":"product_tag","embeddable":true,"href":"https:\/\/gpl-love.com\/fr\/wp-json\/wp\/v2\/product_tag?post=123834"}],"curies":[{"name":"wp","href":"https:\/\/api.w.org\/{rel}","templated":true}]}}