{"id":123832,"date":"2022-08-25T00:00:00","date_gmt":"2022-08-24T22:00:00","guid":{"rendered":"https:\/\/gpl-love.com\/fr\/produit\/wpzoom-indigo\/"},"modified":"2026-03-20T23:52:16","modified_gmt":"2026-03-20T22:52:16","slug":"wpzoom-indigo","status":"publish","type":"product","link":"https:\/\/gpl-love.com\/fr\/produit\/wpzoom-indigo\/","title":{"rendered":"WPZoom Indigo 1.0.17"},"content":{"rendered":"<h3>WPZoom Indigo Traits<\/h3>\n<p>WPZoom Indigo est un th\u00e8me WordPress tr\u00e8s sophistiqu\u00e9 et contemporain exclusivement organis\u00e9 pour r\u00e9pondre aux besoins des blogueurs et des professionnels de la cr\u00e9ation. Avec son esth\u00e9tique \u00e9l\u00e9gante et raffin\u00e9e, ce th\u00e8me permet sans effort votre contenu pr\u00e9cieux pour capturer les projecteurs, assurant un site Web visuellement captivant et facilement navigable. La vaste gamme d&rsquo;options personnalisables offertes par ce th\u00e8me comprend une multitude d&rsquo;alternatives de mise en page, divers formats de poste et un \u00e9ventail de sch\u00e9mas de couleurs captivants. De plus, sa conception r\u00e9active remarquable garantit un attrait visuel impeccable sur n&rsquo;importe quel appareil, s&rsquo;adaptant de mani\u00e8re transparente \u00e0 des tailles d&rsquo;\u00e9cran variables. De plus, l&rsquo;optimisation SEO int\u00e9gr\u00e9e am\u00e9liore encore la visibilit\u00e9 de votre site Web, am\u00e9liorant consid\u00e9rablement vos classements de moteurs de recherche. De plus, WPZoom Indigo poss\u00e8de une pl\u00e9thore de widgets et de plugins inestimables, ce qui en fait une option incroyablement polyvalente et conviviale pour les personnes cherchant \u00e0 \u00e9tablir une pr\u00e9sence en ligne remarquable et s\u00e9duisante.<\/p>\n<ul>\n<li>Th\u00e8me WordPress de haute qualit\u00e9 con\u00e7u avec un look moderne et \u00e9l\u00e9gant<\/li>\n<li>Options personnalisables pour la mise en page, les couleurs et les polices en fonction de votre marque<\/li>\n<li>Conception r\u00e9active pour une visualisation optimale sur n&rsquo;importe quel appareil, y compris le bureau, la tablette et le mobile<\/li>\n<li>Builder de page de glisser-d\u00e9poser facile \u00e0 utiliser pour cr\u00e9er des dispositions uniques sans codage<\/li>\n<li>Int\u00e9gration avec des plugins populaires comme WooCommerce et WPForms pour des fonctionnalit\u00e9s suppl\u00e9mentaires<\/li>\n<li>Code nettoyant et optimis\u00e9 pour les temps de chargement de page plus rapides et les classements SEO am\u00e9lior\u00e9s<\/li>\n<li>\u00c9quipe d&rsquo;assistance d\u00e9di\u00e9e disponible pour toute question ou assistance technique<\/li>\n<li>Mises \u00e0 jour r\u00e9guli\u00e8res et am\u00e9liorations pour assurer la compatibilit\u00e9 avec les derniers logiciels et tendances WordPress<\/li>\n<\/ul>\n","protected":false},"excerpt":{"rendered":"<p>WPZOOM INDIGO est un th\u00e8me WordPress exemplaire qui d\u00e9gage une aura contemporaine et polie, ce qui en fait un choix id\u00e9al pour les personnes cherchant \u00e0 \u00e9tablir un blog ou un portefeuille remarquable. Le design simpliste mais sophistiqu\u00e9 du th\u00e8me, coupl\u00e9 \u00e0 sa pl\u00e9thore de fonctionnalit\u00e9s personnalisables, facilite sans effort la cr\u00e9ation d&rsquo;un site Web unique et personnalis\u00e9 qui est tenu de captiver. De plus, sa mise en page r\u00e9active et son panneau d&rsquo;administration convivial contribuent \u00e0 une exp\u00e9rience sans couture immersive pour l&rsquo;utilisateur et le propri\u00e9taire. Avec un engagement in\u00e9branlable \u00e0 optimiser l&rsquo;exp\u00e9rience utilisateur, WPZoom Indigo se qualifie ind\u00e9niablement comme un atout indispensable pour tout propri\u00e9taire de site Web s&rsquo;effor\u00e7ant d&rsquo;\u00e9lever sa pr\u00e9sence en ligne \u00e0 de nouveaux sommets.<\/p>\n","protected":false},"featured_media":146315,"comment_status":"open","ping_status":"open","template":"","meta":[],"product_brand":[2745],"product_cat":[1220,1212,1213],"product_tag":[2272],"class_list":{"0":"post-123832","1":"product","2":"type-product","3":"status-publish","4":"has-post-thumbnail","6":"product_brand-wp-zoom","7":"product_cat-blog-magazine","8":"product_cat-themes","9":"product_cat-wordpress-themes","10":"product_tag-wp-zoom","11":"member-discount","12":"discount-restricted","14":"first","15":"instock","16":"sale","17":"downloadable","18":"virtual","19":"sold-individually","20":"purchasable","21":"product-type-simple"},"_links":{"self":[{"href":"https:\/\/gpl-love.com\/fr\/wp-json\/wp\/v2\/product\/123832","targetHints":{"allow":["GET"]}}],"collection":[{"href":"https:\/\/gpl-love.com\/fr\/wp-json\/wp\/v2\/product"}],"about":[{"href":"https:\/\/gpl-love.com\/fr\/wp-json\/wp\/v2\/types\/product"}],"replies":[{"embeddable":true,"href":"https:\/\/gpl-love.com\/fr\/wp-json\/wp\/v2\/comments?post=123832"}],"wp:featuredmedia":[{"embeddable":true,"href":"https:\/\/gpl-love.com\/fr\/wp-json\/wp\/v2\/media\/146315"}],"wp:attachment":[{"href":"https:\/\/gpl-love.com\/fr\/wp-json\/wp\/v2\/media?parent=123832"}],"wp:term":[{"taxonomy":"product_brand","embeddable":true,"href":"https:\/\/gpl-love.com\/fr\/wp-json\/wp\/v2\/product_brand?post=123832"},{"taxonomy":"product_cat","embeddable":true,"href":"https:\/\/gpl-love.com\/fr\/wp-json\/wp\/v2\/product_cat?post=123832"},{"taxonomy":"product_tag","embeddable":true,"href":"https:\/\/gpl-love.com\/fr\/wp-json\/wp\/v2\/product_tag?post=123832"}],"curies":[{"name":"wp","href":"https:\/\/api.w.org\/{rel}","templated":true}]}}