{"id":123830,"date":"2025-03-07T00:00:00","date_gmt":"2025-03-06T23:00:00","guid":{"rendered":"https:\/\/gpl-love.com\/fr\/produit\/wpzoom-inspiro\/"},"modified":"2026-03-20T23:52:17","modified_gmt":"2026-03-20T22:52:17","slug":"wpzoom-inspiro","status":"publish","type":"product","link":"https:\/\/gpl-love.com\/fr\/produit\/wpzoom-inspiro\/","title":{"rendered":"WPZoom Inspiro 7.2.7"},"content":{"rendered":"<h3>WPZoom Inspiro Traits<\/h3>\n<p>WPZoom Inspiro est un th\u00e8me WordPress premium exemplaire qui a \u00e9t\u00e9 m\u00e9ticuleusement con\u00e7u pour offrir une interface impeccable et parfaitement int\u00e9gr\u00e9e pour votre site Web estim\u00e9. B\u00e9n\u00e9ficiant d&rsquo;un design de pointe et sophistiqu\u00e9, coupl\u00e9 \u00e0 un \u00e9ventail de fonctionnalit\u00e9s robustes et influentes, ce th\u00e8me est exceptionnellement bien adapt\u00e9 \u00e0 la cr\u00e9ation de portefeuilles impressionnants, de blogs captivants ou m\u00eame de sites Web d&rsquo;entreprise dynamiques. De plus, la nature pleinement r\u00e9active de ce th\u00e8me garantit que votre site Web d\u00e9gage de la magnificence et reste visuellement attrayant sur tous les appareils imaginables. De plus, l&rsquo;inclusion de widgets personnalisables et une multitude d&rsquo;options de mise en page vous permettent de fa\u00e7onner un site Web qui est vraiment unique et d\u00e9gage un air d&rsquo;individualit\u00e9 au milieu d&rsquo;une mer de plateformes en ligne banales. De plus, l&rsquo;int\u00e9gration des capacit\u00e9s des m\u00e9dias sociaux, coupl\u00e9e \u00e0 l&rsquo;optimisation transparente du classement des moteurs de recherche, rend WPZoom Inspiro le choix par excellence pour les personnes exigeantes cherchant \u00e0 forger une pr\u00e9sence en ligne professionnelle et captivante.<\/p>\n<ul>\n<li>Th\u00e8me WordPress premium con\u00e7u avec les photographes et les cr\u00e9atifs \u00e0 l&rsquo;esprit<\/li>\n<li>Propose une conception enti\u00e8rement r\u00e9active, optimis\u00e9e pour la visualisation sur les appareils mobiles<\/li>\n<li>Comprend une gamme de pages et de mod\u00e8les pr\u00e9d\u00e9finis, parfait pour pr\u00e9senter votre photographie ou vos illustrations<\/li>\n<li>Le support de galerie, de curseur et de vid\u00e9o int\u00e9gr\u00e9 vous permet de partager facilement vos visuels avec votre public<\/li>\n<li>Sch\u00e9mas de couleurs personnalisables et polices, afin que vous puissiez adapter le th\u00e8me pour correspondre \u00e0 l&rsquo;esth\u00e9tique de votre marque<\/li>\n<li>Livr\u00e9 avec l&rsquo;int\u00e9gration int\u00e9gr\u00e9e des m\u00e9dias sociaux, permettant un partage facile de votre contenu sur diverses plateformes<\/li>\n<li>L&rsquo;int\u00e9gration WooCommerce vous permet de vendre facilement vos produits ou services en ligne<\/li>\n<li>SEO optimis\u00e9, aidant \u00e0 augmenter la visibilit\u00e9 et le classement de votre site Web sur les moteurs de recherche<\/li>\n<li>Comprend une gamme de fonctionnalit\u00e9s avanc\u00e9es, telles que les types de publication personnalis\u00e9s, plusieurs menus de navigation et des widgets personnalisables<\/li>\n<li>R\u00e9guli\u00e8rement mis \u00e0 jour et entretenu pour assurer la compatibilit\u00e9 avec les derni\u00e8res versions et plugins WordPress.<\/li>\n<\/ul>\n","protected":false},"excerpt":{"rendered":"<p>WPZoom Inspiro est un th\u00e8me WordPress de fa\u00e7on d\u00e9licieusement fa\u00e7onn\u00e9 et contemporain, qui est absolument id\u00e9al pour afficher votre portefeuille imaginatif, votre site Web ou votre site Web d&rsquo;entreprise. Poss\u00e9dant un design impeccable et r\u00e9actif, WPZoom Inspiro accentue votre contenu, le rendant sans effort navigable et captivant pour les visiteurs. Pour am\u00e9liorer davantage votre exp\u00e9rience, vous avez la possibilit\u00e9 d&rsquo;adapter le th\u00e8me pour correspondre \u00e0 vos pr\u00e9f\u00e9rences de marque et de conception, car il offre une pl\u00e9thore d&rsquo;options, y compris divers sch\u00e9mas de couleurs, polices et choix de mise en page. En outre, le th\u00e8me comprend une gamme de fonctionnalit\u00e9s int\u00e9gr\u00e9es, telles qu&rsquo;une page d&rsquo;accueil personnalisable, une page de portefeuille, une page de blog et divers autres, garantissant que la cr\u00e9ation d&rsquo;un site Web comp\u00e9tent et op\u00e9rationnel exige un effort minimal.<\/p>\n","protected":false},"featured_media":146316,"comment_status":"open","ping_status":"open","template":"","meta":[],"product_brand":[2745],"product_cat":[1242,1212,1213],"product_tag":[2272],"class_list":{"0":"post-123830","1":"product","2":"type-product","3":"status-publish","4":"has-post-thumbnail","6":"product_brand-wp-zoom","7":"product_cat-creatif","8":"product_cat-themes","9":"product_cat-wordpress-themes","10":"product_tag-wp-zoom","11":"member-discount","12":"discount-restricted","14":"first","15":"instock","16":"sale","17":"downloadable","18":"virtual","19":"sold-individually","20":"purchasable","21":"product-type-simple"},"_links":{"self":[{"href":"https:\/\/gpl-love.com\/fr\/wp-json\/wp\/v2\/product\/123830","targetHints":{"allow":["GET"]}}],"collection":[{"href":"https:\/\/gpl-love.com\/fr\/wp-json\/wp\/v2\/product"}],"about":[{"href":"https:\/\/gpl-love.com\/fr\/wp-json\/wp\/v2\/types\/product"}],"replies":[{"embeddable":true,"href":"https:\/\/gpl-love.com\/fr\/wp-json\/wp\/v2\/comments?post=123830"}],"wp:featuredmedia":[{"embeddable":true,"href":"https:\/\/gpl-love.com\/fr\/wp-json\/wp\/v2\/media\/146316"}],"wp:attachment":[{"href":"https:\/\/gpl-love.com\/fr\/wp-json\/wp\/v2\/media?parent=123830"}],"wp:term":[{"taxonomy":"product_brand","embeddable":true,"href":"https:\/\/gpl-love.com\/fr\/wp-json\/wp\/v2\/product_brand?post=123830"},{"taxonomy":"product_cat","embeddable":true,"href":"https:\/\/gpl-love.com\/fr\/wp-json\/wp\/v2\/product_cat?post=123830"},{"taxonomy":"product_tag","embeddable":true,"href":"https:\/\/gpl-love.com\/fr\/wp-json\/wp\/v2\/product_tag?post=123830"}],"curies":[{"name":"wp","href":"https:\/\/api.w.org\/{rel}","templated":true}]}}