{"id":123828,"date":"2022-08-16T00:00:00","date_gmt":"2022-08-15T22:00:00","guid":{"rendered":"https:\/\/gpl-love.com\/fr\/produit\/wpzoom-foodica\/"},"modified":"2026-03-20T23:52:13","modified_gmt":"2026-03-20T22:52:13","slug":"wpzoom-foodica","status":"publish","type":"product","link":"https:\/\/gpl-love.com\/fr\/produit\/wpzoom-foodica\/","title":{"rendered":"WPZoom Foodica 4.0.0"},"content":{"rendered":"<h3>WPZoom Foodica Traits<\/h3>\n<p>WPZoom Foodica est un th\u00e8me WordPress de haute qualit\u00e9 et sophistiqu\u00e9 qui a \u00e9t\u00e9 sp\u00e9cifiquement con\u00e7u pour les personnes dans l&rsquo;industrie des blogs alimentaires, les restaurants et d&rsquo;autres entreprises ax\u00e9es sur l&rsquo;alimentation. Avec son design visuellement \u00e9tonnant et contemporain, Foodica est une plate-forme impeccable pour pr\u00e9senter efficacement vos d\u00e9licieuses recettes de photographie alimentaire et d&rsquo;antant de mani\u00e8re organis\u00e9e et esth\u00e9tique. Ce th\u00e8me exceptionnel est \u00e9quip\u00e9 d&rsquo;un outil de g\u00e9n\u00e9rateur de recettes incroyablement robuste, qui vous offre la plus grande commodit\u00e9 pour construire et pr\u00e9senter sans effort vos recettes uniques, avec tous les d\u00e9tails n\u00e9cessaires tels que les ingr\u00e9dients, les \u00e9tapes de pr\u00e9paration et la dur\u00e9e de cuisson. En outre, Foodica fournit \u00e9galement un \u00e9ventail d&rsquo;options de mise en page, de param\u00e8tres de personnalisation et de zones de widgets, vous permettant de personnaliser votre site Web pour refl\u00e9ter votre style individuel et cr\u00e9er une pr\u00e9sence en ligne vraiment distinctive. De plus, il est important de noter que ce th\u00e8me est enti\u00e8rement r\u00e9actif, garantissant que votre site Web s&rsquo;adapte et fonctionne de mani\u00e8re transparente sur tous les appareils, tout en \u00e9tant optimis\u00e9 avec diligence pour que SEO garantit une visibilit\u00e9 accrue et un classement am\u00e9lior\u00e9 des moteurs de recherche. En r\u00e9sum\u00e9, WPZoom Foodica est un choix exceptionnel pour tous ceux qui cherchent \u00e0 \u00e9tablir un site Web professionnel et captivant ax\u00e9 sur les aliments.<\/p>\n<ul>\n<li>WPZoom Foodica est un th\u00e8me WordPress hautement personnalisable con\u00e7u sp\u00e9cialement pour les blogueurs alimentaires et les sites Web de recettes.<\/li>\n<li>Le th\u00e8me pr\u00e9sente un design propre et minimaliste qui place votre contenu avant et au centre.<\/li>\n<li>Avec des options pour plusieurs dispositions et des widgets personnalis\u00e9s, vous pouvez pr\u00e9senter vos recettes et vos photographies alimentaires d&rsquo;une mani\u00e8re qui convient \u00e0 votre marque et \u00e0 votre style.<\/li>\n<li>WPZoom Foodica comprend \u00e9galement des fonctionnalit\u00e9s int\u00e9gr\u00e9es pour l&rsquo;indexation des recettes, les notes et les avis, qui peuvent vous aider \u00e0 \u00e9tablir votre autorit\u00e9 et \u00e0 vous engager avec vos lecteurs.<\/li>\n<li>Le th\u00e8me est enti\u00e8rement r\u00e9actif et optimis\u00e9 pour les temps de chargement rapide, ce qui en fait un choix id\u00e9al pour les utilisateurs mobiles ou ceux qui naviguent sur des connexions plus lentes.<\/li>\n<li>Avec une int\u00e9gration facile avec les plateformes de m\u00e9dias sociaux, WPZoom Foodica peut vous aider \u00e0 d\u00e9velopper une forte pr\u00e9sence sur les r\u00e9seaux sociaux et \u00e0 d\u00e9velopper votre public.<\/li>\n<li>Que vous d\u00e9butiez ou que vous cherchiez \u00e0 faire passer votre blog alimentaire au niveau sup\u00e9rieur, WPZoom Foodica offre une solution facile \u00e0 utiliser pour vos besoins.<\/li>\n<\/ul>\n","protected":false},"excerpt":{"rendered":"<p>Pr\u00e9sentation du remarquable WPZoom Foodica, un th\u00e8me WordPress in\u00e9gal\u00e9 m\u00e9ticuleusement con\u00e7u pour les blogueurs alimentaires exigeants et les experts culinaires accomplis. Ce mod\u00e8le impressionnant est enti\u00e8rement \u00e9quip\u00e9 d&rsquo;une vaste gamme d&rsquo;outils indispensables et de fonctionnalit\u00e9s de pointe qui sont indispensables pour construire un blog ou un site Web alimentaire visuellement captivant, fonctionnel et profond\u00e9ment captivant. Gr\u00e2ce \u00e0 son constructeur de pages \u00e0 glisser-d\u00e9poser remarquablement convivial, \u00e0 des widgets hautement personnalisables et \u00e0 un design remarquablement r\u00e9actif, WPZoom Foodica vous permet de fa\u00e7onner de mani\u00e8re transparente une exp\u00e9rience utilisateur distinctement originale et parfaitement harmonieuse qui est s\u00fbre de captiver et de captiver votre public estim\u00e9. De plus, son esth\u00e9tique de conception rationalis\u00e9e et contemporaine pr\u00e9sentera sans effort vos recettes all\u00e9chantes, vos critiques de restaurants louables et vos conseils culinaires inestimables d&rsquo;une mani\u00e8re extr\u00eamement visuellement \u00e9tonnante et enchanteresse. Ne perdez pas de temps et vous lancez dans votre voyage transformateur aujourd&rsquo;hui, car vous forgez une pr\u00e9sence en ligne ind\u00e9l\u00e9bile par excellence, tout cela gr\u00e2ce au WPZoom Foodica exceptionnel!<\/p>\n","protected":false},"featured_media":146313,"comment_status":"open","ping_status":"open","template":"","meta":[],"product_brand":[2745],"product_cat":[1606,1212,1213],"product_tag":[2272],"class_list":{"0":"post-123828","1":"product","2":"type-product","3":"status-publish","4":"has-post-thumbnail","6":"product_brand-wp-zoom","7":"product_cat-restauration-et-restaurant","8":"product_cat-themes","9":"product_cat-wordpress-themes","10":"product_tag-wp-zoom","11":"member-discount","12":"discount-restricted","14":"first","15":"instock","16":"sale","17":"downloadable","18":"virtual","19":"sold-individually","20":"purchasable","21":"product-type-simple"},"_links":{"self":[{"href":"https:\/\/gpl-love.com\/fr\/wp-json\/wp\/v2\/product\/123828","targetHints":{"allow":["GET"]}}],"collection":[{"href":"https:\/\/gpl-love.com\/fr\/wp-json\/wp\/v2\/product"}],"about":[{"href":"https:\/\/gpl-love.com\/fr\/wp-json\/wp\/v2\/types\/product"}],"replies":[{"embeddable":true,"href":"https:\/\/gpl-love.com\/fr\/wp-json\/wp\/v2\/comments?post=123828"}],"wp:featuredmedia":[{"embeddable":true,"href":"https:\/\/gpl-love.com\/fr\/wp-json\/wp\/v2\/media\/146313"}],"wp:attachment":[{"href":"https:\/\/gpl-love.com\/fr\/wp-json\/wp\/v2\/media?parent=123828"}],"wp:term":[{"taxonomy":"product_brand","embeddable":true,"href":"https:\/\/gpl-love.com\/fr\/wp-json\/wp\/v2\/product_brand?post=123828"},{"taxonomy":"product_cat","embeddable":true,"href":"https:\/\/gpl-love.com\/fr\/wp-json\/wp\/v2\/product_cat?post=123828"},{"taxonomy":"product_tag","embeddable":true,"href":"https:\/\/gpl-love.com\/fr\/wp-json\/wp\/v2\/product_tag?post=123828"}],"curies":[{"name":"wp","href":"https:\/\/api.w.org\/{rel}","templated":true}]}}