{"id":123826,"date":"2022-08-15T00:00:00","date_gmt":"2022-08-14T22:00:00","guid":{"rendered":"https:\/\/gpl-love.com\/fr\/produit\/wpzoom-compass\/"},"modified":"2026-03-20T23:52:11","modified_gmt":"2026-03-20T22:52:11","slug":"wpzoom-compass","status":"publish","type":"product","link":"https:\/\/gpl-love.com\/fr\/produit\/wpzoom-compass\/","title":{"rendered":"WPZoom Compass 1.2.3"},"content":{"rendered":"<h3>WPZoom Compass Traits<\/h3>\n<p>WPZoom Compass est un th\u00e8me WordPress avec une abondance de fonctionnalit\u00e9s puissantes, ce qui en fait un choix id\u00e9al pour les blogueurs, les photographes et les professionnels cr\u00e9atifs qui souhaitent pr\u00e9senter leur travail d&rsquo;une mani\u00e8re \u00e9l\u00e9gante et visuellement frappante. Ce th\u00e8me poss\u00e8de une conception propre et contemporaine, offrant aux utilisateurs des dispositions flexibles et des options de personnalisation conviviales qui facilitent la cr\u00e9ation d&rsquo;un site Web distinct et m\u00e9morable. WPZOOM Compass s&rsquo;adresse \u00e0 diverses fins, qu&rsquo;il s&rsquo;agisse de construire un portfolio, un blog ou une boutique en ligne, car il englobe tous les \u00e9l\u00e9ments n\u00e9cessaires pour commencer. De son g\u00e9n\u00e9rateur de pages glisser-d\u00e9poser intuitif \u00e0 son panneau d&rsquo;options de th\u00e8me complet, WPZoom Compass offre aux utilisateurs le plus grand contr\u00f4le sur l&rsquo;apparence et l&rsquo;ambiance globale de leur site. En substance, si vous recherchez un th\u00e8me WordPress de haut niveau qui m\u00e9lange de mani\u00e8re transparente le style, la fonctionnalit\u00e9 et la convivialit\u00e9, la boussole WPZoom m\u00e9rite tr\u00e8s certainement votre consid\u00e9ration.<\/p>\n<ul>\n<li>Th\u00e8me WordPress de haute qualit\u00e9 con\u00e7u pour les blogueurs et les propri\u00e9taires de petites entreprises<\/li>\n<li>La conception enti\u00e8rement r\u00e9active s&rsquo;adapte \u00e0 n&rsquo;importe quelle taille ou appareil d&rsquo;\u00e9cran<\/li>\n<li>Des options de couleur et de typographie \u00e9tendues pour personnaliser l&rsquo;aspect et la sensation<\/li>\n<li>Post de curseur en vedette et diverses zones de widget pour pr\u00e9senter du contenu<\/li>\n<li>Formulaires d&rsquo;int\u00e9gration et de contact des m\u00e9dias sociaux int\u00e9gr\u00e9s pour une communication facile avec les visiteurs<\/li>\n<li>Comprend un processus d&rsquo;installation facile et une interface conviviale pour la gestion du contenu<\/li>\n<li>S\u00e9o-adapt\u00e9 et optimis\u00e9 pour les temps de chargement de page rapides<\/li>\n<li>Mises \u00e0 jour r\u00e9guli\u00e8res et support d\u00e9di\u00e9 de l&rsquo;\u00e9quipe WPZOOM.<\/li>\n<\/ul>\n","protected":false},"excerpt":{"rendered":"<p>La boussole WPZoom est un th\u00e8me WordPress extr\u00eamement puissant et convivial sp\u00e9cifiquement con\u00e7u pour aider les blogueurs et les propri\u00e9taires de sites Web \u00e0 \u00e9tablir une pr\u00e9sence en ligne absolument \u00e0 couper le souffle. B\u00e9n\u00e9ficiant d&rsquo;un design incroyablement \u00e9l\u00e9gant et contemporain, une disposition intuitive, ainsi qu&rsquo;une gamme d&rsquo;options de personnalisation polyvalente, WPZoom Compass a absolument tout ce dont on pourrait avoir besoin pour pr\u00e9senter efficacement leur contenu et engager activement leurs visiteurs estim\u00e9s. Peu importe que l&rsquo;on exploite un blog de style de vie, un magazine en ligne ou m\u00eame un site Web d&rsquo;entreprise, WPZoom Compass est \u00e9quip\u00e9 d&rsquo;une large gamme d&rsquo;outils extr\u00eamement efficaces et de fonctionnalit\u00e9s inestimables qui sont garanties pour les aider \u00e0 accomplir leurs aspirations \u00e9lev\u00e9es et \u00e0 se diff\u00e9rencier sans effort de la part des masses. En outre, WPZoom Compass solidifie davantage sa position de choix id\u00e9al pour quiconque \u00e0 la recherche d&rsquo;un th\u00e8me WordPress exceptionnellement professionnel et enti\u00e8rement fiable en raison de sa conception tr\u00e8s r\u00e9active, de sa qualit\u00e9 de codage in\u00e9gal\u00e9e et de son niveau de support client in\u00e9gal\u00e9.<\/p>\n","protected":false},"featured_media":146310,"comment_status":"open","ping_status":"open","template":"","meta":[],"product_brand":[2745],"product_cat":[1220,1212,1213],"product_tag":[2272],"class_list":{"0":"post-123826","1":"product","2":"type-product","3":"status-publish","4":"has-post-thumbnail","6":"product_brand-wp-zoom","7":"product_cat-blog-magazine","8":"product_cat-themes","9":"product_cat-wordpress-themes","10":"product_tag-wp-zoom","11":"member-discount","12":"discount-restricted","14":"first","15":"instock","16":"sale","17":"downloadable","18":"virtual","19":"sold-individually","20":"purchasable","21":"product-type-simple"},"_links":{"self":[{"href":"https:\/\/gpl-love.com\/fr\/wp-json\/wp\/v2\/product\/123826","targetHints":{"allow":["GET"]}}],"collection":[{"href":"https:\/\/gpl-love.com\/fr\/wp-json\/wp\/v2\/product"}],"about":[{"href":"https:\/\/gpl-love.com\/fr\/wp-json\/wp\/v2\/types\/product"}],"replies":[{"embeddable":true,"href":"https:\/\/gpl-love.com\/fr\/wp-json\/wp\/v2\/comments?post=123826"}],"wp:featuredmedia":[{"embeddable":true,"href":"https:\/\/gpl-love.com\/fr\/wp-json\/wp\/v2\/media\/146310"}],"wp:attachment":[{"href":"https:\/\/gpl-love.com\/fr\/wp-json\/wp\/v2\/media?parent=123826"}],"wp:term":[{"taxonomy":"product_brand","embeddable":true,"href":"https:\/\/gpl-love.com\/fr\/wp-json\/wp\/v2\/product_brand?post=123826"},{"taxonomy":"product_cat","embeddable":true,"href":"https:\/\/gpl-love.com\/fr\/wp-json\/wp\/v2\/product_cat?post=123826"},{"taxonomy":"product_tag","embeddable":true,"href":"https:\/\/gpl-love.com\/fr\/wp-json\/wp\/v2\/product_tag?post=123826"}],"curies":[{"name":"wp","href":"https:\/\/api.w.org\/{rel}","templated":true}]}}