{"id":123824,"date":"2022-06-30T00:00:00","date_gmt":"2022-06-29T22:00:00","guid":{"rendered":"https:\/\/gpl-love.com\/fr\/produit\/wpzoom-rezzo\/"},"modified":"2026-03-20T23:52:21","modified_gmt":"2026-03-20T22:52:21","slug":"wpzoom-rezzo","status":"publish","type":"product","link":"https:\/\/gpl-love.com\/fr\/produit\/wpzoom-rezzo\/","title":{"rendered":"WPZoom Rezzo 1.0.3"},"content":{"rendered":"<h3>WPZoom Rezzo Traits<\/h3>\n<p>WPZoom Rezzo est un th\u00e8me WordPress extr\u00eamement polyvalent qui offre aux utilisateurs une pl\u00e9thore d&rsquo;options lorsqu&rsquo;il s&rsquo;agit de concevoir leur site Web. B\u00e9n\u00e9ficiant d&rsquo;un design moderne et \u00e9l\u00e9gant, ce th\u00e8me permet aux individus de cr\u00e9er facilement une pr\u00e9sence en ligne qui est non seulement visuellement attrayante mais s&rsquo;aligne \u00e9galement parfaitement avec leur identit\u00e9 de marque. Gr\u00e2ce \u00e0 son interface intuitive et \u00e0 ses fonctionnalit\u00e9s personnalisables, la navigation et la modification de ce th\u00e8me est une brise absolue. Que vous soyez un propri\u00e9taire d&rsquo;entreprise, un blogueur ou un professionnel cr\u00e9atif, WPZoom Rezzo vous a couvert avec son large \u00e9ventail de mod\u00e8les pr\u00e9d\u00e9finis et des possibilit\u00e9s de personnalisation illimit\u00e9es. Ce qui distingue ce th\u00e8me du reste, c&rsquo;est son engagement envers les performances et l&rsquo;optimisation du r\u00e9f\u00e9rencement. Avec WPZoom Rezzo, vous pouvez \u00eatre assur\u00e9 que votre site Web chargera la foudre et atteindra un classement \u00e9lev\u00e9 des r\u00e9sultats du moteur de recherche. En conclusion, WPZoom Rezzo se d\u00e9marque comme un choix exceptionnel pour les personnes \u00e0 la recherche d&rsquo;un th\u00e8me WordPress de premier ordre qui combine sans effort le professionnalisme avec la convivialit\u00e9.<\/p>\n<ul>\n<li>Th\u00e8me WordPress premium con\u00e7u pour les blogueurs professionnels et les sites Web de magazines en ligne<\/li>\n<li>Disposition flexible et personnalisable avec plusieurs options de mise en page<\/li>\n<li>Parfait pour pr\u00e9senter du contenu visuel avec des images et des galeries en vedette en plein \u00e9cran<\/li>\n<li>Optimis\u00e9 pour la vitesse et les performances avec un code propre et efficace<\/li>\n<li>Comprend des fonctionnalit\u00e9s de r\u00e9f\u00e9rencement int\u00e9gr\u00e9es pour une optimisation facile et des classements de moteur de recherche plus \u00e9lev\u00e9s<\/li>\n<li>Int\u00e9gr\u00e9 aux plateformes de m\u00e9dias sociaux populaires pour un partage et un engagement faciles<\/li>\n<li>Prend en charge plusieurs formats de publication, y compris la vid\u00e9o, l&rsquo;audio et les citations<\/li>\n<li>Comprend des widgets personnalis\u00e9s et des shortcodes pour des fonctionnalit\u00e9s et des options de conception suppl\u00e9mentaires<\/li>\n<li>Interface facile \u00e0 utiliser et conviviale pour la personnalisation et la gestion transparentes<\/li>\n<li>Documentation compl\u00e8te et soutien ont fourni une exp\u00e9rience sans tracas.<\/li>\n<\/ul>\n","protected":false},"excerpt":{"rendered":"<p>WPZOOM Rezzo est un th\u00e8me WordPress incroyablement polyvalent et extr\u00eamement puissant qui a \u00e9t\u00e9 m\u00e9ticuleusement con\u00e7u pour r\u00e9pondre \u00e0 un large \u00e9ventail de sites Web, quelle que soit leur nature. B\u00e9n\u00e9ficiant d&rsquo;un design de pointe et parfaitement \u00e9l\u00e9gant, ce th\u00e8me d\u00e9gage une ambiance contemporaine irr\u00e9sistible \u00e0 l&rsquo;\u0153il. Non seulement il propose des dispositions personnalisables qui peuvent \u00eatre adapt\u00e9es pour r\u00e9pondre \u00e0 vos pr\u00e9f\u00e9rences et exigences uniques, mais il a \u00e9galement un punch en ce qui concerne sa fonctionnalit\u00e9 remarquable. Avec WPZoom Rezzo \u00e0 votre disposition, la fa\u00e7onner sans effort un site Web hautement professionnel qui captive vos visiteurs et promeut efficacement votre marque devient une brise absolue. Peu importe que vous vous classiez comme un blogueur d\u00e9vou\u00e9, un propri\u00e9taire d&rsquo;entreprise ambitieux ou un professionnel cr\u00e9atif profond\u00e9ment innovant, soyez assur\u00e9 que WPZOOM Rezzo vous dotera de tout ce dont vous pourriez avoir besoin pour vous assurer que votre site Web brille et se d\u00e9marque en bonne place dans le vaste \u00e9tendue du domaine en ligne.<\/p>\n","protected":false},"featured_media":146321,"comment_status":"open","ping_status":"open","template":"","meta":[],"product_brand":[2745],"product_cat":[1242,1212,1213],"product_tag":[2272],"class_list":{"0":"post-123824","1":"product","2":"type-product","3":"status-publish","4":"has-post-thumbnail","6":"product_brand-wp-zoom","7":"product_cat-creatif","8":"product_cat-themes","9":"product_cat-wordpress-themes","10":"product_tag-wp-zoom","11":"member-discount","12":"discount-restricted","14":"first","15":"instock","16":"sale","17":"downloadable","18":"virtual","19":"sold-individually","20":"purchasable","21":"product-type-simple"},"_links":{"self":[{"href":"https:\/\/gpl-love.com\/fr\/wp-json\/wp\/v2\/product\/123824","targetHints":{"allow":["GET"]}}],"collection":[{"href":"https:\/\/gpl-love.com\/fr\/wp-json\/wp\/v2\/product"}],"about":[{"href":"https:\/\/gpl-love.com\/fr\/wp-json\/wp\/v2\/types\/product"}],"replies":[{"embeddable":true,"href":"https:\/\/gpl-love.com\/fr\/wp-json\/wp\/v2\/comments?post=123824"}],"wp:featuredmedia":[{"embeddable":true,"href":"https:\/\/gpl-love.com\/fr\/wp-json\/wp\/v2\/media\/146321"}],"wp:attachment":[{"href":"https:\/\/gpl-love.com\/fr\/wp-json\/wp\/v2\/media?parent=123824"}],"wp:term":[{"taxonomy":"product_brand","embeddable":true,"href":"https:\/\/gpl-love.com\/fr\/wp-json\/wp\/v2\/product_brand?post=123824"},{"taxonomy":"product_cat","embeddable":true,"href":"https:\/\/gpl-love.com\/fr\/wp-json\/wp\/v2\/product_cat?post=123824"},{"taxonomy":"product_tag","embeddable":true,"href":"https:\/\/gpl-love.com\/fr\/wp-json\/wp\/v2\/product_tag?post=123824"}],"curies":[{"name":"wp","href":"https:\/\/api.w.org\/{rel}","templated":true}]}}