{"id":123822,"date":"2023-01-25T00:00:00","date_gmt":"2023-01-24T23:00:00","guid":{"rendered":"https:\/\/gpl-love.com\/fr\/produit\/wpzoom-inspiro-pro\/"},"modified":"2026-03-20T23:52:18","modified_gmt":"2026-03-20T22:52:18","slug":"wpzoom-inspiro-pro","status":"publish","type":"product","link":"https:\/\/gpl-love.com\/fr\/produit\/wpzoom-inspiro-pro\/","title":{"rendered":"WPZoom Inspiro Pro 1.9.0"},"content":{"rendered":"<h3>WPZoom Inspiro Pro Traits<\/h3>\n<p>WPZoom Inspiro Pro est un th\u00e8me WordPress exceptionnel qui a \u00e9t\u00e9 m\u00e9ticuleusement con\u00e7u pour pr\u00e9senter votre portfolio, blog ou entreprise de mani\u00e8re tr\u00e8s professionnelle et sophistiqu\u00e9e. Sa conception est enti\u00e8rement r\u00e9active, garantissant que votre site Web d\u00e9gagera un attrait esth\u00e9tique remarquable sur tout appareil, que ce soit un ordinateur de bureau, une tablette ou un smartphone. Ce th\u00e8me offre une abondance d&rsquo;options de personnalisation, englobant plusieurs dispositions de page d&rsquo;accueil, des formats de poste et des widgets personnalis\u00e9s, vous accordant ainsi la possibilit\u00e9 de fa\u00e7onner une pr\u00e9sence en ligne vraiment distinctive et personnalis\u00e9e. L&rsquo;inclusion d&rsquo;une fonction de curseur int\u00e9gr\u00e9e est particuli\u00e8rement avantageuse car elle facilite la vitrine de vos meilleures \u0153uvres ou la projecteur de vos derniers articles. En outre, le th\u00e8me poss\u00e8de une compatibilit\u00e9 WooCommerce, permettant ainsi une int\u00e9gration sans effort avec les magasins en ligne. En conclusion, WPZoom Inspiro Pro est un th\u00e8me incroyablement polyvalent et convivial qui est garanti pour am\u00e9liorer consid\u00e9rablement la pr\u00e9sence en ligne de quiconque.<\/p>\n<ul>\n<li>Th\u00e8me WordPress \u00e9l\u00e9gant et moderne con\u00e7u pour les professionnels cr\u00e9atifs<\/li>\n<li>Compatible avec les appareils de bureau et mobiles, assurant une exp\u00e9rience utilisateur transparente pour tous les visiteurs<\/li>\n<li>Livr\u00e9 avec une vari\u00e9t\u00e9 de mod\u00e8les personnalisables et de dispositions de page, vous permettant de cr\u00e9er votre site Web exactement lorsque vous envisagez<\/li>\n<li>La fonction de diaporama de h\u00e9ros int\u00e9gr\u00e9 vous permet de pr\u00e9senter votre meilleur travail ou de mettre en surbrillance les informations cl\u00e9s avant et au centre<\/li>\n<li>Les zones de widget flexibles vous donnent la possibilit\u00e9 d&rsquo;ajouter du contenu et des fonctionnalit\u00e9s personnalis\u00e9s \u00e0 votre site, ce qui le rend vraiment unique<\/li>\n<li>Construit en utilisant les derni\u00e8res normes de codage et optimis\u00e9 pour la vitesse et les performances pour vous assurer que votre site reste rapide et r\u00e9actif m\u00eame \u00e0 mesure qu&rsquo;il grandit<\/li>\n<li>Une large gamme d&rsquo;options de personnalisation, y compris des sch\u00e9mas de couleurs, des choix de polices, etc., facilite la cr\u00e9ation d&rsquo;un site Web qui refl\u00e8te parfaitement votre marque et votre style<\/li>\n<li>Des fonctionnalit\u00e9s adapt\u00e9es aux d\u00e9veloppeurs comme les crochets et les filtres personnalis\u00e9s vous donnent encore plus de contr\u00f4le sur la fonctionnalit\u00e9 et la conception de votre site<\/li>\n<li>RECLUMENT MISE \u00c0 JOUR AVEC DE LA NOUVELLES DE NOUVELLES ET DE LES BOGES POUR SOURIEMENT VOTRE SITE RESTER AVEC LES DERNI\u00c8RES TENDANCES ET LES MEILLEURES PRATIQUES WORDPRESS.<\/li>\n<\/ul>\n","protected":false},"excerpt":{"rendered":"<p>WPZoom Inspiro Pro est un th\u00e8me WordPress d\u00e9licatement con\u00e7u, avec un design sans faille qui est impeccablement adapt\u00e9 \u00e0 la pr\u00e9sentation de votre portfolio ou de vos efforts cr\u00e9atifs. Avec sa disposition \u00e9l\u00e9gante et contemporaine, Inspiro Pro garantit sans effort que votre contenu se d\u00e9marque non seulement de la foule, mais capture \u00e9galement l&rsquo;attention indivise de votre public estim\u00e9. Que vous soyez un photographe en herbe, un designer visionnaire ou un artiste ing\u00e9nieux, ce th\u00e8me remarquable sert d&rsquo;outil par excellence pour afficher efficacement votre travail d&rsquo;une mani\u00e8re exceptionnellement professionnelle et visuellement captivante. De plus, ce th\u00e8me remarquable est \u00e9quip\u00e9 d&rsquo;une pl\u00e9thore de fonctionnalit\u00e9s puissantes, y compris les arri\u00e8re-plans vid\u00e9o int\u00e9gr\u00e9s, un module de portfolio ing\u00e9nieux et une compatibilit\u00e9 transparente avec WooCommerce, vous permettant ainsi d&rsquo;\u00e9tablir et de g\u00e9rer sans effort et de g\u00e9rer avec succ\u00e8s des sites Web de commerce \u00e9lectronique. Saisissez l&rsquo;opportunit\u00e9 d&rsquo;\u00e9lever la conception de votre site Web \u00e0 des hauteurs sans pr\u00e9c\u00e9dent en obtenant le WPZOOM Inspiro Pro aujourd&rsquo;hui inspirant.<\/p>\n","protected":false},"featured_media":146317,"comment_status":"open","ping_status":"open","template":"","meta":[],"product_brand":[2745],"product_cat":[1242,1212,1213],"product_tag":[2272],"class_list":{"0":"post-123822","1":"product","2":"type-product","3":"status-publish","4":"has-post-thumbnail","6":"product_brand-wp-zoom","7":"product_cat-creatif","8":"product_cat-themes","9":"product_cat-wordpress-themes","10":"product_tag-wp-zoom","11":"member-discount","12":"discount-restricted","14":"first","15":"instock","16":"sale","17":"downloadable","18":"virtual","19":"sold-individually","20":"purchasable","21":"product-type-simple"},"_links":{"self":[{"href":"https:\/\/gpl-love.com\/fr\/wp-json\/wp\/v2\/product\/123822","targetHints":{"allow":["GET"]}}],"collection":[{"href":"https:\/\/gpl-love.com\/fr\/wp-json\/wp\/v2\/product"}],"about":[{"href":"https:\/\/gpl-love.com\/fr\/wp-json\/wp\/v2\/types\/product"}],"replies":[{"embeddable":true,"href":"https:\/\/gpl-love.com\/fr\/wp-json\/wp\/v2\/comments?post=123822"}],"wp:featuredmedia":[{"embeddable":true,"href":"https:\/\/gpl-love.com\/fr\/wp-json\/wp\/v2\/media\/146317"}],"wp:attachment":[{"href":"https:\/\/gpl-love.com\/fr\/wp-json\/wp\/v2\/media?parent=123822"}],"wp:term":[{"taxonomy":"product_brand","embeddable":true,"href":"https:\/\/gpl-love.com\/fr\/wp-json\/wp\/v2\/product_brand?post=123822"},{"taxonomy":"product_cat","embeddable":true,"href":"https:\/\/gpl-love.com\/fr\/wp-json\/wp\/v2\/product_cat?post=123822"},{"taxonomy":"product_tag","embeddable":true,"href":"https:\/\/gpl-love.com\/fr\/wp-json\/wp\/v2\/product_tag?post=123822"}],"curies":[{"name":"wp","href":"https:\/\/api.w.org\/{rel}","templated":true}]}}