{"id":123820,"date":"2022-10-25T00:00:00","date_gmt":"2022-10-24T22:00:00","guid":{"rendered":"https:\/\/gpl-love.com\/fr\/produit\/wpzoom-cookely\/"},"modified":"2026-03-20T23:52:12","modified_gmt":"2026-03-20T22:52:12","slug":"wpzoom-cookely","status":"publish","type":"product","link":"https:\/\/gpl-love.com\/fr\/produit\/wpzoom-cookely\/","title":{"rendered":"WPZoom Cookely 1.1.4"},"content":{"rendered":"<h3>WPZoom Cookely Traits<\/h3>\n<p>WPZoom Cookely est un th\u00e8me WordPress exceptionnellement riche en fonctionnalit\u00e9s, m\u00e9ticuleusement con\u00e7u pour r\u00e9pondre aux besoins des blogueurs et des chefs alimentaires, leur permettant de pr\u00e9senter sans effort leurs recettes d\u00e9licieuses d&rsquo;une mani\u00e8re tr\u00e8s professionnelle et esth\u00e9tique. Ce th\u00e8me extraordinaire poss\u00e8de un vaste \u00e9ventail d&rsquo;options de personnalisation, englobant plusieurs dispositions de page d&rsquo;accueil, un assortiment de mod\u00e8les d&rsquo;index de recettes et une vaste s\u00e9lection de sch\u00e9mas de couleurs captivants. Cookely permet aux utilisateurs d&rsquo;incorporer de mani\u00e8re transparente des cartes de recettes, des tutoriels vid\u00e9o et des listes d&rsquo;ingr\u00e9dients dans leurs messages, facilitant ainsi une exp\u00e9rience compr\u00e9hensible sans effort pour leurs lecteurs passionn\u00e9s. De plus, ce th\u00e8me remarquable est ing\u00e9nieusement con\u00e7u pour \u00eatre pleinement r\u00e9actif et engendrera sans effort un attrait visuel impressionnant \u00e0 travers un vaste \u00e9ventail d&rsquo;appareils. Essentiellement, WPZoom Cookely est une fusion in\u00e9gal\u00e9e de puissance et de convivialit\u00e9, fournissant tous les outils indispensables dont un blogueur alimentaire exigeant a besoin, leur permettant de fabriquer un site Web ind\u00e9niablement visuellement \u00e9tonnant et profond\u00e9ment engageant \u00e0 leur public ch\u00e9ri.<\/p>\n<ul>\n<li>WPZoom Cookely est un plugin de recettes WordPress con\u00e7u pour aider les blogueurs alimentaires et les propri\u00e9taires de sites Web \u00e0 cr\u00e9er des cartes de recettes attrayantes et \u00e0 pr\u00e9senter leurs recettes de mani\u00e8re organis\u00e9e.<\/li>\n<li>Ajoutez facilement des recettes et des ingr\u00e9dients \u00e0 votre site Web via l&rsquo;interface conviviale.<\/li>\n<li>Choisissez parmi plusieurs styles de carte de recette pour correspondre \u00e0 l&rsquo;esth\u00e9tique de votre site Web.<\/li>\n<li>Utilisez des fonctionnalit\u00e9s de glisser-d\u00e9poser pour r\u00e9organiser l&rsquo;ordre des \u00e9tapes de recette et ajouter des images.<\/li>\n<li>Cr\u00e9ez des cat\u00e9gories de recettes personnalis\u00e9es pour organiser vos recettes et faciliter la recherche de votre public plus facilement.<\/li>\n<li>La planification des repas est facilit\u00e9e avec la possibilit\u00e9 d&rsquo;ajouter des recettes \u00e0 un calendrier et de cr\u00e9er une liste d&rsquo;\u00e9picerie.<\/li>\n<li>Le plugin est optimis\u00e9 pour le r\u00e9f\u00e9rencement, garantissant que vos recettes peuvent \u00eatre facilement trouv\u00e9es dans les r\u00e9sultats de recherche.<\/li>\n<li>Ajoutez des informations nutritionnelles \u00e0 vos recettes pour les rendre plus informatives et utiles.<\/li>\n<li>WPZoom Cookely est enti\u00e8rement r\u00e9actif, ce qui signifie qu&rsquo;il a fi\u00e8re allure sur n&rsquo;importe quel appareil.<\/li>\n<li>Le plugin est compatible avec la plupart des th\u00e8mes et plugins WordPress, ce qui facilite l&rsquo;int\u00e9gration dans votre site Web existant.<\/li>\n<\/ul>\n","protected":false},"excerpt":{"rendered":"<p>WPZoom Cookely est un th\u00e8me WordPress extr\u00eamement robuste qui a \u00e9t\u00e9 m\u00e9ticuleusement con\u00e7u dans le but de r\u00e9pondre aux besoins et aux pr\u00e9f\u00e9rences uniques des blogueurs alimentaires estim\u00e9s et des ferventes passionn\u00e9s de cuisine. En se vantant d&rsquo;un design immacul\u00e9 et contemporain, Cookly vous permet sans effort de montrer et de pr\u00e9senter sans effort vos recettes d\u00e9licieuses et vos chefs-d&rsquo;\u0153uvre culinaires de mani\u00e8re esth\u00e9tique, tout en assurant une navigation transparente pour vos visiteurs pr\u00e9cieux. Ce th\u00e8me remarquable est rempli d&rsquo;une vaste gamme de fonctionnalit\u00e9s coup\u00e9es d\u00e9licieusement, qui ont \u00e9t\u00e9 soigneusement organis\u00e9es pour r\u00e9pondre aux exigences sp\u00e9cifiques de la communaut\u00e9 des blogs alimentaires estim\u00e9s. Immergez-vous dans la pure \u00e9l\u00e9gance des cartes de recettes, un indice de recette m\u00e9ticuleusement organis\u00e9 et des galeries d&rsquo;images captivantes qui captivent sans effort l&rsquo;imagination. Que vous soyez un chef professionnel chevronn\u00e9 ou un ardent cuisinier \u00e0 la maison avec une passion insatiable pour tout ce qui est culinaire, la magnificence in\u00e9gal\u00e9e de WPZoom Cookely sera sans aucun doute votre compagnon le plus inestimable lorsque vous vous lancez dans votre noble voyage de partage de votre amour et de votre expertise in\u00e9gal\u00e9s Pour l&rsquo;art de la cuisine avec le monde entier.<\/p>\n","protected":false},"featured_media":146311,"comment_status":"open","ping_status":"open","template":"","meta":[],"product_brand":[2745],"product_cat":[1606,1212,1213],"product_tag":[2272],"class_list":{"0":"post-123820","1":"product","2":"type-product","3":"status-publish","4":"has-post-thumbnail","6":"product_brand-wp-zoom","7":"product_cat-restauration-et-restaurant","8":"product_cat-themes","9":"product_cat-wordpress-themes","10":"product_tag-wp-zoom","11":"member-discount","12":"discount-restricted","14":"first","15":"instock","16":"sale","17":"downloadable","18":"virtual","19":"sold-individually","20":"purchasable","21":"product-type-simple"},"_links":{"self":[{"href":"https:\/\/gpl-love.com\/fr\/wp-json\/wp\/v2\/product\/123820","targetHints":{"allow":["GET"]}}],"collection":[{"href":"https:\/\/gpl-love.com\/fr\/wp-json\/wp\/v2\/product"}],"about":[{"href":"https:\/\/gpl-love.com\/fr\/wp-json\/wp\/v2\/types\/product"}],"replies":[{"embeddable":true,"href":"https:\/\/gpl-love.com\/fr\/wp-json\/wp\/v2\/comments?post=123820"}],"wp:featuredmedia":[{"embeddable":true,"href":"https:\/\/gpl-love.com\/fr\/wp-json\/wp\/v2\/media\/146311"}],"wp:attachment":[{"href":"https:\/\/gpl-love.com\/fr\/wp-json\/wp\/v2\/media?parent=123820"}],"wp:term":[{"taxonomy":"product_brand","embeddable":true,"href":"https:\/\/gpl-love.com\/fr\/wp-json\/wp\/v2\/product_brand?post=123820"},{"taxonomy":"product_cat","embeddable":true,"href":"https:\/\/gpl-love.com\/fr\/wp-json\/wp\/v2\/product_cat?post=123820"},{"taxonomy":"product_tag","embeddable":true,"href":"https:\/\/gpl-love.com\/fr\/wp-json\/wp\/v2\/product_tag?post=123820"}],"curies":[{"name":"wp","href":"https:\/\/api.w.org\/{rel}","templated":true}]}}