{"id":123818,"date":"2022-06-30T00:00:00","date_gmt":"2022-06-29T22:00:00","guid":{"rendered":"https:\/\/gpl-love.com\/fr\/produit\/wpzoom-gourmand\/"},"modified":"2026-03-20T23:52:15","modified_gmt":"2026-03-20T22:52:15","slug":"wpzoom-gourmand","status":"publish","type":"product","link":"https:\/\/gpl-love.com\/fr\/produit\/wpzoom-gourmand\/","title":{"rendered":"WPZoom Gourmand 1.0.11"},"content":{"rendered":"<h3>WPZoom Gourmand Traits<\/h3>\n<p>Wpzoom Gourmand, un th\u00e8me WordPress remarquablement polyvalent et extr\u00eamement puissant, a \u00e9t\u00e9 con\u00e7u de mani\u00e8re experte et sp\u00e9cifiquement adapt\u00e9e pour r\u00e9pondre aux besoins et aux d\u00e9sirs des blogueurs alimentaires et des personnes qui poss\u00e8dent une profonde passion pour les arts culinaires. Son design \u00e9l\u00e9gant et moderne, caract\u00e9ris\u00e9 par son \u00e9l\u00e9gance inh\u00e9rente, sert de plate-forme in\u00e9gal\u00e9e dans laquelle vous pouvez pr\u00e9senter et pr\u00e9senter votre r\u00e9pertoire exquis des recettes d\u00e9licieuses, une photographie alimentaire captivante et des conseils de cuisine inestimables d&rsquo;une mani\u00e8re qui est captivante et intrins\u00e8quement professionnelle. Ce th\u00e8me remarquable poss\u00e8de un assortiment impressionnant de mod\u00e8les de pages con\u00e7us, garantissant que vous avez de nombreux choix \u00e0 s\u00e9lectionner lors de la fabrication de votre chef-d&rsquo;\u0153uvre culinaire. En outre, il vous pr\u00e9sente un \u00e9ventail de widgets personnalisables et de fonctionnalit\u00e9s inestimables, y compris des cartes de recettes et un indice de recette int\u00e9gr\u00e9, qui am\u00e9liore sans effort la fonctionnalit\u00e9 globale et la navigabilit\u00e9 de votre site Web. De plus, WPZoom Gourmand est tr\u00e8s fier d&rsquo;\u00eatre pleinement r\u00e9actif, garantissant que votre pr\u00e9cieux contenu est parfaitement affich\u00e9 et impeccablement pr\u00e9sent\u00e9 dans une vaste gamme d&rsquo;appareils. Sans l&rsquo;ombre d&rsquo;un doute, que vous soyez un maestro culinaire accompli ou un cuisinier passionn\u00e9, une chose reste clairement claire: Wpzoom Gourmand est, sans \u00e9quivoque, le choix par excellence pour les individus qui cherchent \u00e0 cr\u00e9er un aliment \u00e0 couper le souffle, esth\u00e9tiquement agr\u00e9able et extr\u00eamement pratique des aliments pratiques immense Blog qui capture avec succ\u00e8s les c\u0153urs et les palais de votre public averti.<\/p>\n<ul>\n<li>Th\u00e8me WordPress premium sp\u00e9cialement con\u00e7u pour les blogueurs alimentaires ou les sites Web li\u00e9s \u00e0 l&rsquo;alimentation<\/li>\n<li>Design simple et propre en mettant l&rsquo;accent sur la photographie alimentaire de haute qualit\u00e9<\/li>\n<li>Livr\u00e9 avec une gamme de mod\u00e8les pr\u00e9-con\u00e7us pour les pages de recettes, les galeries alimentaires et les articles de blog<\/li>\n<li>Builder de page de glisser-d\u00e9poser facile \u00e0 utiliser pour personnaliser la disposition et le contenu de votre site Web<\/li>\n<li>Enti\u00e8rement r\u00e9actif et optimis\u00e9 pour tous les appareils, y compris les smartphones et les tablettes<\/li>\n<li>Support de carte de recette int\u00e9gr\u00e9 avec listes d&rsquo;ingr\u00e9dients, temps de cuisson et informations nutritionnelles<\/li>\n<li>Code de r\u00e9f\u00e9rencement et fonctionnalit\u00e9s d&rsquo;optimisation int\u00e9gr\u00e9es pour am\u00e9liorer le classement des moteurs de recherche de votre site Web<\/li>\n<li>Compatible avec des plugins populaires comme Yoast SEO, Jetpack et WooCommerce pour des fonctionnalit\u00e9s suppl\u00e9mentaires<\/li>\n<li>Support client d\u00e9di\u00e9 et mises \u00e0 jour fr\u00e9quentes pour assurer la meilleure exp\u00e9rience possible pour les utilisateurs.<\/li>\n<\/ul>\n","protected":false},"excerpt":{"rendered":"<p>Wpzoom Gourmand est un th\u00e8me WordPress exceptionnel m\u00e9ticuleusement con\u00e7u pour r\u00e9pondre aux besoins des blogueurs alimentaires, des chefs et des passionn\u00e9s culinaires qui sont passionn\u00e9s par la pr\u00e9sentation de leurs cr\u00e9ations d\u00e9licieuses. Ce th\u00e8me premium poss\u00e8de un design \u00e9l\u00e9gant et contemporain qui met parfaitement met en \u00e9vidence la photographie et les recettes alimentaires, ce qui leur permet d&rsquo;\u00eatre pr\u00e9sent\u00e9 de mani\u00e8re la plus attrayante visuellement possible. Ce qui distingue WPZoom Gourmand de ses concurrents, c&rsquo;est sa vaste gamme d&rsquo;options de personnalisation, garantissant que les utilisateurs peuvent adapter le th\u00e8me en fonction de leurs pr\u00e9f\u00e9rences uniques sans effort. D&rsquo;un \u00e9ventail de sch\u00e9mas de couleurs captivants \u00e0 une abondance de choix de polices et de zones de widgets, ce th\u00e8me donne aux utilisateurs la libert\u00e9 de personnaliser leur plate-forme au d\u00e9sir de leur c\u0153ur. De plus, WPZoom Gourmand offre une prise en charge int\u00e9gr\u00e9e pour les cartes de recettes, simplifiant le processus d&rsquo;affichage des recettes avec tous les d\u00e9tails essentiels. Avec ce th\u00e8me remarquable, votre blog alimentaire d\u00e9gagera un sentiment de professionnalisme et de chaleur qui ne captivera pas et attirera vos lecteurs, ce qui en fait un atout indispensable \u00e0 vos efforts culinaires en ligne.<\/p>\n","protected":false},"featured_media":146314,"comment_status":"open","ping_status":"open","template":"","meta":[],"product_brand":[2745],"product_cat":[1606,1212,1213],"product_tag":[2272],"class_list":{"0":"post-123818","1":"product","2":"type-product","3":"status-publish","4":"has-post-thumbnail","6":"product_brand-wp-zoom","7":"product_cat-restauration-et-restaurant","8":"product_cat-themes","9":"product_cat-wordpress-themes","10":"product_tag-wp-zoom","11":"member-discount","12":"discount-restricted","14":"first","15":"instock","16":"sale","17":"downloadable","18":"virtual","19":"sold-individually","20":"purchasable","21":"product-type-simple"},"_links":{"self":[{"href":"https:\/\/gpl-love.com\/fr\/wp-json\/wp\/v2\/product\/123818","targetHints":{"allow":["GET"]}}],"collection":[{"href":"https:\/\/gpl-love.com\/fr\/wp-json\/wp\/v2\/product"}],"about":[{"href":"https:\/\/gpl-love.com\/fr\/wp-json\/wp\/v2\/types\/product"}],"replies":[{"embeddable":true,"href":"https:\/\/gpl-love.com\/fr\/wp-json\/wp\/v2\/comments?post=123818"}],"wp:featuredmedia":[{"embeddable":true,"href":"https:\/\/gpl-love.com\/fr\/wp-json\/wp\/v2\/media\/146314"}],"wp:attachment":[{"href":"https:\/\/gpl-love.com\/fr\/wp-json\/wp\/v2\/media?parent=123818"}],"wp:term":[{"taxonomy":"product_brand","embeddable":true,"href":"https:\/\/gpl-love.com\/fr\/wp-json\/wp\/v2\/product_brand?post=123818"},{"taxonomy":"product_cat","embeddable":true,"href":"https:\/\/gpl-love.com\/fr\/wp-json\/wp\/v2\/product_cat?post=123818"},{"taxonomy":"product_tag","embeddable":true,"href":"https:\/\/gpl-love.com\/fr\/wp-json\/wp\/v2\/product_tag?post=123818"}],"curies":[{"name":"wp","href":"https:\/\/api.w.org\/{rel}","templated":true}]}}