{"id":123807,"date":"2023-04-06T00:00:00","date_gmt":"2023-04-05T22:00:00","guid":{"rendered":"https:\/\/gpl-love.com\/fr\/produit\/groppe-nonprofit-wordpress-theme\/"},"modified":"2026-03-20T23:19:11","modified_gmt":"2026-03-20T22:19:11","slug":"groppe-nonprofit-wordpress-theme","status":"publish","type":"product","link":"https:\/\/gpl-love.com\/fr\/produit\/groppe-nonprofit-wordpress-theme\/","title":{"rendered":"Groppe Nonprofit WordPress Theme 2.9"},"content":{"rendered":"<h3>Groppe Nonprofit WordPress Theme Traits<\/h3>\n<p>Le th\u00e8me WordPress \u00e0 but non lucratif GroPpe, un th\u00e8me WordPress tr\u00e8s polyvalent et tr\u00e8s riche en fonctionnalit\u00e9s, a \u00e9t\u00e9 m\u00e9ticuleusement con\u00e7u pour r\u00e9pondre exclusivement aux exigences uniques des organisations \u00e0 but non lucratif. Ce th\u00e8me remarquable comprend une abondance de fonctionnalit\u00e9s et de fonctionnalit\u00e9s personnalisables, ce qui permet aux utilisateurs de cr\u00e9er et de g\u00e9rer sans effort leurs sites Web. Notamment, le th\u00e8me a \u00e9t\u00e9 m\u00e9ticuleusement optimis\u00e9 pour assurer une vitesse et des performances in\u00e9gal\u00e9es, garantissant que votre site Web se chargera rapidement et de mani\u00e8re transparente. De plus, le th\u00e8me WordPress \u00e0 but non lucratif GROPPE est \u00e9quip\u00e9 d&rsquo;une multitude de mod\u00e8les de pages, de widgets et de shortcodes, vous permettant ainsi de g\u00e9n\u00e9rer sans effort un \u00e9ventail diversifi\u00e9 de pages, y compris, mais sans s&rsquo;y limiter, les pages de dons, les pages d&rsquo;\u00e9v\u00e9nements et les pages b\u00e9n\u00e9voles. Ce th\u00e8me exceptionnel facilite la mise en \u00e9vidence transparente de la mission et de l&rsquo;impact de votre organisation, de la pr\u00e9sentation importante de votre \u00e9quipe et de vos b\u00e9n\u00e9voles, ainsi que de la promotion efficace de vos \u00e9v\u00e9nements et campagnes. Ind\u00e9niablement, le th\u00e8me WordPress \u00e0 but non lucratif groppe est un outil extr\u00eamement puissant et extr\u00eamement adaptable qui vous aidera \u00e0 cr\u00e9er une pr\u00e9sence en ligne exceptionnellement professionnelle et captivante pour votre organisation \u00e0 but non lucratif estim\u00e9e.<\/p>\n<ul>\n<li>Th\u00e8me WordPress con\u00e7u sur mesure sp\u00e9cifiquement pour les organisations \u00e0 but non lucratif<\/li>\n<li>Conception r\u00e9active qui a fi\u00e8re allure sur tous les appareils, y compris le mobile<\/li>\n<li>Comprend toutes les fonctionnalit\u00e9s et fonctionnalit\u00e9s n\u00e9cessaires pour les organisations \u00e0 but non lucratif, telles que les pages de dons, les calendriers d&rsquo;\u00e9v\u00e9nements et les inscriptions de b\u00e9n\u00e9voles<\/li>\n<li>Options de personnalisation faciles \u00e0 utiliser pour les couleurs, les polices et les dispositions<\/li>\n<li>Soutient WooCommerce pour la collecte de fonds en ligne et le commerce \u00e9lectronique<\/li>\n<li>Int\u00e9gration avec des plateformes de m\u00e9dias sociaux populaires pour une visibilit\u00e9 accrue en ligne<\/li>\n<li>Optimisation de SEO int\u00e9gr\u00e9e pour un meilleur classement des moteurs de recherche<\/li>\n<li>R\u00e9guli\u00e8rement mis \u00e0 jour avec de nouvelles fonctionnalit\u00e9s et des mises \u00e0 jour de compatibilit\u00e9<\/li>\n<li>Compatible avec la derni\u00e8re version de WordPress<\/li>\n<li>\u00c9quipe de support d\u00e9di\u00e9e disponible pour tout d\u00e9pannage ou assistance n\u00e9cessaire<\/li>\n<\/ul>\n","protected":false},"excerpt":{"rendered":"<p>Le th\u00e8me WordPress \u00e0 but non lucratif GroPpe, r\u00e9put\u00e9 pour sa polyvalence et sa r\u00e9activit\u00e9, est un mod\u00e8le extr\u00eamement con\u00e7u qui s&rsquo;adresse explicitement aux organisations \u00e0 but non lucratif. B\u00e9n\u00e9ficiant d&rsquo;un design \u00e9l\u00e9gant et contemporain, ce th\u00e8me poss\u00e8de un \u00e9ventail de modules personnalisables consacr\u00e9s \u00e0 la facilitation des dons et des efforts de collecte de fonds, ainsi qu&rsquo;\u00e0 des boutons d&rsquo;appel \u00e0 l&rsquo;action en \u00e9vidence et \u00e0 des outils de gestion d&rsquo;\u00e9v\u00e9nements navigables sans effort. En outre, il va au-del\u00e0 en fournissant des pages pr\u00e9-construites qui mettent en valeur la mission, l&rsquo;\u00e9quipe et l&rsquo;impact ind\u00e9l\u00e9biles de votre organisation. Que vous vous embarquiez dans le parcours exaltant du lancement d&rsquo;une nouvelle entreprise \u00e0 but non lucratif ou de la recherche de revigorer un site Web existant, le th\u00e8me Groppe est une incarnation in\u00e9gal\u00e9e du professionnalisme et de la convivialit\u00e9.<\/p>\n","protected":false},"featured_media":144156,"comment_status":"open","ping_status":"open","template":"","meta":[],"product_brand":[2433],"product_cat":[1242,1212,1213],"product_tag":[1366],"class_list":{"0":"post-123807","1":"product","2":"type-product","3":"status-publish","4":"has-post-thumbnail","6":"product_brand-themeforest","7":"product_cat-creatif","8":"product_cat-themes","9":"product_cat-wordpress-themes","10":"product_tag-themeforest","11":"member-discount","12":"discount-restricted","14":"first","15":"instock","16":"sale","17":"downloadable","18":"virtual","19":"sold-individually","20":"purchasable","21":"product-type-simple"},"_links":{"self":[{"href":"https:\/\/gpl-love.com\/fr\/wp-json\/wp\/v2\/product\/123807","targetHints":{"allow":["GET"]}}],"collection":[{"href":"https:\/\/gpl-love.com\/fr\/wp-json\/wp\/v2\/product"}],"about":[{"href":"https:\/\/gpl-love.com\/fr\/wp-json\/wp\/v2\/types\/product"}],"replies":[{"embeddable":true,"href":"https:\/\/gpl-love.com\/fr\/wp-json\/wp\/v2\/comments?post=123807"}],"wp:featuredmedia":[{"embeddable":true,"href":"https:\/\/gpl-love.com\/fr\/wp-json\/wp\/v2\/media\/144156"}],"wp:attachment":[{"href":"https:\/\/gpl-love.com\/fr\/wp-json\/wp\/v2\/media?parent=123807"}],"wp:term":[{"taxonomy":"product_brand","embeddable":true,"href":"https:\/\/gpl-love.com\/fr\/wp-json\/wp\/v2\/product_brand?post=123807"},{"taxonomy":"product_cat","embeddable":true,"href":"https:\/\/gpl-love.com\/fr\/wp-json\/wp\/v2\/product_cat?post=123807"},{"taxonomy":"product_tag","embeddable":true,"href":"https:\/\/gpl-love.com\/fr\/wp-json\/wp\/v2\/product_tag?post=123807"}],"curies":[{"name":"wp","href":"https:\/\/api.w.org\/{rel}","templated":true}]}}