{"id":123803,"date":"2024-02-05T00:00:00","date_gmt":"2024-02-04T23:00:00","guid":{"rendered":"https:\/\/gpl-love.com\/fr\/produit\/carbon-clean-minimal-multipurpose-wordpress-theme\/"},"modified":"2026-03-20T22:58:02","modified_gmt":"2026-03-20T21:58:02","slug":"carbon-clean-minimal-multipurpose-wordpress-theme","status":"publish","type":"product","link":"https:\/\/gpl-love.com\/fr\/produit\/carbon-clean-minimal-multipurpose-wordpress-theme\/","title":{"rendered":"Carbon Clean Minimal Multipurpose WordPress Theme 3.1.2"},"content":{"rendered":"<h3>Carbon Clean Minimal Multipurpose WordPress Theme Traits<\/h3>\n<p>Le th\u00e8me WordPress polyvalent en carbone Clean Minimal est un th\u00e8me incroyablement polyvalent et convivial qui sert une multitude d&rsquo;objectifs pour les sites Web. B\u00e9n\u00e9ficiant d&rsquo;un design vierge et contemporain, ce th\u00e8me accorde sans effort une apparence professionnelle et polie \u00e0 votre site Web. Sa r\u00e9activit\u00e9 compl\u00e8te lui permet de s&rsquo;adapter de mani\u00e8re transparente \u00e0 diverses tailles d&rsquo;\u00e9cran, ce qui le rend absolument parfait pour les appareils mobiles. De plus, Carbon Clean se pr\u00e9sente avec une myriade de mod\u00e8les pr\u00e9-con\u00e7us, d&rsquo;options de mise en page et de sch\u00e9mas de couleurs, qui peuvent tous \u00eatre adapt\u00e9s sans effort \u00e0 votre go\u00fbt gr\u00e2ce \u00e0 l&rsquo;utilisation du constructeur de page de glisser-d\u00e9poser intuitif. De plus, ce th\u00e8me comprend une multitude de fonctionnalit\u00e9s, notamment des widgets personnalis\u00e9s, une int\u00e9gration des m\u00e9dias sociaux et une optimisation d&rsquo;optimisation des moteurs de recherche (SEO), qui contribuent collectivement \u00e0 l&rsquo;augmentation des fonctionnalit\u00e9s et de la visibilit\u00e9 de votre site Web. Tout bien consid\u00e9r\u00e9, le carbone Clean est une solution globale, facilitant la construction sans effort d&rsquo;un site Web \u00e9l\u00e9gant et fonctionnel avec le strict minimum d&rsquo;effort.<\/p>\n<ul>\n<li>Design moderne et \u00e9l\u00e9gant parfait pour tout type de site Web<\/li>\n<li>La conception enti\u00e8rement r\u00e9active et adapt\u00e9e aux mobiles garantit une exp\u00e9rience utilisateur transparente<\/li>\n<li>Comprend diverses options de mise en page pr\u00e9-con\u00e7ues pour une personnalisation facile<\/li>\n<li>Construit avec du code propre et minimal pour assurer des temps de chargement rapide<\/li>\n<li>S&rsquo;int\u00e8gre aux plugins WordPress populaires tels que WooCommerce et le formulaire de contact 7<\/li>\n<li>Optimis\u00e9 pour le classement des moteurs de recherche avec des fonctionnalit\u00e9s de r\u00e9f\u00e9rencement int\u00e9gr\u00e9es<\/li>\n<li>Livr\u00e9 avec plusieurs options d&rsquo;en-t\u00eate et de pied de page pour une personnalisation suppl\u00e9mentaire<\/li>\n<li>Comprend un panneau d&rsquo;options de th\u00e8me facile \u00e0 utiliser pour une personnalisation transparente<\/li>\n<li>6 mois de soutien inclus dans l&rsquo;achat pour tout d\u00e9pannage ou questions.<\/li>\n<\/ul>\n","protected":false},"excerpt":{"rendered":"<p>Pr\u00e9sentation du carbone Clean, un th\u00e8me WordPress polyvalent minimal qui offre une gamme de fonctionnalit\u00e9s dynamiques. Ce th\u00e8me WordPress a \u00e9t\u00e9 con\u00e7u avec une esth\u00e9tique \u00e9l\u00e9gante et propre qui offre une exp\u00e9rience sans encombrement. Carbon Clean est hautement personnalisable, permettant aux clients de personnaliser leur site Web en fonction de leur style et de leurs besoins individuels. Une fonctionnalit\u00e9 cl\u00e9 est sa compatibilit\u00e9 avec tous les appareils, offrant une conception r\u00e9active qui am\u00e9liore l&rsquo;exp\u00e9rience utilisateur. Parfait pour les entreprises, les cr\u00e9atifs et les blogueurs, ce th\u00e8me offre une vari\u00e9t\u00e9 d&rsquo;options de mise en page pour une flexibilit\u00e9 maximale. Le SEO-friendly et facile \u00e0 installer, le nettoyage du carbone est un choix fiable pour ceux qui recherchent une solution de site Web minimale mais puissante. Alors pourquoi attendre? Choisissez le carbone propre aujourd&rsquo;hui pour \u00e9lever votre pr\u00e9sence en ligne.<\/p>\n","protected":false},"featured_media":143356,"comment_status":"open","ping_status":"open","template":"","meta":[],"product_brand":[2433],"product_cat":[1242,1212,1213],"product_tag":[1366],"class_list":{"0":"post-123803","1":"product","2":"type-product","3":"status-publish","4":"has-post-thumbnail","6":"product_brand-themeforest","7":"product_cat-creatif","8":"product_cat-themes","9":"product_cat-wordpress-themes","10":"product_tag-themeforest","11":"member-discount","12":"discount-restricted","14":"first","15":"instock","16":"sale","17":"downloadable","18":"virtual","19":"sold-individually","20":"purchasable","21":"product-type-simple"},"_links":{"self":[{"href":"https:\/\/gpl-love.com\/fr\/wp-json\/wp\/v2\/product\/123803","targetHints":{"allow":["GET"]}}],"collection":[{"href":"https:\/\/gpl-love.com\/fr\/wp-json\/wp\/v2\/product"}],"about":[{"href":"https:\/\/gpl-love.com\/fr\/wp-json\/wp\/v2\/types\/product"}],"replies":[{"embeddable":true,"href":"https:\/\/gpl-love.com\/fr\/wp-json\/wp\/v2\/comments?post=123803"}],"wp:featuredmedia":[{"embeddable":true,"href":"https:\/\/gpl-love.com\/fr\/wp-json\/wp\/v2\/media\/143356"}],"wp:attachment":[{"href":"https:\/\/gpl-love.com\/fr\/wp-json\/wp\/v2\/media?parent=123803"}],"wp:term":[{"taxonomy":"product_brand","embeddable":true,"href":"https:\/\/gpl-love.com\/fr\/wp-json\/wp\/v2\/product_brand?post=123803"},{"taxonomy":"product_cat","embeddable":true,"href":"https:\/\/gpl-love.com\/fr\/wp-json\/wp\/v2\/product_cat?post=123803"},{"taxonomy":"product_tag","embeddable":true,"href":"https:\/\/gpl-love.com\/fr\/wp-json\/wp\/v2\/product_tag?post=123803"}],"curies":[{"name":"wp","href":"https:\/\/api.w.org\/{rel}","templated":true}]}}