{"id":123741,"date":"2026-01-10T00:00:00","date_gmt":"2026-01-09T23:00:00","guid":{"rendered":"https:\/\/gpl-love.com\/fr\/produit\/wp-sheet-editor-comments-pro\/"},"modified":"2026-03-20T23:50:43","modified_gmt":"2026-03-20T22:50:43","slug":"wp-sheet-editor-comments-pro","status":"publish","type":"product","link":"https:\/\/gpl-love.com\/fr\/produit\/wp-sheet-editor-comments-pro\/","title":{"rendered":"WP Sheet Editor Comments Pro 1.1.39"},"content":{"rendered":"<h3>WP Sheet Editor Comments Pro Traits<\/h3>\n<p>WP Sheet Editor Commentaires Pro est un plugin WordPress extraordinairement puissant et intuitivement con\u00e7u qui offre des capacit\u00e9s \u00e9tendues pour aider les utilisateurs \u00e0 g\u00e9rer et \u00e0 organiser efficacement les donn\u00e9es de commentaires. Ses fonctionnalit\u00e9s permettent aux utilisateurs de visualiser, modifier et superviser sans effort les commentaires \u00e0 la fois \u00e0 la fin et \u00e0 l&rsquo;arri\u00e8re de leurs sites Web. Ce plugin exceptionnel facilite non seulement la mise \u00e0 jour des statuts de commentaires et de la mod\u00e9ration des commentaires, mais simplifie \u00e9galement la t\u00e2che autrement fastidieuse des donn\u00e9es de commentaires d&rsquo;\u00e9dition en vrac. En outre, WP Sheet Editor Commentaires Pro pr\u00e9sente aux utilisateurs une gamme remarquable d&rsquo;options de personnalisation, leur accordant la possibilit\u00e9 de personnaliser des colonnes, des filtres et une visibilit\u00e9 sur le terrain. En utilisant les fonctionnalit\u00e9s remarquables de WP Sheet Editor Commentaires Pro, les utilisateurs de WordPress peuvent garder efficacement en avance le jeu lorsqu&rsquo;il s&rsquo;agit de commenter la gestion des donn\u00e9es, en veillant \u00e0 ce que le contenu de leurs sites Web maintient sa qualit\u00e9 plus grande et reste sans int\u00e9r\u00eat par le spam.<\/p>\n<ul>\n<li>Permet des commentaires et de la collaboration faciles dans les feuilles de calcul WordPress<\/li>\n<li>Gagnez du temps en \u00e9liminant le besoin d&rsquo;outils de commentaires externes ou de feuilles de calcul<\/li>\n<li>Fournit un emplacement centralis\u00e9 pour les membres de l&rsquo;\u00e9quipe afin de discuter des modifications et des mises \u00e0 jour des feuilles de calcul<\/li>\n<li>Comprend des fonctionnalit\u00e9s telles que les notifications, les fils de r\u00e9ponse et les mentions d&rsquo;utilisateurs pour une communication efficace<\/li>\n<li>Permet des champs de commentaires personnalisables et des param\u00e8tres d&rsquo;autorisations pour un plus grand contr\u00f4le sur la collaboration<\/li>\n<li>Am\u00e9liore la productivit\u00e9 et l&rsquo;organisation en rationalisant les commentaires et les discussions sur les changements de feuille de calcul<\/li>\n<li>Compatible avec divers plugins et th\u00e8mes WordPress pour une int\u00e9gration transparente dans les workflows existants<\/li>\n<li>Fournit une interface conviviale pour une navigation et une utilisation faciles avec une formation minimale requise<\/li>\n<li>Am\u00e9liore la communication et la collaboration de l&rsquo;\u00e9quipe pour une gestion de projet plus efficace et efficace.<\/li>\n<\/ul>\n","protected":false},"excerpt":{"rendered":"<p>WP Sheet Editor Commentaires Pro est un plugin WordPress exceptionnellement robuste et tr\u00e8s efficace qui vise \u00e0 optimiser et \u00e0 rationaliser l&rsquo;ensemble du processus de gestion des commentaires sur votre site Web estim\u00e9. Ce plugin remarquable propose un \u00e9ventail de fonctionnalit\u00e9s remarquables, permettant aux utilisateurs de parcourir, de modifier et d&rsquo;effacer les commentaires en masse, le tout dans une interface de feuille de calcul unifi\u00e9e et tr\u00e8s intuitive. De plus, le plugin poss\u00e8de une pl\u00e9thore d&rsquo;options de recherche et de filtre avanc\u00e9es, ce qui permet aux utilisateurs de localiser rapidement et efficacement les commentaires pr\u00e9cis qu&rsquo;ils recherchent. Avec sa polyvalence et son efficacit\u00e9 in\u00e9gal\u00e9es, ce plugin se r\u00e9v\u00e8le \u00eatre un actif indispensable pour les propri\u00e9taires de sites Web et les administrateurs cherchant \u00e0 superviser impeccablement et rapidement les sections de commentaires de leurs sites WordPress m\u00e9ticuleusement con\u00e7us.<\/p>\n","protected":false},"featured_media":146210,"comment_status":"open","ping_status":"open","template":"","meta":[],"product_brand":[2733],"product_cat":[1187,1181,1186],"product_tag":[1545],"class_list":{"0":"post-123741","1":"product","2":"type-product","3":"status-publish","4":"has-post-thumbnail","6":"product_brand-wp-sheet-editor","7":"product_cat-administration-wordpress-plugins","8":"product_cat-plugins","9":"product_cat-wordpress-plugins","10":"product_tag-wp-sheet-editor","11":"member-discount","12":"discount-restricted","14":"first","15":"instock","16":"sale","17":"downloadable","18":"virtual","19":"sold-individually","20":"purchasable","21":"product-type-simple"},"_links":{"self":[{"href":"https:\/\/gpl-love.com\/fr\/wp-json\/wp\/v2\/product\/123741","targetHints":{"allow":["GET"]}}],"collection":[{"href":"https:\/\/gpl-love.com\/fr\/wp-json\/wp\/v2\/product"}],"about":[{"href":"https:\/\/gpl-love.com\/fr\/wp-json\/wp\/v2\/types\/product"}],"replies":[{"embeddable":true,"href":"https:\/\/gpl-love.com\/fr\/wp-json\/wp\/v2\/comments?post=123741"}],"wp:featuredmedia":[{"embeddable":true,"href":"https:\/\/gpl-love.com\/fr\/wp-json\/wp\/v2\/media\/146210"}],"wp:attachment":[{"href":"https:\/\/gpl-love.com\/fr\/wp-json\/wp\/v2\/media?parent=123741"}],"wp:term":[{"taxonomy":"product_brand","embeddable":true,"href":"https:\/\/gpl-love.com\/fr\/wp-json\/wp\/v2\/product_brand?post=123741"},{"taxonomy":"product_cat","embeddable":true,"href":"https:\/\/gpl-love.com\/fr\/wp-json\/wp\/v2\/product_cat?post=123741"},{"taxonomy":"product_tag","embeddable":true,"href":"https:\/\/gpl-love.com\/fr\/wp-json\/wp\/v2\/product_tag?post=123741"}],"curies":[{"name":"wp","href":"https:\/\/api.w.org\/{rel}","templated":true}]}}