{"id":123740,"date":"2026-01-10T00:00:00","date_gmt":"2026-01-09T23:00:00","guid":{"rendered":"https:\/\/gpl-love.com\/fr\/produit\/wp-sheet-editor-events-pro\/"},"modified":"2026-03-20T23:50:47","modified_gmt":"2026-03-20T22:50:47","slug":"wp-sheet-editor-events-pro","status":"publish","type":"product","link":"https:\/\/gpl-love.com\/fr\/produit\/wp-sheet-editor-events-pro\/","title":{"rendered":"WP Sheet Editor Events Pro 1.1.38"},"content":{"rendered":"<h3>WP Sheet Editor Events Pro Traits<\/h3>\n<p>WP Sheet Editor Events Pro est un outil incroyablement robuste et efficace qui offre \u00e0 ses utilisateurs la possibilit\u00e9 de g\u00e9rer et de g\u00e9rer rapidement et de modifier rapidement les \u00e9v\u00e9nements dans la plate-forme WordPress. En utilisant ce plugin, les individus sont en mesure de g\u00e9n\u00e9rer des feuilles d&rsquo;\u00e9v\u00e9nements personnalis\u00e9es, d&rsquo;importer et d&rsquo;exporter facilement des donn\u00e9es d&rsquo;\u00e9v\u00e9nements, et d&rsquo;effectuer des modifications en vrac sur des \u00e9v\u00e9nements avec un effort minimal. De plus, ce plugin est \u00e9quip\u00e9 d&rsquo;une gamme de fonctionnalit\u00e9s avanc\u00e9es, y compris la mise en forme automatique de la date, la possibilit\u00e9 de cr\u00e9er des champs d&rsquo;\u00e9v\u00e9nements personnalis\u00e9s et la capacit\u00e9 de cr\u00e9er des \u00e9v\u00e9nements r\u00e9currents. Peu importe que l&rsquo;on supervise un calendrier modeste ou un programme d&rsquo;\u00e9v\u00e9nements \u00e9tendu, WP Sheet Events Events Pro est un outil indispensable et inestimable qui rationalise l&rsquo;ensemble du processus et permet d&rsquo;\u00e9conomiser une quantit\u00e9 importante de temps pr\u00e9cieux.<\/p>\n<ul>\n<li>Int\u00e9grez facilement facilement les \u00e9v\u00e9nements de calendrier dans WordPress<\/li>\n<li>Cr\u00e9er et g\u00e9rer les \u00e9v\u00e9nements directement dans votre tableau de bord WordPress<\/li>\n<li>Champs d&rsquo;\u00e9v\u00e9nements personnalisables pour r\u00e9pondre \u00e0 vos besoins sp\u00e9cifiques<\/li>\n<li>Interface glisser et d\u00e9poser pour la planification des \u00e9v\u00e9nements faciles<\/li>\n<li>Options de filtrage avanc\u00e9 pour trier les \u00e9v\u00e9nements par date, cat\u00e9gorie et plus<\/li>\n<li>Synchronisation avec Google Calendar pour maintenir vos \u00e9v\u00e9nements \u00e0 jour sur toutes les plateformes<\/li>\n<li>Prend en charge des \u00e9v\u00e9nements r\u00e9currents pour une planification facile des occurrences r\u00e9guli\u00e8res<\/li>\n<li>\u00c9v\u00e9nements de code couleur pour distinguer facilement les diff\u00e9rents types d&rsquo;\u00e9v\u00e9nements<\/li>\n<li>G\u00e9n\u00e9rez automatiquement les horaires d&rsquo;\u00e9v\u00e9nements et les calendriers sur votre site WordPress<\/li>\n<li>Prise en charge int\u00e9gr\u00e9e pour les ventes de billets et l&rsquo;int\u00e9gration du commerce \u00e9lectronique<\/li>\n<\/ul>\n","protected":false},"excerpt":{"rendered":"<p>WP Sheet Editor Events Pro est un logiciel tr\u00e8s robuste et puissant qui permet aux utilisateurs de g\u00e9rer et de modifier efficacement les donn\u00e9es d&rsquo;\u00e9v\u00e9nements directement dans une feuille de calcul. Cet outil exceptionnel poss\u00e8de un \u00e9ventail de qualit\u00e9s conviviales, telles que la flexibilit\u00e9 pour personnaliser les champs d&rsquo;\u00e9v\u00e9nements et la commodit\u00e9 des choix d&rsquo;\u00e9dition en vrac, le rendant une t\u00e2che remarquablement sans effort pour garder une trace et mettre \u00e0 jour rapidement les d\u00e9tails de l&rsquo;\u00e9v\u00e9nement. En outre, ce plugin remarquable s&rsquo;int\u00e8gre de mani\u00e8re transparente \u00e0 des plugins de calendrier pro\u00e9minents tels que Google Calendar, se pr\u00e9sentant ainsi comme une solution globale et exhaustive \u00e0 des fins de gestion d&rsquo;\u00e9v\u00e9nements. Que vous soyez impliqu\u00e9 dans l&rsquo;organisation d&rsquo;une r\u00e9f\u00e9rence modeste ou d&rsquo;une conf\u00e9rence \u00e9labor\u00e9e, la remarquable extension des \u00e9v\u00e9nements de l&rsquo;\u00e9diteur de feuilles WP offre une avenue extr\u00eamement rationalis\u00e9e et sans probl\u00e8me pour g\u00e9rer efficacement votre \u00e9ventail d&rsquo;\u00e9v\u00e9nements.<\/p>\n","protected":false},"featured_media":146214,"comment_status":"open","ping_status":"open","template":"","meta":[],"product_brand":[2733],"product_cat":[1187,1181,1186],"product_tag":[1545],"class_list":{"0":"post-123740","1":"product","2":"type-product","3":"status-publish","4":"has-post-thumbnail","6":"product_brand-wp-sheet-editor","7":"product_cat-administration-wordpress-plugins","8":"product_cat-plugins","9":"product_cat-wordpress-plugins","10":"product_tag-wp-sheet-editor","11":"member-discount","12":"discount-restricted","14":"first","15":"instock","16":"sale","17":"downloadable","18":"virtual","19":"sold-individually","20":"purchasable","21":"product-type-simple"},"_links":{"self":[{"href":"https:\/\/gpl-love.com\/fr\/wp-json\/wp\/v2\/product\/123740","targetHints":{"allow":["GET"]}}],"collection":[{"href":"https:\/\/gpl-love.com\/fr\/wp-json\/wp\/v2\/product"}],"about":[{"href":"https:\/\/gpl-love.com\/fr\/wp-json\/wp\/v2\/types\/product"}],"replies":[{"embeddable":true,"href":"https:\/\/gpl-love.com\/fr\/wp-json\/wp\/v2\/comments?post=123740"}],"wp:featuredmedia":[{"embeddable":true,"href":"https:\/\/gpl-love.com\/fr\/wp-json\/wp\/v2\/media\/146214"}],"wp:attachment":[{"href":"https:\/\/gpl-love.com\/fr\/wp-json\/wp\/v2\/media?parent=123740"}],"wp:term":[{"taxonomy":"product_brand","embeddable":true,"href":"https:\/\/gpl-love.com\/fr\/wp-json\/wp\/v2\/product_brand?post=123740"},{"taxonomy":"product_cat","embeddable":true,"href":"https:\/\/gpl-love.com\/fr\/wp-json\/wp\/v2\/product_cat?post=123740"},{"taxonomy":"product_tag","embeddable":true,"href":"https:\/\/gpl-love.com\/fr\/wp-json\/wp\/v2\/product_tag?post=123740"}],"curies":[{"name":"wp","href":"https:\/\/api.w.org\/{rel}","templated":true}]}}