{"id":123665,"date":"2023-06-01T00:00:00","date_gmt":"2023-05-31T22:00:00","guid":{"rendered":"https:\/\/gpl-love.com\/fr\/produit\/wordpress-real-category-management\/"},"modified":"2026-05-10T06:31:02","modified_gmt":"2026-05-10T04:31:02","slug":"wordpress-real-category-management","status":"publish","type":"product","link":"https:\/\/gpl-love.com\/fr\/produit\/wordpress-real-category-management\/","title":{"rendered":"WordPress Real Category Management 4.1.57"},"content":{"rendered":"<h3>WordPress Real Category Management Traits<\/h3>\n<p>WordPress Real Cat\u00e9gory Management est un outil exceptionnellement robuste et dynamique qui offre aux utilisateurs la capacit\u00e9 in\u00e9gal\u00e9e \u00e0 g\u00e9rer et \u00e0 g\u00e9rer et \u00e0 organiser sans effort leurs cat\u00e9gories WordPress d&rsquo;une mani\u00e8re \u00e0 la fois efficace et efficace. Ce plugin exceptionnel permet aux utilisateurs de cr\u00e9er sans effort et rapidement des structures de cat\u00e9gorie personnalis\u00e9es adapt\u00e9es \u00e0 leurs sp\u00e9cifications et exigences uniques. De plus, les utilisateurs poss\u00e8dent la capacit\u00e9 de modifier et d&rsquo;\u00e9liminer rapidement les cat\u00e9gories en vrac, leur accordant un contr\u00f4le et une flexibilit\u00e9 in\u00e9gal\u00e9s sur leurs efforts de gestion de cat\u00e9gorie. En outre, le plugin facilite la relocalisation transparente et sans effort des cat\u00e9gories en quelques clics, minimisant le temps et les efforts n\u00e9cessaires pour entreprendre de telles t\u00e2ches. Notamment, WordPress Real Cat\u00e9gory Management poss\u00e8de une interface remarquablement accessible et conviviale qui s&rsquo;adresse aux utilisateurs chevronn\u00e9s et novices, assurant une exp\u00e9rience fluide et intuitive pour tous. En utilisant efficacement cet outil extraordinaire, les utilisateurs sont en mesure de rationaliser leur processus de gestion de cat\u00e9gorie de mani\u00e8re exemplaire, ce qui a entra\u00een\u00e9 un niveau d&rsquo;organisation et de navigation am\u00e9lior\u00e9 sur leur site Web. Par cons\u00e9quent, ce niveau accru d&rsquo;organisation et de navigation culmine finalement dans une exp\u00e9rience plus conviviale et engageante pour les visiteurs, favorisant ainsi un environnement propice \u00e0 la satisfaction et \u00e0 la r\u00e9tention optimales des utilisateurs.<\/p>\n<ul>\n<li>Organisez facilement vos cat\u00e9gories WordPress<\/li>\n<li>Am\u00e9liorez votre organisation de contenu et votre exp\u00e9rience utilisateur<\/li>\n<li>D\u00e9placer, supprimer et renommer facilement les cat\u00e9gories<\/li>\n<li>Interface glisser-d\u00e9poser pour une gestion efficace des cat\u00e9gories<\/li>\n<li>Am\u00e9liorez votre r\u00e9f\u00e9rencement avec des URL de cat\u00e9gorie optimis\u00e9e<\/li>\n<li>Trouver et trier rapidement les cat\u00e9gories avec une fonction de recherche et de filtre<\/li>\n<li>Compatible avec les plugins et th\u00e8mes WordPress populaires<\/li>\n<li>Obtenir des informations avec des analyses et des rapports d\u00e9taill\u00e9s<\/li>\n<li>Am\u00e9liorer le flux de travail et gagner du temps \u00e0 g\u00e9rer vos cat\u00e9gories WordPress<\/li>\n<li>Paiement unique avec des mises \u00e0 jour \u00e0 vie et un support d\u00e9di\u00e9<\/li>\n<\/ul>\n","protected":false},"excerpt":{"rendered":"<p>Le plugin de gestion de la cat\u00e9gorie r\u00e9elle WordPress, r\u00e9put\u00e9 pour ses fonctionnalit\u00e9s robustes, s&rsquo;av\u00e8re \u00eatre un atout inestimable dans le domaine de l&rsquo;organisation et de la gestion efficace des cat\u00e9gories sur votre site WordPress estim\u00e9. Ce plugin vous permet de cr\u00e9er et de modifier sans effort les cat\u00e9gories, de les allouer habilement \u00e0 des publications ou des pages, et de personnaliser davantage la pr\u00e9sentation de vos archives de cat\u00e9gorie estim\u00e9es. Que vous soyez exploit\u00e9 un blog, une plate-forme de commerce \u00e9lectronique ou toute autre variante du site WordPress, le plugin de gestion de la cat\u00e9gorie r\u00e9el estim\u00e9 sert invariablement de l&rsquo;incarnation de la facilitation, rationalisant habilement votre contenu et impr\u00e9gnant vos pr\u00e9cieux visiteurs avec une facilit\u00e9 in\u00e9gal traverser votre domaine num\u00e9rique.<\/p>\n","protected":false},"featured_media":146116,"comment_status":"open","ping_status":"open","template":"","meta":[],"product_brand":[2435],"product_cat":[1187,1181,1186],"product_tag":[1231],"class_list":{"0":"post-123665","1":"product","2":"type-product","3":"status-publish","4":"has-post-thumbnail","6":"product_brand-codecanyon","7":"product_cat-administration-wordpress-plugins","8":"product_cat-plugins","9":"product_cat-wordpress-plugins","10":"product_tag-codecanyon","11":"member-discount","12":"discount-restricted","14":"first","15":"instock","16":"sale","17":"downloadable","18":"virtual","19":"sold-individually","20":"purchasable","21":"product-type-simple"},"_links":{"self":[{"href":"https:\/\/gpl-love.com\/fr\/wp-json\/wp\/v2\/product\/123665","targetHints":{"allow":["GET"]}}],"collection":[{"href":"https:\/\/gpl-love.com\/fr\/wp-json\/wp\/v2\/product"}],"about":[{"href":"https:\/\/gpl-love.com\/fr\/wp-json\/wp\/v2\/types\/product"}],"replies":[{"embeddable":true,"href":"https:\/\/gpl-love.com\/fr\/wp-json\/wp\/v2\/comments?post=123665"}],"wp:featuredmedia":[{"embeddable":true,"href":"https:\/\/gpl-love.com\/fr\/wp-json\/wp\/v2\/media\/146116"}],"wp:attachment":[{"href":"https:\/\/gpl-love.com\/fr\/wp-json\/wp\/v2\/media?parent=123665"}],"wp:term":[{"taxonomy":"product_brand","embeddable":true,"href":"https:\/\/gpl-love.com\/fr\/wp-json\/wp\/v2\/product_brand?post=123665"},{"taxonomy":"product_cat","embeddable":true,"href":"https:\/\/gpl-love.com\/fr\/wp-json\/wp\/v2\/product_cat?post=123665"},{"taxonomy":"product_tag","embeddable":true,"href":"https:\/\/gpl-love.com\/fr\/wp-json\/wp\/v2\/product_tag?post=123665"}],"curies":[{"name":"wp","href":"https:\/\/api.w.org\/{rel}","templated":true}]}}