{"id":123662,"date":"2025-12-23T00:00:00","date_gmt":"2025-12-22T23:00:00","guid":{"rendered":"https:\/\/gpl-love.com\/fr\/produit\/woocommerce-multi-locations-inventory-management\/"},"modified":"2026-03-20T23:46:17","modified_gmt":"2026-03-20T22:46:17","slug":"woocommerce-multi-locations-inventory-management","status":"publish","type":"product","link":"https:\/\/gpl-love.com\/fr\/produit\/woocommerce-multi-locations-inventory-management\/","title":{"rendered":"WooCommerce Multi Locations Inventory Management 4.2.13"},"content":{"rendered":"<h3>WooCommerce Multi Locations Inventory Management Traits<\/h3>\n<p>L&rsquo;outil de gestion des stocks WooCommerce multi-emplacements est un actif incroyablement robuste et influent pour les propri\u00e9taires de magasins cherchant \u00e0 g\u00e9rer efficacement et efficacement leur inventaire sur plusieurs emplacements. Cet outil riche en fonctionnalit\u00e9s vous permet de surveiller et de contr\u00f4ler sans effort les niveaux de stock \u00e0 chaque emplacement individuel, en \u00e9tablissant des seuils minimum et maximum pour chaque produit de votre inventaire. En outre, il vous accorde m\u00eame le pouvoir de g\u00e9n\u00e9rer des notifications automatiques chaque fois que les niveaux d&rsquo;inventaire descendent sous un point d\u00e9sign\u00e9, garantissant ainsi que vous ne soyez jamais victime d&rsquo;un stock \u00e9puis\u00e9. Cette fonctionnalit\u00e9 inestimable simplifie la t\u00e2che ardue de r\u00e9approvisionner les produits et garantit que vos clients estim\u00e9s appr\u00e9cieront perp\u00e9tuellement un acc\u00e8s sans entrave aux articles essentiels dont ils ont besoin. De plus, en plus de ces caract\u00e9ristiques remarquables, cet outil remarquable vous fournit \u00e9galement des rapports complets, qui contribuent \u00e0 faciliter une analyse m\u00e9ticuleuse de vos niveaux d&rsquo;inventaire, vous permettant de prendre des d\u00e9cisions bien inform\u00e9 tableau d&#8217;emplacements. En adoptant l&rsquo;outil de gestion des stocks WooCommerce multi-emplacements, vous pouvez rationaliser sans effort vos processus de gestion des stocks et, \u00e0 son tour, \u00e9lever votre efficacit\u00e9 respective en tant que propri\u00e9taire de magasin exigeant et diligent.<\/p>\n<ul>\n<li>Permet la gestion de plusieurs emplacements d&rsquo;inventaire dans WooCommerce<\/li>\n<li>Permet le suivi des niveaux de stock et des mises \u00e0 jour de stocks automatiques sur tous les emplacements<\/li>\n<li>Options de r\u00e9glage personnalisables pour chaque emplacement, y compris les seuils d&rsquo;origine et les r\u00e8gles de transfert<\/li>\n<li>Afficher et g\u00e9rer facilement les niveaux d&rsquo;inventaire pour chaque emplacement dans un seul tableau de bord<\/li>\n<li>Prend en charge l&rsquo;importation en vrac et l&rsquo;exportation des donn\u00e9es d&rsquo;inventaire<\/li>\n<li>Facilite l&rsquo;ex\u00e9cution des commandes transparentes en achetant automatiquement les commandes \u00e0 l&#8217;emplacement appropri\u00e9 avec les stocks disponibles<\/li>\n<li>Fournit des mises \u00e0 jour d&rsquo;inventaire en temps r\u00e9el aux clients pour de meilleures exp\u00e9riences d&rsquo;achat<\/li>\n<li>Offre des rapports et des analyses compl\u00e8tes pour la prise de d\u00e9cision \u00e9clair\u00e9e<\/li>\n<\/ul>\n","protected":false},"excerpt":{"rendered":"<p>La gestion des stocks WooCommerce multi-emplacements est un outil tr\u00e8s louable et exceptionnellement b\u00e9n\u00e9fique qui s&rsquo;av\u00e8re d&rsquo;une immense valeur pour les entreprises op\u00e9rant dans plusieurs emplacements. Cet outil remarquable vous permet de superviser et de r\u00e9guler votre inventaire de mani\u00e8re transparente et efficace votre inventaire dans tous vos emplacements, tous \u00e0 partir d&rsquo;un seul tableau de bord centralis\u00e9. En substance, ce plugin vous accorde la capacit\u00e9 sans pr\u00e9c\u00e9dent \u00e0 \u00e9tablir des niveaux de stock et \u00e0 surveiller m\u00e9ticuleusement les niveaux d&rsquo;inventaire pour chaque emplacement individuel dans lequel votre entreprise fonctionne. En plus de ces fonctionnalit\u00e9s incroyables, cet outil poss\u00e8de \u00e9galement une interface remarquablement conviviale qui facilite les probl\u00e8mes &#8211; Options gratuites de gestion des stocks, de r\u00e9alisation et d&rsquo;exp\u00e9dition. En vous profitant de la myriade d&rsquo;avantages offerts par cet outil, vous pouvez am\u00e9liorer sans effort et consid\u00e9rablement vos capacit\u00e9s de gestion des stocks, optimiser vos processus op\u00e9rationnels et orienter sans effort votre entreprise vers la croissance et le succ\u00e8s.<\/p>\n","protected":false},"featured_media":145927,"comment_status":"open","ping_status":"open","template":"","meta":[],"product_brand":[2435],"product_cat":[1183,1182,1181],"product_tag":[1231],"class_list":{"0":"post-123662","1":"product","2":"type-product","3":"status-publish","4":"has-post-thumbnail","6":"product_brand-codecanyon","7":"product_cat-administration","8":"product_cat-commerce-electronique-plugins","9":"product_cat-plugins","10":"product_tag-codecanyon","11":"member-discount","12":"discount-restricted","14":"first","15":"instock","16":"sale","17":"downloadable","18":"virtual","19":"sold-individually","20":"purchasable","21":"product-type-simple"},"_links":{"self":[{"href":"https:\/\/gpl-love.com\/fr\/wp-json\/wp\/v2\/product\/123662","targetHints":{"allow":["GET"]}}],"collection":[{"href":"https:\/\/gpl-love.com\/fr\/wp-json\/wp\/v2\/product"}],"about":[{"href":"https:\/\/gpl-love.com\/fr\/wp-json\/wp\/v2\/types\/product"}],"replies":[{"embeddable":true,"href":"https:\/\/gpl-love.com\/fr\/wp-json\/wp\/v2\/comments?post=123662"}],"wp:featuredmedia":[{"embeddable":true,"href":"https:\/\/gpl-love.com\/fr\/wp-json\/wp\/v2\/media\/145927"}],"wp:attachment":[{"href":"https:\/\/gpl-love.com\/fr\/wp-json\/wp\/v2\/media?parent=123662"}],"wp:term":[{"taxonomy":"product_brand","embeddable":true,"href":"https:\/\/gpl-love.com\/fr\/wp-json\/wp\/v2\/product_brand?post=123662"},{"taxonomy":"product_cat","embeddable":true,"href":"https:\/\/gpl-love.com\/fr\/wp-json\/wp\/v2\/product_cat?post=123662"},{"taxonomy":"product_tag","embeddable":true,"href":"https:\/\/gpl-love.com\/fr\/wp-json\/wp\/v2\/product_tag?post=123662"}],"curies":[{"name":"wp","href":"https:\/\/api.w.org\/{rel}","templated":true}]}}