{"id":123470,"date":"2025-02-04T00:00:00","date_gmt":"2025-02-03T23:00:00","guid":{"rendered":"https:\/\/gpl-love.com\/fr\/produit\/writers-blogily\/"},"modified":"2026-03-20T23:52:22","modified_gmt":"2026-03-20T22:52:22","slug":"writers-blogily","status":"publish","type":"product","link":"https:\/\/gpl-love.com\/fr\/produit\/writers-blogily\/","title":{"rendered":"Writers Blogily 123.7"},"content":{"rendered":"<h3>Writers Blogily Traits<\/h3>\n<p>Les \u00e9crivains blogly, une plate-forme tr\u00e8s estim\u00e9s, pr\u00e9sente une pl\u00e9thore d&rsquo;outils et de ressources inestimables m\u00e9ticuleusement con\u00e7us pour faciliter l&rsquo;am\u00e9lioration des comp\u00e9tences artistiques des \u00e9crivains et attirer l&rsquo;attention pour leurs chefs-d&rsquo;\u0153uvre litt\u00e9raires. Cette plate-forme poss\u00e8de une interface incroyablement conviviale, accompagn\u00e9e d&rsquo;une vaste gamme de fonctionnalit\u00e9s, telles que des invites d&rsquo;\u00e9criture stimulantes, des conseils inestimables concernant la publication et des strat\u00e9gies de marketing astucieuses. Par cons\u00e9quent, les \u00e9crivains sont blogment comme la quintessence de la perfection pour les \u00e9crivains en herbe et bien \u00e9tablis. Que vous ayez envie de vous lancer dans une nouvelle entreprise de r\u00e9daction passionnante, de construire une formidable pr\u00e9sence en ligne ou d&rsquo;\u00e9tablir des liens profonds avec les coll\u00e8gues de mots, les \u00e9crivains blogly sont le z\u00e9nith in\u00e9gal\u00e9, vous accordant tous les outils indispensables n\u00e9cessaires pour actualiser vos ambitions. De la diffusion de contenu superlatif et incomparable \u00e0 la fourniture d&rsquo;un avocat sagace des professionnels chevronn\u00e9s, cette plate-forme se r\u00e9v\u00e8le \u00eatre la panac\u00e9e ultime, r\u00e9pondant aux besoins exigeants de tout individu qui s&rsquo;efforce de transcender les fronti\u00e8res litt\u00e9raires et de catapulter ses prouesses d&rsquo;\u00e9criture \u00e0 des hauteurs sans pr\u00e9c\u00e9dent.<\/p>\n<ul>\n<li>Une plate-forme con\u00e7ue sp\u00e9cifiquement pour que les \u00e9crivains se connectent les uns aux autres et partagent leur travail<\/li>\n<li>Comprend des fonctionnalit\u00e9s telles que des pages de profil personnalisables, des invites d&rsquo;\u00e9criture et un r\u00e9seau de blog<\/li>\n<li>Permet aux utilisateurs de recevoir des commentaires sur leur \u00e9criture d&rsquo;une communaut\u00e9 de soutien de coll\u00e8gues \u00e9crivains<\/li>\n<li>Offre des possibilit\u00e9s de r\u00e9seautage et de collaboration, ainsi qu&rsquo;une exposition \u00e0 votre \u00e9criture via le r\u00e9seau de blogs<\/li>\n<li>Offre une interface conviviale et une navigation facile pour une exp\u00e9rience utilisateur transparente<\/li>\n<li>Communaut\u00e9 diversifi\u00e9e d&rsquo;\u00e9crivains de divers horizons et genres<\/li>\n<li>Espace s\u00fbr et accueillant pour que les \u00e9crivains s&rsquo;expriment et pr\u00e9sentent leurs talents<\/li>\n<li>R\u00e9guli\u00e8rement mis \u00e0 jour avec de nouvelles fonctionnalit\u00e9s et du contenu pour am\u00e9liorer l&rsquo;exp\u00e9rience utilisateur.<\/li>\n<\/ul>\n","protected":false},"excerpt":{"rendered":"<p>Les \u00e9crivains blogly, une plate-forme exceptionnelle, sont devenus une force importante pour aider les \u00e9crivains \u00e0 fabriquer un contenu de blog captivant et persuasif. Gr\u00e2ce \u00e0 son interface conviviale et \u00e0 son formidable arsenal d&rsquo;outils d&rsquo;\u00e9criture, les \u00e9crivains autorisent sans effort les individus \u00e0 diff\u00e9rents niveaux de comp\u00e9tence \u00e0 construire des publications de calibre sup\u00e9rieur, envahissant efficacement leur lectorat. Que vous soyez un Wordsmith exp\u00e9riment\u00e9 cherchant \u00e0 transcender les limites et \u00e0 \u00e9lever le statut de votre blog ou \u00e0 un novice qui se lance dans votre voyage d&rsquo;\u00e9criture, les \u00e9crivains sont blogment comme la ressource par excellence pour faciliter vos triomphes. Ainsi, pourquoi retarder plus longtemps? Saisissez l&rsquo;opportunit\u00e9 et inscrivez-vous aujourd&rsquo;hui, en vous lan\u00e7ant dans votre aventure de blogs avec une confiance in\u00e9branlable!<\/p>\n","protected":false},"featured_media":146322,"comment_status":"open","ping_status":"open","template":"","meta":[],"product_brand":[2474],"product_cat":[1220,1212,1213],"product_tag":[2315],"class_list":{"0":"post-123470","1":"product","2":"type-product","3":"status-publish","4":"has-post-thumbnail","6":"product_brand-superb-themes","7":"product_cat-blog-magazine","8":"product_cat-themes","9":"product_cat-wordpress-themes","10":"product_tag-superb-themes","11":"member-discount","12":"discount-restricted","14":"first","15":"instock","16":"sale","17":"downloadable","18":"virtual","19":"sold-individually","20":"purchasable","21":"product-type-simple"},"_links":{"self":[{"href":"https:\/\/gpl-love.com\/fr\/wp-json\/wp\/v2\/product\/123470","targetHints":{"allow":["GET"]}}],"collection":[{"href":"https:\/\/gpl-love.com\/fr\/wp-json\/wp\/v2\/product"}],"about":[{"href":"https:\/\/gpl-love.com\/fr\/wp-json\/wp\/v2\/types\/product"}],"replies":[{"embeddable":true,"href":"https:\/\/gpl-love.com\/fr\/wp-json\/wp\/v2\/comments?post=123470"}],"wp:featuredmedia":[{"embeddable":true,"href":"https:\/\/gpl-love.com\/fr\/wp-json\/wp\/v2\/media\/146322"}],"wp:attachment":[{"href":"https:\/\/gpl-love.com\/fr\/wp-json\/wp\/v2\/media?parent=123470"}],"wp:term":[{"taxonomy":"product_brand","embeddable":true,"href":"https:\/\/gpl-love.com\/fr\/wp-json\/wp\/v2\/product_brand?post=123470"},{"taxonomy":"product_cat","embeddable":true,"href":"https:\/\/gpl-love.com\/fr\/wp-json\/wp\/v2\/product_cat?post=123470"},{"taxonomy":"product_tag","embeddable":true,"href":"https:\/\/gpl-love.com\/fr\/wp-json\/wp\/v2\/product_tag?post=123470"}],"curies":[{"name":"wp","href":"https:\/\/api.w.org\/{rel}","templated":true}]}}