{"id":123468,"date":"2025-02-04T00:00:00","date_gmt":"2025-02-03T23:00:00","guid":{"rendered":"https:\/\/gpl-love.com\/fr\/produit\/wordly\/"},"modified":"2026-03-20T23:48:58","modified_gmt":"2026-03-20T22:48:58","slug":"wordly","status":"publish","type":"product","link":"https:\/\/gpl-love.com\/fr\/produit\/wordly\/","title":{"rendered":"Wordly 108.0"},"content":{"rendered":"<h3>Wordly Traits<\/h3>\n<p>Wordly, une solution logicielle tr\u00e8s efficace et efficiente, sert \u00e0 rationaliser et \u00e0 optimiser l&rsquo;analyse et le traitement du texte. Sp\u00e9cialement con\u00e7u pour r\u00e9pondre aux entreprises et aux organisations de toutes tailles, Wordly pr\u00e9sente un vaste \u00e9ventail d&rsquo;outils et de fonctionnalit\u00e9s qui facilitent consid\u00e9rablement l&rsquo;analyse et la compr\u00e9hension de grandes quantit\u00e9s de donn\u00e9es textuelles. Wordly permet aux utilisateurs de la possibilit\u00e9 de classer et de marquer rapidement et de marquer le texte, discerner des th\u00e8mes et des tendances cruciaux, et g\u00e9n\u00e9rer des informations et des rapports significatifs sur lesquels il peut \u00eatre donn\u00e9. Que votre objectif soit d&rsquo;am\u00e9liorer la satisfaction des clients, de surveiller le sentiment des m\u00e9dias sociaux ou de mieux comprendre la r\u00e9putation de votre marque, Wordly est la solution d\u00e9finitive pour vous. Par cons\u00e9quent, si vous \u00eates \u00e0 la recherche d&rsquo;une solution d&rsquo;analyse de texte robuste et conviviale, votre recherche se termine par le logiciel remarquable appel\u00e9 Wordly.<\/p>\n<ul>\n<li>Un outil d&rsquo;apprentissage du langage num\u00e9rique con\u00e7u pour aider les utilisateurs \u00e0 \u00e9tendre leur vocabulaire et \u00e0 am\u00e9liorer leurs comp\u00e9tences linguistiques.<\/li>\n<li>Comprend divers modes d&rsquo;engagement, tels que les jeux, les flashcards et les exercices.<\/li>\n<li>Offre un apprentissage personnalis\u00e9 gr\u00e2ce \u00e0 une technologie adaptative qui s&rsquo;adapte au niveau et \u00e0 la progression de l&rsquo;utilisateur.<\/li>\n<li>Couvre un large \u00e9ventail de sujets linguistiques, y compris les synonymes, les antonymes, les idiomes, etc.<\/li>\n<li>Comprend des enregistrements audio et des prononciations de locuteurs natifs pour am\u00e9liorer les comp\u00e9tences de prononciation.<\/li>\n<li>Peut \u00eatre utilis\u00e9 sur des ordinateurs de bureau, des ordinateurs portables, des tablettes et des t\u00e9l\u00e9phones, ce qui le rend accessible aux utilisateurs \u00e0 tout moment et \u00e0 tout lieu.<\/li>\n<li>Offre le suivi des progr\u00e8s et l&rsquo;analyse des performances des utilisateurs, fournissant des informations et des recommandations d&rsquo;am\u00e9lioration.<\/li>\n<li>Offre une exp\u00e9rience d&rsquo;apprentissage agr\u00e9able et engageante gr\u00e2ce \u00e0 son interface conviviale et \u00e0 son conception attrayante.<\/li>\n<li>Prend en charge plusieurs langues pour offrir des opportunit\u00e9s d&rsquo;apprentissage aux personnes issues de diff\u00e9rents horizons linguistiques.<\/li>\n<\/ul>\n","protected":false},"excerpt":{"rendered":"<p>Wordly, un logiciel d&rsquo;apprentissage des langues innovant et avanc\u00e9, se d\u00e9marque en offrant aux utilisateurs une pl\u00e9thore de le\u00e7ons intuitives et captivantes, ce qui a permis de conqu\u00e9rir sans effort les langues \u00e9trang\u00e8res dans un d\u00e9lai consid\u00e9rablement condens\u00e9. Ce logiciel exceptionnel est regroup\u00e9 avec un r\u00e9pertoire de fonctionnalit\u00e9s distinctes, y compris des plans d&rsquo;apprentissage personnalis\u00e9s, des exercices interactifs et des simulations de sc\u00e9narios r\u00e9alis\u00e9es qui plongent efficacement les utilisateurs dans les subtilit\u00e9s de leur langue choisie et de ses subtilit\u00e9s culturelles. Gr\u00e2ce \u00e0 la conception ing\u00e9nieuse de Wordly, les apprenants de langue peuvent atteindre de mani\u00e8re transparente le niveau de ma\u00eetrise de leur ma\u00eetrise, tout en jouant une exp\u00e9rience d&rsquo;apprentissage agr\u00e9able et tr\u00e8s efficace.<\/p>\n","protected":false},"featured_media":146100,"comment_status":"open","ping_status":"open","template":"","meta":[],"product_brand":[2474],"product_cat":[1220,1212,1213],"product_tag":[2315],"class_list":{"0":"post-123468","1":"product","2":"type-product","3":"status-publish","4":"has-post-thumbnail","6":"product_brand-superb-themes","7":"product_cat-blog-magazine","8":"product_cat-themes","9":"product_cat-wordpress-themes","10":"product_tag-superb-themes","11":"member-discount","12":"discount-restricted","14":"first","15":"instock","16":"sale","17":"downloadable","18":"virtual","19":"sold-individually","20":"purchasable","21":"product-type-simple"},"_links":{"self":[{"href":"https:\/\/gpl-love.com\/fr\/wp-json\/wp\/v2\/product\/123468","targetHints":{"allow":["GET"]}}],"collection":[{"href":"https:\/\/gpl-love.com\/fr\/wp-json\/wp\/v2\/product"}],"about":[{"href":"https:\/\/gpl-love.com\/fr\/wp-json\/wp\/v2\/types\/product"}],"replies":[{"embeddable":true,"href":"https:\/\/gpl-love.com\/fr\/wp-json\/wp\/v2\/comments?post=123468"}],"wp:featuredmedia":[{"embeddable":true,"href":"https:\/\/gpl-love.com\/fr\/wp-json\/wp\/v2\/media\/146100"}],"wp:attachment":[{"href":"https:\/\/gpl-love.com\/fr\/wp-json\/wp\/v2\/media?parent=123468"}],"wp:term":[{"taxonomy":"product_brand","embeddable":true,"href":"https:\/\/gpl-love.com\/fr\/wp-json\/wp\/v2\/product_brand?post=123468"},{"taxonomy":"product_cat","embeddable":true,"href":"https:\/\/gpl-love.com\/fr\/wp-json\/wp\/v2\/product_cat?post=123468"},{"taxonomy":"product_tag","embeddable":true,"href":"https:\/\/gpl-love.com\/fr\/wp-json\/wp\/v2\/product_tag?post=123468"}],"curies":[{"name":"wp","href":"https:\/\/api.w.org\/{rel}","templated":true}]}}