{"id":123287,"date":"2022-05-11T00:00:00","date_gmt":"2022-05-10T22:00:00","guid":{"rendered":"https:\/\/gpl-love.com\/fr\/produit\/zigzagpress-away\/"},"modified":"2026-03-20T23:54:36","modified_gmt":"2026-03-20T22:54:36","slug":"zigzagpress-away","status":"publish","type":"product","link":"https:\/\/gpl-love.com\/fr\/produit\/zigzagpress-away\/","title":{"rendered":"ZigZagPress Away 1.0.0"},"content":{"rendered":"<h3>ZigZagPress Away Traits<\/h3>\n<p>ZigzagPress Away, un plugin WordPress de haute qualit\u00e9, a \u00e9t\u00e9 con\u00e7u de mani\u00e8re complexe pour am\u00e9liorer les performances du site Web gr\u00e2ce \u00e0 l&rsquo;optimisation des images, des CSS et des fichiers JavaScript. Ce formidable outil aide efficacement les propri\u00e9taires de sites Web dans la diminution des temps de chargement, augmentant ainsi la satisfaction des utilisateurs et, \u00e0 son tour, augmentant les taux de conversion. De plus, ZigzagPress Away poss\u00e8de une interface conviviale, annulant la n\u00e9cessit\u00e9 d&rsquo;une expertise de codage et de la rendre accessible aux novices et aux experts chevronn\u00e9s. De plus, sa compatibilit\u00e9 avec les th\u00e8mes WordPress r\u00e9pandus permet une int\u00e9gration transparente avec d&rsquo;autres plugins. Par cons\u00e9quent, avec Zigzagpress \u00e0 leur disposition, les propri\u00e9taires de sites Web peuvent effectivement acc\u00e9l\u00e9rer les performances de leur site Web, renforcer leurs efforts de r\u00e9f\u00e9rencement et garder des mesures d&rsquo;avance sur leurs concurrents.<\/p>\n<ul>\n<li>Un plugin WordPress puissant et intuitif con\u00e7u pour optimiser les performances et la s\u00e9curit\u00e9 de votre site Web<\/li>\n<li>Fournit des sauvegardes de site sans effort, des restaurations de sites rapides et des migrations faciles de site pour vous assurer que votre site est toujours op\u00e9rationnel<\/li>\n<li>Offre un ensemble complet de fonctionnalit\u00e9s de s\u00e9curit\u00e9 et de surveillance, y compris la d\u00e9tection automatique des logiciels malveillants, la protection du pare-feu et les analyses de s\u00e9curit\u00e9 r\u00e9guli\u00e8res<\/li>\n<li>Aide \u00e0 am\u00e9liorer la vitesse et les temps de chargement de votre site avec des outils de mise en cache et d&rsquo;optimisation int\u00e9gr\u00e9s, ce qui entra\u00eene une meilleure exp\u00e9rience utilisateur et un classement plus \u00e9lev\u00e9 de moteurs de recherche<\/li>\n<li>Offre un contr\u00f4le complet sur la conception et les fonctionnalit\u00e9s de votre site avec des th\u00e8mes et des widgets personnalisables, vous permettant de cr\u00e9er facilement un site Web unique et professionnel<\/li>\n<li>Livr\u00e9 avec un soutien expert et des mises \u00e0 jour pour une tranquillit\u00e9 d&rsquo;esprit maximale et une optimisation continue du site.<\/li>\n<\/ul>\n","protected":false},"excerpt":{"rendered":"<p>ZigzagPress Away est une application logicielle incroyablement robuste et conviviale qui sert \u00e0 faciliter la gestion et l&rsquo;automatisation de son site Web WordPress. En utilisant son interface hautement intuitive et en tirant parti de sa richesse de fonctionnalit\u00e9s avanc\u00e9es, on peut rationaliser de mani\u00e8re transparente la surveillance de leur site Web, optimiser ses performances et am\u00e9liorer consid\u00e9rablement sa visibilit\u00e9 en ligne. Que l&rsquo;on entre dans la cat\u00e9gorie d&rsquo;un entrepreneur d&rsquo;entreprise \u00e0 petite \u00e9chelle, d&rsquo;un blogueur prolifique ou d&rsquo;un d\u00e9veloppeur capable, Zigzagpress abrite parfaitement toutes les conditions essentielles, permettant ainsi aux individus de maximiser pleinement leur pr\u00e9sence en ligne et d&rsquo;atteindre efficacement leurs objectifs. N&rsquo;h\u00e9sitez pas \u00e0 explorer cette solution remarquable aujourd&rsquo;hui et \u00e0 assister personnellement aux effets transformateurs qu&rsquo;il conf\u00e8re!<\/p>\n","protected":false},"featured_media":146475,"comment_status":"open","ping_status":"open","template":"","meta":[],"product_brand":[2751],"product_cat":[1242,1212,1213],"product_tag":[2318],"class_list":{"0":"post-123287","1":"product","2":"type-product","3":"status-publish","4":"has-post-thumbnail","6":"product_brand-zig-zag-press","7":"product_cat-creatif","8":"product_cat-themes","9":"product_cat-wordpress-themes","10":"product_tag-zig-zag-press","11":"member-discount","12":"discount-restricted","14":"first","15":"instock","16":"sale","17":"downloadable","18":"virtual","19":"sold-individually","20":"purchasable","21":"product-type-simple"},"_links":{"self":[{"href":"https:\/\/gpl-love.com\/fr\/wp-json\/wp\/v2\/product\/123287","targetHints":{"allow":["GET"]}}],"collection":[{"href":"https:\/\/gpl-love.com\/fr\/wp-json\/wp\/v2\/product"}],"about":[{"href":"https:\/\/gpl-love.com\/fr\/wp-json\/wp\/v2\/types\/product"}],"replies":[{"embeddable":true,"href":"https:\/\/gpl-love.com\/fr\/wp-json\/wp\/v2\/comments?post=123287"}],"wp:featuredmedia":[{"embeddable":true,"href":"https:\/\/gpl-love.com\/fr\/wp-json\/wp\/v2\/media\/146475"}],"wp:attachment":[{"href":"https:\/\/gpl-love.com\/fr\/wp-json\/wp\/v2\/media?parent=123287"}],"wp:term":[{"taxonomy":"product_brand","embeddable":true,"href":"https:\/\/gpl-love.com\/fr\/wp-json\/wp\/v2\/product_brand?post=123287"},{"taxonomy":"product_cat","embeddable":true,"href":"https:\/\/gpl-love.com\/fr\/wp-json\/wp\/v2\/product_cat?post=123287"},{"taxonomy":"product_tag","embeddable":true,"href":"https:\/\/gpl-love.com\/fr\/wp-json\/wp\/v2\/product_tag?post=123287"}],"curies":[{"name":"wp","href":"https:\/\/api.w.org\/{rel}","templated":true}]}}