{"id":123285,"date":"2022-05-11T00:00:00","date_gmt":"2022-05-10T22:00:00","guid":{"rendered":"https:\/\/gpl-love.com\/fr\/produit\/zigzagpress-awaken\/"},"modified":"2026-03-20T23:54:35","modified_gmt":"2026-03-20T22:54:35","slug":"zigzagpress-awaken","status":"publish","type":"product","link":"https:\/\/gpl-love.com\/fr\/produit\/zigzagpress-awaken\/","title":{"rendered":"ZigZagPress Awaken 1.2.6"},"content":{"rendered":"<h3>ZigZagPress Awaken Traits<\/h3>\n<p>Zigzagpress Awaken, un th\u00e8me WordPress exceptionnel et de premier ordre, fournit aux individus et aux entreprises un design exquis et contemporain, ce qui en fait le choix id\u00e9al pour ceux qui souhaitent \u00e9tablir une identit\u00e9 en ligne distingu\u00e9e et sophistiqu\u00e9e. Ce th\u00e8me poss\u00e8de une page d&rsquo;accueil qui peut \u00eatre personnalis\u00e9e pour s&rsquo;adapter \u00e0 vos pr\u00e9f\u00e9rences, offrant une pl\u00e9thore de possibilit\u00e9s de mise en page. De plus, il offre un assortiment de formats post-formats et de widgets personnalis\u00e9s qui am\u00e9lioreront sans aucun doute la visibilit\u00e9 et l&rsquo;impact de votre contenu. De plus, Zigzagpress Awaken a \u00e9t\u00e9 m\u00e9ticuleusement optimis\u00e9 pour les appareils mobiles, garantissant que votre site Web pr\u00e9sentera une apparence impeccable sur les \u00e9crans de toutes tailles. Avec ses options de personnalisation conviviales et son support client in\u00e9gal\u00e9, Zigzagpress \u00e9veiller s&rsquo;av\u00e8re incontestablement une excellente s\u00e9lection pour quiconque visant \u00e0 \u00e9lever la conception et la fonctionnalit\u00e9 de leur site Web \u00e0 de nouveaux sommets.<\/p>\n<ul>\n<li>Th\u00e8me WordPress unique et moderne pour les entrepreneurs, les blogueurs et les startups<\/li>\n<li>Conception r\u00e9active avec une disposition propre et minimaliste<\/li>\n<li>Page d&rsquo;accueil flexible et options de mise en page des blogs pour r\u00e9pondre aux besoins individuels<\/li>\n<li>Options de personnalisation et de marque int\u00e9gr\u00e9es pour assurer une apparence unique<\/li>\n<li>SEO optimis\u00e9 pour am\u00e9liorer le classement des moteurs de recherche<\/li>\n<li>Compatible avec les plugins WordPress populaires tels que WooCommerce et MailChimp<\/li>\n<li>Mises \u00e0 jour r\u00e9guli\u00e8res et soutien aux fonctionnalit\u00e9s continues<\/li>\n<li>Interface utilisateur intuitive et fonctionnalit\u00e9s faciles \u00e0 g\u00e9rer pour la gestion de sites Web sans couture<\/li>\n<li>Con\u00e7u avec l&rsquo;exp\u00e9rience utilisateur \u00e0 l&rsquo;esprit pour am\u00e9liorer l&rsquo;engagement et les taux de conversion<\/li>\n<li>Construit avec un code propre et efficace pour am\u00e9liorer la vitesse et les performances du site Web.<\/li>\n<\/ul>\n","protected":false},"excerpt":{"rendered":"<p>Zigzagpress Awaken est un th\u00e8me WordPress d\u00e9licieusement con\u00e7u qui incarne la sophistication et l&rsquo;esth\u00e9tique contemporaine, ce qui en fait un choix id\u00e9al pour les personnes cherchant \u00e0 organiser une plate-forme en ligne poli et raffin\u00e9e. Ce th\u00e8me premium poss\u00e8de un \u00e9ventail d&rsquo;options et de fonctionnalit\u00e9s personnalisables, y compris une page d&rsquo;accueil enti\u00e8rement personnalisable, plusieurs zones de widgets strat\u00e9giquement plac\u00e9es et une int\u00e9gration transparente avec des plugins tr\u00e8s acclam\u00e9s qui am\u00e9liorent la fonctionnalit\u00e9 du site Web. De plus, la r\u00e9activit\u00e9 remarquable du th\u00e8me garantit une exp\u00e9rience de navigation in\u00e9gal\u00e9e, ind\u00e9pendamment de l&rsquo;appareil utilis\u00e9, solidifiant davantage son d\u00e9sirabilit\u00e9. Avec un engagement in\u00e9branlable \u00e0 optimiser l&rsquo;exp\u00e9rience utilisateur et \u00e0 renforcer les fonctionnalit\u00e9s globales, Zigzagpress Awaken est fortement recommand\u00e9 pour les aspirants entrepreneurs, les blogueurs influents et les propri\u00e9taires de petites entreprises ambitieux aspirant \u00e0 se tailler une pr\u00e9sence distinctive dans le domaine num\u00e9rique.<\/p>\n","protected":false},"featured_media":146474,"comment_status":"open","ping_status":"open","template":"","meta":[],"product_brand":[2751],"product_cat":[1242,1212,1213],"product_tag":[2318],"class_list":{"0":"post-123285","1":"product","2":"type-product","3":"status-publish","4":"has-post-thumbnail","6":"product_brand-zig-zag-press","7":"product_cat-creatif","8":"product_cat-themes","9":"product_cat-wordpress-themes","10":"product_tag-zig-zag-press","11":"member-discount","12":"discount-restricted","14":"first","15":"instock","16":"sale","17":"downloadable","18":"virtual","19":"sold-individually","20":"purchasable","21":"product-type-simple"},"_links":{"self":[{"href":"https:\/\/gpl-love.com\/fr\/wp-json\/wp\/v2\/product\/123285","targetHints":{"allow":["GET"]}}],"collection":[{"href":"https:\/\/gpl-love.com\/fr\/wp-json\/wp\/v2\/product"}],"about":[{"href":"https:\/\/gpl-love.com\/fr\/wp-json\/wp\/v2\/types\/product"}],"replies":[{"embeddable":true,"href":"https:\/\/gpl-love.com\/fr\/wp-json\/wp\/v2\/comments?post=123285"}],"wp:featuredmedia":[{"embeddable":true,"href":"https:\/\/gpl-love.com\/fr\/wp-json\/wp\/v2\/media\/146474"}],"wp:attachment":[{"href":"https:\/\/gpl-love.com\/fr\/wp-json\/wp\/v2\/media?parent=123285"}],"wp:term":[{"taxonomy":"product_brand","embeddable":true,"href":"https:\/\/gpl-love.com\/fr\/wp-json\/wp\/v2\/product_brand?post=123285"},{"taxonomy":"product_cat","embeddable":true,"href":"https:\/\/gpl-love.com\/fr\/wp-json\/wp\/v2\/product_cat?post=123285"},{"taxonomy":"product_tag","embeddable":true,"href":"https:\/\/gpl-love.com\/fr\/wp-json\/wp\/v2\/product_tag?post=123285"}],"curies":[{"name":"wp","href":"https:\/\/api.w.org\/{rel}","templated":true}]}}