{"id":123283,"date":"2022-05-11T00:00:00","date_gmt":"2022-05-10T22:00:00","guid":{"rendered":"https:\/\/gpl-love.com\/fr\/produit\/zigzagpress-brighter\/"},"modified":"2026-03-20T23:54:38","modified_gmt":"2026-03-20T22:54:38","slug":"zigzagpress-brighter","status":"publish","type":"product","link":"https:\/\/gpl-love.com\/fr\/produit\/zigzagpress-brighter\/","title":{"rendered":"ZigZagPress Brighter 1.0.2"},"content":{"rendered":"<h3>ZigZagPress Brighter Traits<\/h3>\n<p>Zigzagpress Brighter est un th\u00e8me WordPress extr\u00eamement puissant et extr\u00eamement personnalisable qui est exceptionnellement bien adapt\u00e9 aux personnes cherchant \u00e0 cr\u00e9er un site Web qui d\u00e9gage le professionnalisme et la modernit\u00e9. B\u00e9n\u00e9ficiant d&rsquo;un design qui est \u00e0 la fois vierge et raffin\u00e9, a accord\u00e9 \u00e0 ses utilisateurs une esth\u00e9tique polie et sophistiqu\u00e9e qui est adapt\u00e9e \u00e0 une application commerciale et personnelle. Ce th\u00e8me est \u00e9quip\u00e9 d&rsquo;une vaste gamme de fonctionnalit\u00e9s et d&rsquo;options, y compris une multitude de possibilit\u00e9s de mise en page, la possibilit\u00e9 de personnaliser les couleurs et les polices, et un formidable constructeur de pages qui facilite la cr\u00e9ation sans effort de pages et de dispositions visuellement frappantes. Ind\u00e9pendamment de savoir si vous \u00eates un blogueur exigeant, un pigiste cr\u00e9atif ou un ambitieux propri\u00e9taire de petite entreprise, Zigzagpress Brighter vous offre les outils requis pour forger une pr\u00e9sence en ligne ind\u00e9l\u00e9bile qui vous propulsera sans aucun doute vers la r\u00e9alisation de vos aspirations.<\/p>\n<ul>\n<li>Th\u00e8me WordPress de haute qualit\u00e9 con\u00e7u pour les blogueurs et les entrepreneurs en ligne<\/li>\n<li>Design moderne et visuellement attrayant avec des fonctionnalit\u00e9s personnalisables<\/li>\n<li>Avec une disposition r\u00e9active qui s&rsquo;adapte \u00e0 diff\u00e9rents appareils et tailles d&rsquo;\u00e9cran<\/li>\n<li>Optimisation de SEO int\u00e9gr\u00e9e pour am\u00e9liorer la visibilit\u00e9 du site Web et le classement des moteurs de recherche<\/li>\n<li>Vitesse de chargement rapide et code optimis\u00e9 pour de meilleures performances de site Web<\/li>\n<li>Compatible avec les plugins WordPress populaires tels que WooCommerce et Yoast SEO<\/li>\n<li>Comprend une gamme de dispositions pr\u00e9d\u00e9finies, de widgets personnalis\u00e9s et de mod\u00e8les de page pour faciliter la cr\u00e9ation de sites Web<\/li>\n<li>Acc\u00e8s \u00e0 vie aux mises \u00e0 jour du th\u00e8me et au support client de l&rsquo;\u00e9quipe Zigzagpress<\/li>\n<li>Parfait pour les blogueurs, les pigistes, les propri\u00e9taires de petites entreprises et toute personne qui cherche \u00e0 cr\u00e9er une pr\u00e9sence en ligne professionnelle et engageante.<\/li>\n<\/ul>\n","protected":false},"excerpt":{"rendered":"<p>Zigzagpress Brighter, un th\u00e8me WordPress exceptionnellement robuste cr\u00e9\u00e9 avec l&rsquo;intention d&rsquo;am\u00e9liorer l&rsquo;attrait professionnel et l&rsquo;attrait visuel de votre site Web, est rempli d&rsquo;une myriade de fonctionnalit\u00e9s qui en font un choix id\u00e9al pour les entreprises, les blogueurs et les personnes cherchant \u00e0 \u00e9tablir une pr\u00e9sence en ligne unique. B\u00e9n\u00e9ficiant d&rsquo;un design \u00e9l\u00e9gant et contemporain, ce th\u00e8me garantit une exp\u00e9rience utilisateur impeccable sur tous les appareils en raison de sa disposition pleinement r\u00e9active. De plus, il offre un large \u00e9ventail d&rsquo;options de mise en page personnalisables, vous permettant ainsi de fa\u00e7onner sans effort une esth\u00e9tique distinctive qui s&rsquo;aligne parfaitement sur votre identit\u00e9 de marque. De plus, le th\u00e8me englobe une pl\u00e9thore de fonctionnalit\u00e9s suppl\u00e9mentaires telles qu&rsquo;un en-t\u00eate personnalis\u00e9, des zones de widgets, un mod\u00e8le pleine largeur et bien plus encore. Par cons\u00e9quent, que ce soit un blog modeste ou une plate-forme de commerce \u00e9lectronique \u00e0 multiples facettes que vous aspirez \u00e0 \u00e9tablir, Zigzagpress Brighter englobe tous les outils et ressources n\u00e9cessaires pour que votre site Web rayonne de brillance.<\/p>\n","protected":false},"featured_media":146477,"comment_status":"open","ping_status":"open","template":"","meta":[],"product_brand":[2751],"product_cat":[1242,1212,1213],"product_tag":[2318],"class_list":{"0":"post-123283","1":"product","2":"type-product","3":"status-publish","4":"has-post-thumbnail","6":"product_brand-zig-zag-press","7":"product_cat-creatif","8":"product_cat-themes","9":"product_cat-wordpress-themes","10":"product_tag-zig-zag-press","11":"member-discount","12":"discount-restricted","14":"first","15":"instock","16":"sale","17":"downloadable","18":"virtual","19":"sold-individually","20":"purchasable","21":"product-type-simple"},"_links":{"self":[{"href":"https:\/\/gpl-love.com\/fr\/wp-json\/wp\/v2\/product\/123283","targetHints":{"allow":["GET"]}}],"collection":[{"href":"https:\/\/gpl-love.com\/fr\/wp-json\/wp\/v2\/product"}],"about":[{"href":"https:\/\/gpl-love.com\/fr\/wp-json\/wp\/v2\/types\/product"}],"replies":[{"embeddable":true,"href":"https:\/\/gpl-love.com\/fr\/wp-json\/wp\/v2\/comments?post=123283"}],"wp:featuredmedia":[{"embeddable":true,"href":"https:\/\/gpl-love.com\/fr\/wp-json\/wp\/v2\/media\/146477"}],"wp:attachment":[{"href":"https:\/\/gpl-love.com\/fr\/wp-json\/wp\/v2\/media?parent=123283"}],"wp:term":[{"taxonomy":"product_brand","embeddable":true,"href":"https:\/\/gpl-love.com\/fr\/wp-json\/wp\/v2\/product_brand?post=123283"},{"taxonomy":"product_cat","embeddable":true,"href":"https:\/\/gpl-love.com\/fr\/wp-json\/wp\/v2\/product_cat?post=123283"},{"taxonomy":"product_tag","embeddable":true,"href":"https:\/\/gpl-love.com\/fr\/wp-json\/wp\/v2\/product_tag?post=123283"}],"curies":[{"name":"wp","href":"https:\/\/api.w.org\/{rel}","templated":true}]}}