{"id":123281,"date":"2022-05-11T00:00:00","date_gmt":"2022-05-10T22:00:00","guid":{"rendered":"https:\/\/gpl-love.com\/fr\/produit\/zigzagpress-chic\/"},"modified":"2026-03-20T23:54:39","modified_gmt":"2026-03-20T22:54:39","slug":"zigzagpress-chic","status":"publish","type":"product","link":"https:\/\/gpl-love.com\/fr\/produit\/zigzagpress-chic\/","title":{"rendered":"ZigZagPress Chic 1.3"},"content":{"rendered":"<h3>ZigZagPress Chic Traits<\/h3>\n<p>Zigzagpress Chic, un th\u00e8me WordPress exquis d\u00e9velopp\u00e9 sp\u00e9cifiquement pour les blogueurs de mode et les sites Web de style de vie, est de qualit\u00e9 exceptionnelle. Sa conception est non seulement propre et moderne, mais poss\u00e8de \u00e9galement un air d&rsquo;\u00e9l\u00e9gance et de raffinement, \u00e9levant l&rsquo;apparence de tout site Web qu&rsquo;il orne. Le th\u00e8me est tr\u00e8s adaptable et r\u00e9actif, garantissant que votre contenu est pr\u00e9sent\u00e9 de mani\u00e8re impeccable sur tous les types d&rsquo;appareils. De plus, la facilit\u00e9 avec laquelle vous pouvez personnaliser votre site Web est am\u00e9lior\u00e9e par le constructeur de pages glisser-d\u00e9poser. De plus, Chic offre un assortiment de fonctionnalit\u00e9s remarquables, telles que l&rsquo;int\u00e9gration transparente avec les plateformes de m\u00e9dias sociaux, un large \u00e9ventail de widgets personnalisables et m\u00eame un formulaire de contact int\u00e9gr\u00e9. Arm\u00e9 du th\u00e8me Zigzagpress chic, vous pouvez cr\u00e9er sans effort un site Web qui d\u00e9gage de la beaut\u00e9 et du professionnalisme dans un laps de temps remarquablement court.<\/p>\n<ul>\n<li>Design chic et moderne<\/li>\n<li>Enti\u00e8rement r\u00e9actif et convivial<\/li>\n<li>Compatible avec l&rsquo;\u00e9diteur de Gutenberg<\/li>\n<li>Construit avec Genesis Framework<\/li>\n<li>Options de personnalisation faciles<\/li>\n<li>SEO optimis\u00e9<\/li>\n<li>Vitesse de chargement rapide<\/li>\n<li>Widgets personnalis\u00e9s et mod\u00e8les de page inclus<\/li>\n<li>Option d&rsquo;importation de d\u00e9monstration en un clic pour une configuration facile<\/li>\n<li>Mises \u00e0 jour du th\u00e8me r\u00e9gulier et soutien de l&rsquo;\u00e9quipe Zigzagpress<\/li>\n<\/ul>\n","protected":false},"excerpt":{"rendered":"<p>Zigzagpress Chic est un th\u00e8me WordPress exceptionnellement robuste et visuellement attrayant qui est parfaitement adapt\u00e9 pour fabriquer sans effort des sites Web \u00e9poustouflants et contemporains. Ce th\u00e8me poss\u00e8de un vaste \u00e9ventail de possibilit\u00e9s de personnalisation, comprenant diverses alternatives de mise en page, une pl\u00e9thore de sch\u00e9mas de couleurs et une typographie exquise. De plus, ce th\u00e8me pr\u00e9sente une r\u00e9activit\u00e9 impeccable, garantissant que votre site Web d\u00e9gagera de l&rsquo;excellence sur un appareil donn\u00e9, tout en englobant tous les attributs essentiels requis pour les fonctionnalit\u00e9s optimales, y compris l&rsquo;int\u00e9gration des m\u00e9dias sociaux sans faille, l&rsquo;optimisation m\u00e9ticuleuse du SEO et un assortiment de fonctionnalit\u00e9s suppl\u00e9mentaires. Que vous aspirez \u00e0 construire un blog personnel intime, un site de portfolio illustre ou une boutique en ligne florissante, Zigzagpress Chic est \u00e9quip\u00e9 sans \u00e9quivoque de la bo\u00eete \u00e0 outils compl\u00e8te n\u00e9cessaire pour s&rsquo;assurer que votre site Web captive et se distingue du vaste paysage num\u00e9rique.<\/p>\n","protected":false},"featured_media":146478,"comment_status":"open","ping_status":"open","template":"","meta":[],"product_brand":[2751],"product_cat":[1516,1212,1213],"product_tag":[2318],"class_list":{"0":"post-123281","1":"product","2":"type-product","3":"status-publish","4":"has-post-thumbnail","6":"product_brand-zig-zag-press","7":"product_cat-entreprise","8":"product_cat-themes","9":"product_cat-wordpress-themes","10":"product_tag-zig-zag-press","11":"member-discount","12":"discount-restricted","14":"first","15":"instock","16":"sale","17":"downloadable","18":"virtual","19":"sold-individually","20":"purchasable","21":"product-type-simple"},"_links":{"self":[{"href":"https:\/\/gpl-love.com\/fr\/wp-json\/wp\/v2\/product\/123281","targetHints":{"allow":["GET"]}}],"collection":[{"href":"https:\/\/gpl-love.com\/fr\/wp-json\/wp\/v2\/product"}],"about":[{"href":"https:\/\/gpl-love.com\/fr\/wp-json\/wp\/v2\/types\/product"}],"replies":[{"embeddable":true,"href":"https:\/\/gpl-love.com\/fr\/wp-json\/wp\/v2\/comments?post=123281"}],"wp:featuredmedia":[{"embeddable":true,"href":"https:\/\/gpl-love.com\/fr\/wp-json\/wp\/v2\/media\/146478"}],"wp:attachment":[{"href":"https:\/\/gpl-love.com\/fr\/wp-json\/wp\/v2\/media?parent=123281"}],"wp:term":[{"taxonomy":"product_brand","embeddable":true,"href":"https:\/\/gpl-love.com\/fr\/wp-json\/wp\/v2\/product_brand?post=123281"},{"taxonomy":"product_cat","embeddable":true,"href":"https:\/\/gpl-love.com\/fr\/wp-json\/wp\/v2\/product_cat?post=123281"},{"taxonomy":"product_tag","embeddable":true,"href":"https:\/\/gpl-love.com\/fr\/wp-json\/wp\/v2\/product_tag?post=123281"}],"curies":[{"name":"wp","href":"https:\/\/api.w.org\/{rel}","templated":true}]}}