{"id":123279,"date":"2022-05-11T00:00:00","date_gmt":"2022-05-10T22:00:00","guid":{"rendered":"https:\/\/gpl-love.com\/fr\/produit\/zigzagpress-dulcis\/"},"modified":"2026-03-20T23:54:40","modified_gmt":"2026-03-20T22:54:40","slug":"zigzagpress-dulcis","status":"publish","type":"product","link":"https:\/\/gpl-love.com\/fr\/produit\/zigzagpress-dulcis\/","title":{"rendered":"ZigZagPress Dulcis 1.1"},"content":{"rendered":"<h3>ZigZagPress Dulcis Traits<\/h3>\n<p>Zigzagpress Dulcis, un th\u00e8me WordPress hautement sophistiqu\u00e9 et contemporain, a \u00e9t\u00e9 m\u00e9ticuleusement con\u00e7u pour les entreprises et les personnes cherchant \u00e0 \u00e9tablir une pr\u00e9sence en ligne extraordinaire. B\u00e9n\u00e9ficiant d&rsquo;un design \u00e9l\u00e9gant et raffin\u00e9, Dulcis pr\u00e9sente une pl\u00e9thore d&rsquo;options personnalisables, englobant divers dispositions, une palette vibrante de couleurs, diverses alternatives de typographie et un \u00e9ventail de widgets. Ce th\u00e8me est exceptionnellement adaptatif, s&rsquo;adaptant parfaitement \u00e0 tous les appareils mobiles, garantissant ainsi que votre site Web d\u00e9gage l&rsquo;excellence, quelle que soit la taille de l&rsquo;\u00e9cran. Illustrant les normes Web de pointe et un engagement ind\u00e9fectible \u00e0 l&rsquo;optimisation des moteurs de recherche, Dulcis propulse efficacement votre contenu pour atteindre des classements plus \u00e9lev\u00e9s sur les moteurs de recherche. De plus, le th\u00e8me s&rsquo;int\u00e8gre harmonieusement \u00e0 des plugins largement acclam\u00e9s tels que WooCommerce, Jetpack et Contact Form 7, facilitant l&rsquo;incorporation transparente des fonctionnalit\u00e9s de commerce \u00e9lectronique et d&rsquo;autres fonctionnalit\u00e9s inestimables dans votre site Web. Que vos aspirations englobent la cr\u00e9ation d&rsquo;un blog captivant, d&rsquo;un portfolio impressionnant ou d&rsquo;une boutique en ligne florissante, Zigzagpress Dulcis regorge de tous les outils et ressources essentiels pour propulser vos ambitions pour se conformer.<\/p>\n<ul>\n<li>Zigzagpress Dulcis est un th\u00e8me WordPress tr\u00e8s polyvalent et personnalisable.<\/li>\n<li>Son design propre et moderne aide votre site Web \u00e0 faire une premi\u00e8re impression forte sur les visiteurs.<\/li>\n<li>Le th\u00e8me est sensible aux mobiles, garantissant que votre site a fi\u00e8re allure sur n&rsquo;importe quel appareil.<\/li>\n<li>Avec plusieurs options de page d&rsquo;accueil et de blog, vous pouvez personnaliser l&rsquo;apparence de votre site pour s&rsquo;adapter \u00e0 votre marque.<\/li>\n<li>Dulcis est optimis\u00e9 pour la vitesse et le r\u00e9f\u00e9rencement, aidant votre site Web \u00e0 se classer plus haut dans les pages de r\u00e9sultats des moteurs de recherche.<\/li>\n<li>Le th\u00e8me est \u00e9galement pr\u00eat pour la traduction, vous permettant de cr\u00e9er facilement un site qui parle \u00e0 votre public international.<\/li>\n<li>Vous pouvez utiliser le puissant personnalisateur du th\u00e8me pour changer les couleurs, les polices et autres \u00e9l\u00e9ments de conception sans aucune connaissance de codage requise.<\/li>\n<li>Le package de th\u00e8me comprend une gamme de fonctionnalit\u00e9s pratiques, notamment l&rsquo;int\u00e9gration des m\u00e9dias sociaux, le suivi de Google Analytics et le support WooCommerce.<\/li>\n<li>Avec une documentation compl\u00e8te et un support client amical, vous aurez toutes les ressources dont vous avez besoin pour cr\u00e9er un site Web \u00e9tonnant et efficace avec Dulcis.<\/li>\n<\/ul>\n","protected":false},"excerpt":{"rendered":"<p>Zigzagpress Dulcis est un th\u00e8me WordPress exquis qui a \u00e9t\u00e9 m\u00e9ticuleusement con\u00e7u pour les blogueurs et les cr\u00e9ateurs de contenu \u00e0 la recherche d&rsquo;une esth\u00e9tique sophistiqu\u00e9e et contemporaine. Avec sa disposition impeccablement poli et discr\u00e8te, Dulcis accentue non seulement votre contenu, mais captive et soutient \u00e9galement l&rsquo;int\u00e9r\u00eat des visiteurs de votre site Web. Ce th\u00e8me poss\u00e8de une conception tr\u00e8s r\u00e9active, garantissant une adaptabilit\u00e9 transparente sur divers appareils. De plus, il englobe une gamme de fonctionnalit\u00e9s d&rsquo;optimisation des moteurs de recherche, garantissant une visibilit\u00e9 maximale pour votre site Web. De plus, Dulcis propose une s\u00e9lection approfondie de widgets personnalis\u00e9s, vous permettant de personnaliser et d&rsquo;am\u00e9liorer la fonctionnalit\u00e9 de votre site. Son panneau d&rsquo;options convivial vous permet de personnaliser sans effort tous les aspects de votre site Web. Que vous soyez un connaisseur culinaire, un globe-trotter passionn\u00e9 ou un aficionado de la mode, Dulcis sert de th\u00e8me par excellence pour pr\u00e9senter votre contenu captivant d&rsquo;une mani\u00e8re \u00e9l\u00e9gamment \u00e9l\u00e9gante.<\/p>\n","protected":false},"featured_media":146479,"comment_status":"open","ping_status":"open","template":"","meta":[],"product_brand":[2751],"product_cat":[1242,1212,1213],"product_tag":[2318],"class_list":{"0":"post-123279","1":"product","2":"type-product","3":"status-publish","4":"has-post-thumbnail","6":"product_brand-zig-zag-press","7":"product_cat-creatif","8":"product_cat-themes","9":"product_cat-wordpress-themes","10":"product_tag-zig-zag-press","11":"member-discount","12":"discount-restricted","14":"first","15":"instock","16":"sale","17":"downloadable","18":"virtual","19":"sold-individually","20":"purchasable","21":"product-type-simple"},"_links":{"self":[{"href":"https:\/\/gpl-love.com\/fr\/wp-json\/wp\/v2\/product\/123279","targetHints":{"allow":["GET"]}}],"collection":[{"href":"https:\/\/gpl-love.com\/fr\/wp-json\/wp\/v2\/product"}],"about":[{"href":"https:\/\/gpl-love.com\/fr\/wp-json\/wp\/v2\/types\/product"}],"replies":[{"embeddable":true,"href":"https:\/\/gpl-love.com\/fr\/wp-json\/wp\/v2\/comments?post=123279"}],"wp:featuredmedia":[{"embeddable":true,"href":"https:\/\/gpl-love.com\/fr\/wp-json\/wp\/v2\/media\/146479"}],"wp:attachment":[{"href":"https:\/\/gpl-love.com\/fr\/wp-json\/wp\/v2\/media?parent=123279"}],"wp:term":[{"taxonomy":"product_brand","embeddable":true,"href":"https:\/\/gpl-love.com\/fr\/wp-json\/wp\/v2\/product_brand?post=123279"},{"taxonomy":"product_cat","embeddable":true,"href":"https:\/\/gpl-love.com\/fr\/wp-json\/wp\/v2\/product_cat?post=123279"},{"taxonomy":"product_tag","embeddable":true,"href":"https:\/\/gpl-love.com\/fr\/wp-json\/wp\/v2\/product_tag?post=123279"}],"curies":[{"name":"wp","href":"https:\/\/api.w.org\/{rel}","templated":true}]}}