{"id":123277,"date":"2022-05-11T00:00:00","date_gmt":"2022-05-10T22:00:00","guid":{"rendered":"https:\/\/gpl-love.com\/fr\/produit\/zigzagpress-interiorr\/"},"modified":"2026-03-20T23:54:41","modified_gmt":"2026-03-20T22:54:41","slug":"zigzagpress-interiorr","status":"publish","type":"product","link":"https:\/\/gpl-love.com\/fr\/produit\/zigzagpress-interiorr\/","title":{"rendered":"ZigZagPress Interiorr 1.2"},"content":{"rendered":"<h3>ZigZagPress Interiorr Traits<\/h3>\n<p>Le th\u00e8me int\u00e9rieur Zigzagpress est un th\u00e8me WordPress exceptionnel sp\u00e9cialement con\u00e7u pour les sites Web de design d&rsquo;int\u00e9rieur et de d\u00e9coration int\u00e9rieure. Il est parfaitement adapt\u00e9 aux personnes impatientes de pr\u00e9senter leur portfolio impressionnant, leurs services de premier ordre et leurs produits exceptionnels de mani\u00e8re visuellement captivante et tr\u00e8s professionnelle. Avec sa conception immacul\u00e9e et contemporaine, ses dispositions flexibles et ses fonctionnalit\u00e9s conviviales, Zigzagpress Interior sert d&rsquo;option remarquable pour les personnes qui aspirent \u00e0 \u00e9tablir un site Web de haut niveau qui incarne vraiment l&rsquo;essence de leur entreprise de design d&rsquo;int\u00e9rieur. Ce th\u00e8me remarquable offre un large \u00e9ventail d&rsquo;options qui vous permettent de pr\u00e9senter votre travail de diverses mani\u00e8res, notamment des galeries captivantes, de superbes curseurs et des arri\u00e8re-plans vid\u00e9o captivants. De plus, il pr\u00e9sente une pl\u00e9thore d&rsquo;options de personnalisation pour vous assurer que votre site Web se d\u00e9marque de la foule et repr\u00e9sente authentiquement votre marque unique. En conclusion, Zigzagpress Interior est un choix exceptionnel pour tous ceux qui cherchent \u00e0 cr\u00e9er un site Web visuellement magnifique et tr\u00e8s efficace pour leur entreprise de design d&rsquo;int\u00e9rieur ou de d\u00e9coration int\u00e9rieure.<\/p>\n<ul>\n<li>Th\u00e8me WordPress de haute qualit\u00e9 con\u00e7u pour les sites Web de design d&rsquo;int\u00e9rieur<\/li>\n<li>Design moderne et \u00e9l\u00e9gant, parfait pour pr\u00e9senter des portefeuilles de design d&rsquo;int\u00e9rieur<\/li>\n<li>Sensible au mobile et optimis\u00e9 pour le chargement rapide<\/li>\n<li>Construit avec un code propre et valid\u00e9 pour am\u00e9liorer les performances du site Web<\/li>\n<li>Sch\u00e9mas de couleurs personnalisables et options de typographie pour correspondre \u00e0 l&rsquo;identit\u00e9 de la marque<\/li>\n<li>Plusieurs zones de widgets et mod\u00e8les de page pour une personnalisation et une polyvalence faciles<\/li>\n<li>Boutons de partage des m\u00e9dias sociaux int\u00e9gr\u00e9s pour une promotion facile du contenu<\/li>\n<li>Compatible avec les plugins WordPress populaires pour les fonctionnalit\u00e9s \u00e9tendues<\/li>\n<li>Documentation compl\u00e8te et support client d\u00e9di\u00e9 \u00e0 une exp\u00e9rience utilisateur transparente.<\/li>\n<\/ul>\n","protected":false},"excerpt":{"rendered":"<p>Le th\u00e8me int\u00e9rieur Zigzagpress est un th\u00e8me WordPress extr\u00eamement remarquable qui s&rsquo;adresse aux sites Web de design d&rsquo;int\u00e9rieur. Son design contemporain et \u00e9l\u00e9gant est une plate-forme id\u00e9ale pour pr\u00e9senter un \u00e9ventail de projets, des photos captivantes et des services exceptionnels. Le th\u00e8me lui-m\u00eame est incroyablement flexible, vous accordant la libert\u00e9 de le personnaliser en ajustant un assortiment d&rsquo;\u00e9l\u00e9ments tels que les couleurs, les polices, les dispositions et bien plus encore, tout afin qu&rsquo;il puisse s&rsquo;aligner parfaitement avec votre marque et vos pr\u00e9f\u00e9rences personnelles. En outre, il a \u00e9t\u00e9 m\u00e9ticuleusement optimis\u00e9 pour des performances de r\u00e9f\u00e9rencement sup\u00e9rieures et une compatibilit\u00e9 transparente avec les appareils mobiles, en vous assurant en fin de compte que votre site Web appara\u00eet non seulement visuellement sur n&rsquo;importe quel appareil, mais se classe \u00e9galement exceptionnellement bien sur divers moteurs de recherche. Ce th\u00e8me in\u00e9gal\u00e9 est tout aussi habile \u00e0 r\u00e9pondre aux besoins des entreprises de design d&rsquo;int\u00e9rieur et des blogs, vous permettant de mani\u00e8re transparente de produire un site Web incroyablement professionnel et captivant qui laissera sans aucun doute une impression dur .<\/p>\n","protected":false},"featured_media":146481,"comment_status":"open","ping_status":"open","template":"","meta":[],"product_brand":[2751],"product_cat":[1516,1212,1213],"product_tag":[2318],"class_list":{"0":"post-123277","1":"product","2":"type-product","3":"status-publish","4":"has-post-thumbnail","6":"product_brand-zig-zag-press","7":"product_cat-entreprise","8":"product_cat-themes","9":"product_cat-wordpress-themes","10":"product_tag-zig-zag-press","11":"member-discount","12":"discount-restricted","14":"first","15":"instock","16":"sale","17":"downloadable","18":"virtual","19":"sold-individually","20":"purchasable","21":"product-type-simple"},"_links":{"self":[{"href":"https:\/\/gpl-love.com\/fr\/wp-json\/wp\/v2\/product\/123277","targetHints":{"allow":["GET"]}}],"collection":[{"href":"https:\/\/gpl-love.com\/fr\/wp-json\/wp\/v2\/product"}],"about":[{"href":"https:\/\/gpl-love.com\/fr\/wp-json\/wp\/v2\/types\/product"}],"replies":[{"embeddable":true,"href":"https:\/\/gpl-love.com\/fr\/wp-json\/wp\/v2\/comments?post=123277"}],"wp:featuredmedia":[{"embeddable":true,"href":"https:\/\/gpl-love.com\/fr\/wp-json\/wp\/v2\/media\/146481"}],"wp:attachment":[{"href":"https:\/\/gpl-love.com\/fr\/wp-json\/wp\/v2\/media?parent=123277"}],"wp:term":[{"taxonomy":"product_brand","embeddable":true,"href":"https:\/\/gpl-love.com\/fr\/wp-json\/wp\/v2\/product_brand?post=123277"},{"taxonomy":"product_cat","embeddable":true,"href":"https:\/\/gpl-love.com\/fr\/wp-json\/wp\/v2\/product_cat?post=123277"},{"taxonomy":"product_tag","embeddable":true,"href":"https:\/\/gpl-love.com\/fr\/wp-json\/wp\/v2\/product_tag?post=123277"}],"curies":[{"name":"wp","href":"https:\/\/api.w.org\/{rel}","templated":true}]}}