{"id":123275,"date":"2022-05-11T00:00:00","date_gmt":"2022-05-10T22:00:00","guid":{"rendered":"https:\/\/gpl-love.com\/fr\/produit\/zigzagpress-hyphen\/"},"modified":"2026-03-20T23:54:40","modified_gmt":"2026-03-20T22:54:40","slug":"zigzagpress-hyphen","status":"publish","type":"product","link":"https:\/\/gpl-love.com\/fr\/produit\/zigzagpress-hyphen\/","title":{"rendered":"ZigZagPress Hyphen 1.0.2"},"content":{"rendered":"<h3>ZigZagPress Hyphen Traits<\/h3>\n<p>Zigzagpress Hyphen, un th\u00e8me WordPress exceptionnellement puissant destin\u00e9 explicitement aux blogueurs et aux cr\u00e9ateurs de contenu, poss\u00e8de un design de pointe et captivant qui ne peut pas capturer et saisir l&rsquo;attention de vos lecteurs au moment o\u00f9 ils ont mis les pieds sur votre site Web. Avec son interface intuitivement navigable et un \u00e9ventail d&rsquo;options personnalisables, la mode d&rsquo;un site Web qui refl\u00e8te avec pr\u00e9cision votre style et votre personnage individuels devient un jeu d&rsquo;enfant. De plus, Zigzagpress Hyphen est enti\u00e8rement r\u00e9actif, garantissant un attrait visuel exceptionnel et des fonctionnalit\u00e9s transparentes sur tous les appareils, allant des ordinateurs de bureau aux t\u00e9l\u00e9phones mobiles. De plus, ce th\u00e8me a \u00e9t\u00e9 m\u00e9ticuleusement optimis\u00e9 pour les moteurs de recherche, garantissant que votre pr\u00e9cieux contenu re\u00e7oit la visibilit\u00e9 optimale qu&rsquo;elle m\u00e9rite parmi votre public vis\u00e9. Dans l&rsquo;ensemble, si votre qu\u00eate est de vous procurer un th\u00e8me WordPress de premier ordre qui vous distinguera sans effort des masses, il est sans \u00e9quivoque de donner \u00e0 Zigzagpress la trait d&rsquo;union une contemplation m\u00e9ticuleuse.<\/p>\n<ul>\n<li>Th\u00e8me WordPress de haute qualit\u00e9 con\u00e7u sp\u00e9cifiquement pour les sites de blogs<\/li>\n<li>Options de personnalisation faciles \u00e0 utiliser, y compris les sch\u00e9mas de couleurs et les polices<\/li>\n<li>Conception adapt\u00e9e aux mobiles et r\u00e9active pour une visualisation optimale sur tous les appareils<\/li>\n<li>Compatible avec les plugins WordPress populaires pour des fonctionnalit\u00e9s ajout\u00e9es<\/li>\n<li>La disposition propre et minimaliste aide \u00e0 pr\u00e9senter votre contenu<\/li>\n<li>Fonctionnalit\u00e9s d&rsquo;optimisation SEO int\u00e9gr\u00e9es pour am\u00e9liorer la visibilit\u00e9 de votre site dans les r\u00e9sultats de la recherche<\/li>\n<li>Mises \u00e0 jour r\u00e9guli\u00e8res et excellent support client de Zigzagpress<\/li>\n<li>Options de tarification abordables pour les blogueurs et les propri\u00e9taires de petites entreprises soucieux du budget.<\/li>\n<\/ul>\n","protected":false},"excerpt":{"rendered":"<p>Zigzagpress Hyphen, un th\u00e8me WordPress exceptionnellement polyvalent, d\u00e9gage une aura de raffinement impeccable \u00e0 travers son design exquis et moderne. Ce chef-d&rsquo;\u0153uvre \u00e9l\u00e9gamment fabriqu\u00e9 est sur mesure pour les blogueurs, les influenceurs et les cr\u00e9ateurs de contenu qui aspirent \u00e0 un site Web qui d\u00e9gage sans effort la simplicit\u00e9 et le style. Embrassant l&rsquo;essence de l&rsquo;adaptabilit\u00e9, Hyphen poss\u00e8de un design pleinement r\u00e9actif qui s&rsquo;adapte de mani\u00e8re transparente \u00e0 toute taille d&rsquo;\u00e9cran. En outre, il propose un \u00e9ventail de divers formats de poste, ce qui permet aux utilisateurs de pr\u00e9senter leur contenu de mani\u00e8re engageante et captivante. De plus, la disposition de page d&rsquo;accueil personnalisable accorde aux utilisateurs la libert\u00e9 de personnaliser leur site Web en fonction de leurs pr\u00e9f\u00e9rences uniques. Avec un processus d&rsquo;installation convivial, accompagn\u00e9 d&rsquo;une documentation compl\u00e8te et d&rsquo;un soutien, Zigzagpress Hyphen garantit un voyage sans tracas vers la cr\u00e9ation d&rsquo;une pr\u00e9sence en ligne remarquable qui rayonne le professionnalisme. D\u00e9couvrez l&rsquo;\u00e9clat de Zigzagpress trait d&rsquo;union et regardez votre vision artistique se transformer en toute transparence en une r\u00e9alit\u00e9 captivante.<\/p>\n","protected":false},"featured_media":146480,"comment_status":"open","ping_status":"open","template":"","meta":[],"product_brand":[2751],"product_cat":[1242,1212,1213],"product_tag":[2318],"class_list":{"0":"post-123275","1":"product","2":"type-product","3":"status-publish","4":"has-post-thumbnail","6":"product_brand-zig-zag-press","7":"product_cat-creatif","8":"product_cat-themes","9":"product_cat-wordpress-themes","10":"product_tag-zig-zag-press","11":"member-discount","12":"discount-restricted","14":"first","15":"instock","16":"sale","17":"downloadable","18":"virtual","19":"sold-individually","20":"purchasable","21":"product-type-simple"},"_links":{"self":[{"href":"https:\/\/gpl-love.com\/fr\/wp-json\/wp\/v2\/product\/123275","targetHints":{"allow":["GET"]}}],"collection":[{"href":"https:\/\/gpl-love.com\/fr\/wp-json\/wp\/v2\/product"}],"about":[{"href":"https:\/\/gpl-love.com\/fr\/wp-json\/wp\/v2\/types\/product"}],"replies":[{"embeddable":true,"href":"https:\/\/gpl-love.com\/fr\/wp-json\/wp\/v2\/comments?post=123275"}],"wp:featuredmedia":[{"embeddable":true,"href":"https:\/\/gpl-love.com\/fr\/wp-json\/wp\/v2\/media\/146480"}],"wp:attachment":[{"href":"https:\/\/gpl-love.com\/fr\/wp-json\/wp\/v2\/media?parent=123275"}],"wp:term":[{"taxonomy":"product_brand","embeddable":true,"href":"https:\/\/gpl-love.com\/fr\/wp-json\/wp\/v2\/product_brand?post=123275"},{"taxonomy":"product_cat","embeddable":true,"href":"https:\/\/gpl-love.com\/fr\/wp-json\/wp\/v2\/product_cat?post=123275"},{"taxonomy":"product_tag","embeddable":true,"href":"https:\/\/gpl-love.com\/fr\/wp-json\/wp\/v2\/product_tag?post=123275"}],"curies":[{"name":"wp","href":"https:\/\/api.w.org\/{rel}","templated":true}]}}