{"id":123273,"date":"2022-05-11T00:00:00","date_gmt":"2022-05-10T22:00:00","guid":{"rendered":"https:\/\/gpl-love.com\/fr\/produit\/zigzagpress-plugged\/"},"modified":"2026-03-20T23:54:43","modified_gmt":"2026-03-20T22:54:43","slug":"zigzagpress-plugged","status":"publish","type":"product","link":"https:\/\/gpl-love.com\/fr\/produit\/zigzagpress-plugged\/","title":{"rendered":"ZigZagPress Plugged 1.3"},"content":{"rendered":"<h3>ZigZagPress Plugged Traits<\/h3>\n<p>Zigzagpress plumed, qui est un plugin WordPress tr\u00e8s polyvalent, poss\u00e8de un large \u00e9ventail de fonctionnalit\u00e9s m\u00e9ticuleusement con\u00e7ues pour \u00e9lever \u00e0 la fois la fonctionnalit\u00e9 et l&rsquo;attrait esth\u00e9tique de votre site Web. Ce plugin remarquable englobe non seulement un assortiment de widgets personnalisables, mais propose \u00e9galement des fonctionnalit\u00e9s d&rsquo;optimisation des moteurs de recherche (SEO) de premier ordre, renfor\u00e7ant ainsi les chances de votre site Web de s\u00e9curiser un point convoit\u00e9 dans les \u00e9chelons sup\u00e9rieurs des pages de r\u00e9sultats des moteurs de recherche (SERP). De plus, ce plugin poss\u00e8de une vaste s\u00e9lection de mod\u00e8les et de dispositions pr\u00e9-con\u00e7us, vous permettant de fa\u00e7onner sans effort les pages et les messages artisanaux visuellement. La pure polyvalence de Zigzagpress branch\u00e9e vous permet d&rsquo;adapter sans effort votre site Web pour r\u00e9pondre \u00e0 vos exigences uniques tout en optimisant simultan\u00e9ment votre contenu pour laisser un impact ind\u00e9l\u00e9bile. Que vous vous identifiiez comme un blogueur passionn\u00e9, un propri\u00e9taire d&rsquo;entreprise astucieux ou un professionnel de la cr\u00e9ation visionnaire, Zigzagpress se fait des supports pr\u00eats \u00e0 propulser votre site Web vers des hauteurs in\u00e9gal\u00e9es.<\/p>\n<ul>\n<li>Th\u00e8mes WordPress premium con\u00e7us pour maximiser la pr\u00e9sence en ligne<\/li>\n<li>Optimis\u00e9 pour le r\u00e9f\u00e9rencement<\/li>\n<li>Facile \u00e0 personnaliser avec les fonctionnalit\u00e9s de glisser-d\u00e9poser<\/li>\n<li>Conception sensible au mobile pour une exp\u00e9rience utilisateur sans couture<\/li>\n<li>Acc\u00e8s \u00e0 une biblioth\u00e8que de plus de 40 th\u00e8mes con\u00e7us professionnellement<\/li>\n<li>Mises \u00e0 jour r\u00e9guli\u00e8res et soutien de l&rsquo;\u00e9quipe Zigzagpress<\/li>\n<li>Compatible avec des plugins populaires comme WooCommerce et des formulaires de gravit\u00e9<\/li>\n<li>Compatible avec plusieurs navigateurs<\/li>\n<li>Traduction pr\u00eate pour la port\u00e9e mondiale<\/li>\n<li>Construit avec HTML5 et CSS3 pour les normes de conception Web modernes<\/li>\n<li>Acc\u00e8s \u00e0 vie aux th\u00e8mes actuels et futurs avec un achat unique<\/li>\n<li>Aucune comp\u00e9tence de codage requise<\/li>\n<li>Id\u00e9al pour les particuliers ou les entreprises qui cherchent \u00e0 cr\u00e9er un site Web professionnel rapidement et facilement.<\/li>\n<\/ul>\n","protected":false},"excerpt":{"rendered":"<p>Zigzagpress Plugged, un th\u00e8me WordPress exceptionnel m\u00e9ticuleusement con\u00e7u pour les blogueurs et les cr\u00e9ateurs de contenu, r\u00e9sume un d\u00e9sir inn\u00e9 de montrer leur travail d&rsquo;une mani\u00e8re extr\u00eamement professionnelle et \u00e9l\u00e9gante. B\u00e9n\u00e9ficiant d&rsquo;une vaste gamme de widgets personnalis\u00e9s, d&rsquo;une pl\u00e9thore d&rsquo;options de mise en page et d&rsquo;un design ind\u00e9niablement \u00e9l\u00e9gant et contemporain, ce th\u00e8me est un choix in\u00e9gal\u00e9 pour ceux qui aspirent \u00e0 forger une pr\u00e9sence en ligne frappante qui se distingue sans effort des masses. Sortie de mani\u00e8re transparente aux besoins des blogueurs de mode, des influenceurs de style de vie et des \u00e9crivains de voyage, Zigzagpress branch\u00e9e englobe tous les \u00e9l\u00e9ments essentiels n\u00e9cessaires pour propulser votre site Web \u00e0 des hauteurs sans pr\u00e9c\u00e9dent.<\/p>\n","protected":false},"featured_media":146483,"comment_status":"open","ping_status":"open","template":"","meta":[],"product_brand":[2751],"product_cat":[1242,1212,1213],"product_tag":[2318],"class_list":{"0":"post-123273","1":"product","2":"type-product","3":"status-publish","4":"has-post-thumbnail","6":"product_brand-zig-zag-press","7":"product_cat-creatif","8":"product_cat-themes","9":"product_cat-wordpress-themes","10":"product_tag-zig-zag-press","11":"member-discount","12":"discount-restricted","14":"first","15":"instock","16":"sale","17":"downloadable","18":"virtual","19":"sold-individually","20":"purchasable","21":"product-type-simple"},"_links":{"self":[{"href":"https:\/\/gpl-love.com\/fr\/wp-json\/wp\/v2\/product\/123273","targetHints":{"allow":["GET"]}}],"collection":[{"href":"https:\/\/gpl-love.com\/fr\/wp-json\/wp\/v2\/product"}],"about":[{"href":"https:\/\/gpl-love.com\/fr\/wp-json\/wp\/v2\/types\/product"}],"replies":[{"embeddable":true,"href":"https:\/\/gpl-love.com\/fr\/wp-json\/wp\/v2\/comments?post=123273"}],"wp:featuredmedia":[{"embeddable":true,"href":"https:\/\/gpl-love.com\/fr\/wp-json\/wp\/v2\/media\/146483"}],"wp:attachment":[{"href":"https:\/\/gpl-love.com\/fr\/wp-json\/wp\/v2\/media?parent=123273"}],"wp:term":[{"taxonomy":"product_brand","embeddable":true,"href":"https:\/\/gpl-love.com\/fr\/wp-json\/wp\/v2\/product_brand?post=123273"},{"taxonomy":"product_cat","embeddable":true,"href":"https:\/\/gpl-love.com\/fr\/wp-json\/wp\/v2\/product_cat?post=123273"},{"taxonomy":"product_tag","embeddable":true,"href":"https:\/\/gpl-love.com\/fr\/wp-json\/wp\/v2\/product_tag?post=123273"}],"curies":[{"name":"wp","href":"https:\/\/api.w.org\/{rel}","templated":true}]}}