{"id":123271,"date":"2022-05-11T00:00:00","date_gmt":"2022-05-10T22:00:00","guid":{"rendered":"https:\/\/gpl-love.com\/fr\/produit\/zigzagpress-sneak\/"},"modified":"2026-03-20T23:54:45","modified_gmt":"2026-03-20T22:54:45","slug":"zigzagpress-sneak","status":"publish","type":"product","link":"https:\/\/gpl-love.com\/fr\/produit\/zigzagpress-sneak\/","title":{"rendered":"ZigZagPress Sneak 1.0.1"},"content":{"rendered":"<h3>ZigZagPress Sneak Traits<\/h3>\n<p>Zigzagpress Sneak, un th\u00e8me WordPress extr\u00eamement puissant et convivial, poss\u00e8de la capacit\u00e9 de vous aider sans effort \u00e0 fabriquer un site Web contemporain et experte dans un Jiffy. B\u00e9n\u00e9ficiant d&rsquo;une disposition vierge et adaptable, ce th\u00e8me est un ajustement impeccable pour toute sorte d&rsquo;entreprise, que ce soit une agence de cr\u00e9ation ou une boutique en ligne. Ce qui distingue ce th\u00e8me du reste, c&rsquo;est sa personnalisation compl\u00e8te associ\u00e9e \u00e0 un vaste \u00e9ventail de fonctionnalit\u00e9s, y compris, mais sans s&rsquo;y limiter, des widgets personnalis\u00e9s, une multitude de dispositions de page d&rsquo;accueil, ainsi que l&rsquo;int\u00e9gration int\u00e9gr\u00e9e des m\u00e9dias sociaux. De plus, il englobe un constructeur de pages incroyablement robuste qui vous accorde la libert\u00e9 de fa\u00e7onner sans effort des pages et des messages sur mesure. Que vous soyez un novice ou un d\u00e9veloppeur chevronn\u00e9, le th\u00e8me de Sneak Zigzagpress sert de la quintessence de la perfection pour votre site Web WordPress.<\/p>\n<ul>\n<li>Fournit un design \u00e9l\u00e9gant et moderne pour votre site Web<\/li>\n<li>Livr\u00e9 avec une vari\u00e9t\u00e9 d&rsquo;options personnalisables pour s&rsquo;adapter \u00e0 votre marque<\/li>\n<li>Propose une disposition r\u00e9active, ce qui le rend accessible sur n&rsquo;importe quel appareil<\/li>\n<li>Facile \u00e0 utiliser et \u00e0 configurer, m\u00eame pour ceux qui ont une exp\u00e9rience limit\u00e9e de cr\u00e9ation de sites Web<\/li>\n<li>Comprend divers mod\u00e8les de page pr\u00e9d\u00e9finis pour une cr\u00e9ation facile de pages<\/li>\n<li>Int\u00e9gre parfaitement avec divers plugins WordPress populaires<\/li>\n<li>R\u00e9guli\u00e8rement mis \u00e0 jour avec de nouvelles fonctionnalit\u00e9s et am\u00e9liorations<\/li>\n<li>Fournit un excellent support client et des ressources communautaires pour aider \u00e0 toute question ou probl\u00e8me.<\/li>\n<\/ul>\n","protected":false},"excerpt":{"rendered":"<p>Zigzagpress sneak, un th\u00e8me WordPress exceptionnel m\u00e9ticuleusement con\u00e7u pour les blogueurs et les entreprises en ligne, d\u00e9gage une sup\u00e9riorit\u00e9 in\u00e9gal\u00e9e. Son design \u00e9l\u00e9gant et contemporain conf\u00e8re sans effort un sentiment de professionnalisme et de caract\u00e8re distinctif sur votre site Web. La disposition intelligemment con\u00e7ue guide sans effort les utilisateurs \u00e0 travers votre contenu, am\u00e9liorant son impact visuel. Ce th\u00e8me remarquable offre une pl\u00e9thore d&rsquo;options de personnalisation, vous permettant de la personnaliser en fonction de vos exigences uniques. De plus, sa conception r\u00e9active garantit une adaptabilit\u00e9 transparente sur divers appareils, tandis que sa vitesse de chargement rapide garantit des performances optimales. Zigzagpress Sneak est sans aucun doute la quintessence d&rsquo;un site Web visuellement magnifique et optimis\u00e9 des performances.<\/p>\n","protected":false},"featured_media":146484,"comment_status":"open","ping_status":"open","template":"","meta":[],"product_brand":[2751],"product_cat":[1242,1212,1213],"product_tag":[2318],"class_list":{"0":"post-123271","1":"product","2":"type-product","3":"status-publish","4":"has-post-thumbnail","6":"product_brand-zig-zag-press","7":"product_cat-creatif","8":"product_cat-themes","9":"product_cat-wordpress-themes","10":"product_tag-zig-zag-press","11":"member-discount","12":"discount-restricted","14":"first","15":"instock","16":"sale","17":"downloadable","18":"virtual","19":"sold-individually","20":"purchasable","21":"product-type-simple"},"_links":{"self":[{"href":"https:\/\/gpl-love.com\/fr\/wp-json\/wp\/v2\/product\/123271","targetHints":{"allow":["GET"]}}],"collection":[{"href":"https:\/\/gpl-love.com\/fr\/wp-json\/wp\/v2\/product"}],"about":[{"href":"https:\/\/gpl-love.com\/fr\/wp-json\/wp\/v2\/types\/product"}],"replies":[{"embeddable":true,"href":"https:\/\/gpl-love.com\/fr\/wp-json\/wp\/v2\/comments?post=123271"}],"wp:featuredmedia":[{"embeddable":true,"href":"https:\/\/gpl-love.com\/fr\/wp-json\/wp\/v2\/media\/146484"}],"wp:attachment":[{"href":"https:\/\/gpl-love.com\/fr\/wp-json\/wp\/v2\/media?parent=123271"}],"wp:term":[{"taxonomy":"product_brand","embeddable":true,"href":"https:\/\/gpl-love.com\/fr\/wp-json\/wp\/v2\/product_brand?post=123271"},{"taxonomy":"product_cat","embeddable":true,"href":"https:\/\/gpl-love.com\/fr\/wp-json\/wp\/v2\/product_cat?post=123271"},{"taxonomy":"product_tag","embeddable":true,"href":"https:\/\/gpl-love.com\/fr\/wp-json\/wp\/v2\/product_tag?post=123271"}],"curies":[{"name":"wp","href":"https:\/\/api.w.org\/{rel}","templated":true}]}}