{"id":123269,"date":"2022-05-11T00:00:00","date_gmt":"2022-05-10T22:00:00","guid":{"rendered":"https:\/\/gpl-love.com\/fr\/produit\/zigzagpress-lily\/"},"modified":"2026-03-20T23:54:42","modified_gmt":"2026-03-20T22:54:42","slug":"zigzagpress-lily","status":"publish","type":"product","link":"https:\/\/gpl-love.com\/fr\/produit\/zigzagpress-lily\/","title":{"rendered":"ZigZagPress Lily 1.0.1"},"content":{"rendered":"<h3>ZigZagPress Lily Traits<\/h3>\n<p>Zigzagpress Lily, un th\u00e8me WordPress exceptionnel de la vari\u00e9t\u00e9 premium, poss\u00e8de un design \u00e9l\u00e9gant et moderne qui s&rsquo;adresse aux personnes cherchant \u00e0 \u00e9tablir une pr\u00e9sence en ligne professionnelle. Avec son impressionnant tableau de fonctionnalit\u00e9s robustes et une interface conviviale, ce th\u00e8me s&rsquo;av\u00e8re \u00eatre une solution id\u00e9ale pour les blogueurs, les pigistes et les petites entreprises. Soulignant la polyvalence, il offre plusieurs dispositions et options de personnalisation, permettant aux utilisateurs de fa\u00e7onner un site Web distinctif qui incarne bien leur identit\u00e9 de marque. De plus, Lily priorise la vitesse optimale et int\u00e8gre des techniques d&rsquo;optimisation des moteurs de recherche, garantissant la visibilit\u00e9 de haut rang des sites Web fabriqu\u00e9s avec ce th\u00e8me. De plus, les utilisateurs peuvent se r\u00e9confuser dans le fait que le th\u00e8me s&rsquo;accompagne d&rsquo;un support client exceptionnel et d&rsquo;une documentation compl\u00e8te, facilitant une initiation transparente et une maintenance continue de leur site Web. En r\u00e9sum\u00e9, Zigzagpress Lily se distingue sans \u00e9quivoque comme un choix de premier plan pour les individus \u00e0 la recherche d&rsquo;un th\u00e8me WordPress qui fusionne parfaitement des performances exceptionnelles avec une conception visuellement attrayante.<\/p>\n<ul>\n<li>Un th\u00e8me WordPress professionnel et \u00e9l\u00e9gant de Zigzagpress<\/li>\n<li>Conception enti\u00e8rement r\u00e9active optimis\u00e9e pour tous les appareils de visualisation<\/li>\n<li>Options de mise en page de page d&rsquo;accueil et de page de blog<\/li>\n<li>Sections d&rsquo;en-t\u00eate et de pied de page personnalisables<\/li>\n<li>Int\u00e9gration avec les plateformes de m\u00e9dias sociaux populaires<\/li>\n<li>Compatibilit\u00e9 compl\u00e8te avec les plugins WordPress populaires<\/li>\n<li>Builder de page de glisser-d\u00e9poser et de d\u00e9p\u00f4t convivial inclus<\/li>\n<li>Optimisation de SEO int\u00e9gr\u00e9e pour un meilleur classement des moteurs de recherche<\/li>\n<li>Documentation compl\u00e8te et support client inclus<\/li>\n<li>Importation de d\u00e9monstration en un clic pour configurer rapidement votre site Web<\/li>\n<\/ul>\n","protected":false},"excerpt":{"rendered":"<p>Zigzagpress Lily, qui est un th\u00e8me WordPress hautement sophistiqu\u00e9, a \u00e9t\u00e9 m\u00e9ticuleusement con\u00e7u pour r\u00e9pondre aux exigences pr\u00e9cises des blogueurs et des entrepreneurs qui aspirent \u00e0 \u00e9tablir un site Web de mani\u00e8re exceptionnelle et parfaitement fonctionnelle. Ce th\u00e8me remarquable poss\u00e8de un design remarquablement \u00e9l\u00e9gant et contemporain, accentu\u00e9 d&rsquo;un charme f\u00e9minin doux et captivant, ce qui en fait un choix id\u00e9al non seulement pour les blogueurs de style de vie, mais aussi les blogueurs de mode, ainsi que la myriade d&rsquo;autres professionnels imaginatifs. En vertu de sa r\u00e9activit\u00e9 exceptionnelle, vous pouvez \u00eatre assur\u00e9 en toute confiance que votre site Web d\u00e9gagera un attrait visuel remarquable et pr\u00e9sentera des fonctionnalit\u00e9s transparentes sur un vaste \u00e9ventail d&rsquo;appareils. De plus, les capacit\u00e9s de personnalisation robustes inh\u00e9rentes \u00e0 Zigzagpress Lily vous offrent la possibilit\u00e9 d&rsquo;infuser v\u00e9ritablement votre site Web avec une personnalit\u00e9 distincte qui vous est unique. Il convient \u00e9galement de noter que Zigzagpress Lily a \u00e9t\u00e9 m\u00e9ticuleusement optimis\u00e9 pour l&rsquo;optimisation des moteurs de recherche (SEO), garantissant ainsi que votre blog ou votre entreprise sera d\u00e9couvert sans effort et en \u00e9vidence dans les vastes \u00e9tendues du domaine en ligne. Alors, pourquoi en tarder davantage? D\u00e9couvrez le pouvoir transformateur de Zigzagpress Lily aujourd&rsquo;hui et propulsez votre site Web \u00e0 des sommets in\u00e9gal\u00e9s de succ\u00e8s et de renom.<\/p>\n","protected":false},"featured_media":146482,"comment_status":"open","ping_status":"open","template":"","meta":[],"product_brand":[2751],"product_cat":[1242,1212,1213],"product_tag":[2318],"class_list":{"0":"post-123269","1":"product","2":"type-product","3":"status-publish","4":"has-post-thumbnail","6":"product_brand-zig-zag-press","7":"product_cat-creatif","8":"product_cat-themes","9":"product_cat-wordpress-themes","10":"product_tag-zig-zag-press","11":"member-discount","12":"discount-restricted","14":"first","15":"instock","16":"sale","17":"downloadable","18":"virtual","19":"sold-individually","20":"purchasable","21":"product-type-simple"},"_links":{"self":[{"href":"https:\/\/gpl-love.com\/fr\/wp-json\/wp\/v2\/product\/123269","targetHints":{"allow":["GET"]}}],"collection":[{"href":"https:\/\/gpl-love.com\/fr\/wp-json\/wp\/v2\/product"}],"about":[{"href":"https:\/\/gpl-love.com\/fr\/wp-json\/wp\/v2\/types\/product"}],"replies":[{"embeddable":true,"href":"https:\/\/gpl-love.com\/fr\/wp-json\/wp\/v2\/comments?post=123269"}],"wp:featuredmedia":[{"embeddable":true,"href":"https:\/\/gpl-love.com\/fr\/wp-json\/wp\/v2\/media\/146482"}],"wp:attachment":[{"href":"https:\/\/gpl-love.com\/fr\/wp-json\/wp\/v2\/media?parent=123269"}],"wp:term":[{"taxonomy":"product_brand","embeddable":true,"href":"https:\/\/gpl-love.com\/fr\/wp-json\/wp\/v2\/product_brand?post=123269"},{"taxonomy":"product_cat","embeddable":true,"href":"https:\/\/gpl-love.com\/fr\/wp-json\/wp\/v2\/product_cat?post=123269"},{"taxonomy":"product_tag","embeddable":true,"href":"https:\/\/gpl-love.com\/fr\/wp-json\/wp\/v2\/product_tag?post=123269"}],"curies":[{"name":"wp","href":"https:\/\/api.w.org\/{rel}","templated":true}]}}