{"id":123267,"date":"2022-05-11T00:00:00","date_gmt":"2022-05-10T22:00:00","guid":{"rendered":"https:\/\/gpl-love.com\/fr\/produit\/zigzagpress-boutik\/"},"modified":"2026-03-20T23:54:37","modified_gmt":"2026-03-20T22:54:37","slug":"zigzagpress-boutik","status":"publish","type":"product","link":"https:\/\/gpl-love.com\/fr\/produit\/zigzagpress-boutik\/","title":{"rendered":"ZigZagPress Boutik 1.1.0"},"content":{"rendered":"<h3>ZigZagPress Boutik Traits<\/h3>\n<p>Zigzagpress Boutik, un th\u00e8me WordPress de commerce \u00e9lectronique de pointe et contemporain, a \u00e9t\u00e9 m\u00e9ticuleusement con\u00e7u pour vous permettre d&rsquo;\u00e9tablir une boutique en ligne exquise et de premier ordre. B\u00e9n\u00e9ficiant d&rsquo;un design immacul\u00e9 et sophistiqu\u00e9, Boutik s&rsquo;av\u00e8re \u00eatre la quintessence de la perfection lorsqu&rsquo;il s&rsquo;agit de vendre des v\u00eatements, des accessoires et divers autres produits centr\u00e9s sur la mode. Ce th\u00e8me remarquable offre une vaste gamme d&rsquo;options de personnalisation, garantissant qu&rsquo;il s&rsquo;adapte parfaitement \u00e0 vos exigences sp\u00e9cifiques, tout en fournissant simultan\u00e9ment une pl\u00e9thore de fonctionnalit\u00e9s robustes qui facilitent sans effort la gestion de votre site Web et de vos listes de produits. De plus, Boutik a \u00e9t\u00e9 optimis\u00e9 avec diligence pour les moteurs de recherche, garantissant ainsi que vos produits inestimables sont d\u00e9couvrables sans effort dans le vaste domaine num\u00e9rique. De plus, sa nature r\u00e9active garantit que votre site Web d\u00e9gage de la beaut\u00e9 et des fonctionnalit\u00e9s in\u00e9gal\u00e9es sur tous les appareils et tailles d&rsquo;\u00e9cran. En conclusion, si vous aspirez \u00e0 un th\u00e8me de commerce \u00e9lectronique \u00e9l\u00e9gant et pratique, Boutik Zigzagpress se tient la t\u00eate et les \u00e9paules au-dessus de ses homologues, m\u00e9ritant sans \u00e9quivoque votre plus grande consid\u00e9ration.<\/p>\n<ul>\n<li>Th\u00e8me WordPress personnalisable et r\u00e9actif<\/li>\n<li>Con\u00e7u sp\u00e9cifiquement pour les sites de commerce \u00e9lectronique<\/li>\n<li>Comprend plusieurs dispositions de page d&rsquo;accueil, y compris un curseur pleine largeur et une int\u00e9gration des flux Instagram<\/li>\n<li>Livr\u00e9 avec une vari\u00e9t\u00e9 de mod\u00e8les pr\u00e9fabriqu\u00e9s pour les pages de produits, les articles de blog et plus<\/li>\n<li>Int\u00e9gration int\u00e9gr\u00e9e avec des plateformes de commerce \u00e9lectronique populaires comme WooCommerce et des t\u00e9l\u00e9chargements num\u00e9riques faciles<\/li>\n<li>Optimis\u00e9 pour le r\u00e9f\u00e9rencement et la vitesse, avec du code propre et des temps de chargement rapides<\/li>\n<li>Comprend un constructeur de page de glisser-d\u00e9poser par l&rsquo;utilisateur pour une personnalisation facile<\/li>\n<li>Prend en charge plusieurs langues et devises pour le commerce \u00e9lectronique mondial<\/li>\n<li>Comprend une documentation approfondie et un soutien de l&rsquo;\u00e9quipe Zigzagpress.<\/li>\n<\/ul>\n","protected":false},"excerpt":{"rendered":"<p>Zigzagpress Boutik est un th\u00e8me de commerce de commerce \u00e9lectronique exquis exclusivement adapt\u00e9 \u00e0 WordPress. Exposant une disposition incroyablement sophistiqu\u00e9e, Boutik accentue sans effort votre \u00e9ventail de produits, s&rsquo;effor\u00e7ant de forger une exp\u00e9dition de shopping sans tache pour votre client\u00e8le estim\u00e9e. Ce th\u00e8me poss\u00e8de une conception adaptative, avec un assortiment de widgets personnalis\u00e9s, et prosp\u00e8re sur ses prouesses inh\u00e9rentes \u00e0 l&rsquo;optimisation des moteurs de recherche, enrichissant ainsi la visibilit\u00e9 en ligne de votre magasin estim\u00e9. Aid\u00e9 par Boutik, vous serez autoris\u00e9 \u00e0 administrer de mani\u00e8re transparente vos op\u00e9rations de magasin tout en nourrissant la croissance exponentielle de vos efforts entrepreneuriaux, tout en exsudant un sentiment de confiance in\u00e9branlable.<\/p>\n","protected":false},"featured_media":146476,"comment_status":"open","ping_status":"open","template":"","meta":[],"product_brand":[2751],"product_cat":[1238,1851,1212],"product_tag":[2318],"class_list":{"0":"post-123267","1":"product","2":"type-product","3":"status-publish","4":"has-post-thumbnail","6":"product_brand-zig-zag-press","7":"product_cat-commerce-electronique-themes","8":"product_cat-entreprise-commerce-electronique-themes","9":"product_cat-themes","10":"product_tag-zig-zag-press","11":"member-discount","12":"discount-restricted","14":"first","15":"instock","16":"sale","17":"downloadable","18":"virtual","19":"sold-individually","20":"purchasable","21":"product-type-simple"},"_links":{"self":[{"href":"https:\/\/gpl-love.com\/fr\/wp-json\/wp\/v2\/product\/123267","targetHints":{"allow":["GET"]}}],"collection":[{"href":"https:\/\/gpl-love.com\/fr\/wp-json\/wp\/v2\/product"}],"about":[{"href":"https:\/\/gpl-love.com\/fr\/wp-json\/wp\/v2\/types\/product"}],"replies":[{"embeddable":true,"href":"https:\/\/gpl-love.com\/fr\/wp-json\/wp\/v2\/comments?post=123267"}],"wp:featuredmedia":[{"embeddable":true,"href":"https:\/\/gpl-love.com\/fr\/wp-json\/wp\/v2\/media\/146476"}],"wp:attachment":[{"href":"https:\/\/gpl-love.com\/fr\/wp-json\/wp\/v2\/media?parent=123267"}],"wp:term":[{"taxonomy":"product_brand","embeddable":true,"href":"https:\/\/gpl-love.com\/fr\/wp-json\/wp\/v2\/product_brand?post=123267"},{"taxonomy":"product_cat","embeddable":true,"href":"https:\/\/gpl-love.com\/fr\/wp-json\/wp\/v2\/product_cat?post=123267"},{"taxonomy":"product_tag","embeddable":true,"href":"https:\/\/gpl-love.com\/fr\/wp-json\/wp\/v2\/product_tag?post=123267"}],"curies":[{"name":"wp","href":"https:\/\/api.w.org\/{rel}","templated":true}]}}