{"id":123265,"date":"2022-05-22T00:00:00","date_gmt":"2022-05-21T22:00:00","guid":{"rendered":"https:\/\/gpl-love.com\/fr\/produit\/woocommerce-postnl-shipping-method\/"},"modified":"2026-04-10T18:47:56","modified_gmt":"2026-04-10T16:47:56","slug":"woocommerce-postnl-shipping-method","status":"publish","type":"product","link":"https:\/\/gpl-love.com\/fr\/produit\/woocommerce-postnl-shipping-method\/","title":{"rendered":"WooCommerce PostNL Shipping Method 1.2.7"},"content":{"rendered":"<h3>WooCommerce PostNL Shipping Method Traits<\/h3>\n<p>La m\u00e9thode d&rsquo;exp\u00e9dition WooCommerce PostnL, un plugin d&rsquo;exp\u00e9dition sp\u00e9cialement con\u00e7u pour WooCommerce, offre une int\u00e9gration transparente avec le service de livraison Postnl. Gr\u00e2ce \u00e0 l&rsquo;utilisation de ce plugin, les clients acqui\u00e8rent la capacit\u00e9 pratique \u00e0 d\u00e9signer sans effort Postnl comme m\u00e9thode d&rsquo;exp\u00e9dition pr\u00e9f\u00e9r\u00e9e au moment du paiement. De plus, les propri\u00e9taires de magasins ont la possibilit\u00e9 de g\u00e9n\u00e9rer facilement des \u00e9tiquettes d&rsquo;exp\u00e9dition et de surveiller par la suite les progr\u00e8s de leurs exp\u00e9ditions. Ce plugin exceptionnel accorde \u00e9galement aux utilisateurs la flexibilit\u00e9 de choisir parmi une gamme d&rsquo;options d&rsquo;exp\u00e9dition, y compris la livraison standard et express. De plus, il facilite la personnalisation des pr\u00e9f\u00e9rences de livraison et des frais correspondants. En fin de compte, la m\u00e9thode d&rsquo;exp\u00e9dition WooCommerce POSTNL sert \u00e0 rationaliser le processus d&rsquo;exp\u00e9dition souvent lourd pour les magasins en ligne, leur offrant ainsi un service de livraison in\u00e9gal\u00e9 \u00e0 la fois fiable et tr\u00e8s efficace.<\/p>\n<ul>\n<li>Permet aux utilisateurs de WooCommerce d&rsquo;int\u00e9grer la m\u00e9thode d&rsquo;exp\u00e9dition Postnl dans leur boutique en ligne<\/li>\n<li>Fournit aux clients une option d&rsquo;exp\u00e9dition fiable et rapide pour leurs achats<\/li>\n<li>Prend en charge les destinations d&rsquo;exp\u00e9dition nationales et internationales<\/li>\n<li>Comprend des fonctionnalit\u00e9s de suivi pour tenir les clients \u00e0 jour sur l&rsquo;\u00e9tat de leur commande<\/li>\n<li>Calcule les tarifs d&rsquo;exp\u00e9dition en fonction de la destination et du poids du colis<\/li>\n<li>Offre diverses options de livraison, telles que la livraison standard ou express<\/li>\n<li>G\u00e9n\u00e8re automatiquement les \u00e9tiquettes d&rsquo;exp\u00e9dition et la documentation douani\u00e8re pour l&rsquo;exp\u00e9dition internationale<\/li>\n<li>Int\u00e9gre parfaitement les plates-formes WordPress et WooCommerce<\/li>\n<li>Facile \u00e0 installer et \u00e0 configurer sans n\u00e9cessiter une expertise technique<\/li>\n<li>Fournit un excellent support client et des mises \u00e0 jour r\u00e9guli\u00e8res pour assurer des performances et une compatibilit\u00e9 optimales.<\/li>\n<\/ul>\n","protected":false},"excerpt":{"rendered":"<p>La m\u00e9thode d&rsquo;exp\u00e9dition WooCommerce Postnl est un plugin exceptionnel m\u00e9ticuleusement con\u00e7u pour rationaliser le processus complexe d&rsquo;exp\u00e9dition pour les utilisateurs de WooCommerce situ\u00e9s aux splendides Pays-Bas. Ce plugin remarquable vous permet d&rsquo;amalgame sans effort une gamme de splendides m\u00e9thodes d&rsquo;exp\u00e9dition postnl dans votre boutique WooCommerce, englobant la livraison standard conventionnelle, la livraison du soir impressionnante, la livraison extraordinaire du dimanche et un assortiment d&rsquo;autres options ph\u00e9nom\u00e9nales. De plus, ce plugin extraordinaire vous accorde \u00e9galement la capacit\u00e9 impeccable \u00e0 suivre m\u00e9ticuleusement les exp\u00e9ditions, \u00e0 imprimer de mani\u00e8re transparente et \u00e0 g\u00e9rer avec adroitement les commandes, tous dans les limites de votre tableau de bord WooCommerce, faisant ainsi la t\u00e2che autrement ardue d&rsquo;exp\u00e9dier une brise absolue. Par cons\u00e9quent, en adoptant l&rsquo;extraordinaire m\u00e9thode d&rsquo;exp\u00e9dition WooCommerce Postnl, vous pouvez \u00e9conomiser efficacement le temps consid\u00e9rable et augmenter consid\u00e9rablement la satisfaction de votre client estim\u00e9.<\/p>\n","protected":false},"featured_media":145974,"comment_status":"open","ping_status":"open","template":"","meta":[],"product_brand":[2440],"product_cat":[1182,1223,1181],"product_tag":[1398],"class_list":{"0":"post-123265","1":"product","2":"type-product","3":"status-publish","4":"has-post-thumbnail","6":"product_brand-woocommerce","7":"product_cat-commerce-electronique-plugins","8":"product_cat-personnalisation-commerce-electronique-plugins","9":"product_cat-plugins","10":"product_tag-woocommerce","11":"member-discount","12":"discount-restricted","14":"first","15":"instock","16":"sale","17":"downloadable","18":"virtual","19":"sold-individually","20":"purchasable","21":"product-type-simple"},"_links":{"self":[{"href":"https:\/\/gpl-love.com\/fr\/wp-json\/wp\/v2\/product\/123265","targetHints":{"allow":["GET"]}}],"collection":[{"href":"https:\/\/gpl-love.com\/fr\/wp-json\/wp\/v2\/product"}],"about":[{"href":"https:\/\/gpl-love.com\/fr\/wp-json\/wp\/v2\/types\/product"}],"replies":[{"embeddable":true,"href":"https:\/\/gpl-love.com\/fr\/wp-json\/wp\/v2\/comments?post=123265"}],"wp:featuredmedia":[{"embeddable":true,"href":"https:\/\/gpl-love.com\/fr\/wp-json\/wp\/v2\/media\/145974"}],"wp:attachment":[{"href":"https:\/\/gpl-love.com\/fr\/wp-json\/wp\/v2\/media?parent=123265"}],"wp:term":[{"taxonomy":"product_brand","embeddable":true,"href":"https:\/\/gpl-love.com\/fr\/wp-json\/wp\/v2\/product_brand?post=123265"},{"taxonomy":"product_cat","embeddable":true,"href":"https:\/\/gpl-love.com\/fr\/wp-json\/wp\/v2\/product_cat?post=123265"},{"taxonomy":"product_tag","embeddable":true,"href":"https:\/\/gpl-love.com\/fr\/wp-json\/wp\/v2\/product_tag?post=123265"}],"curies":[{"name":"wp","href":"https:\/\/api.w.org\/{rel}","templated":true}]}}