{"id":123263,"date":"2026-05-05T00:00:00","date_gmt":"2026-05-04T22:00:00","guid":{"rendered":"https:\/\/gpl-love.com\/fr\/produit\/studiopress-navigation-pro-genesis-wordpress-theme\/"},"modified":"2026-05-06T00:31:01","modified_gmt":"2026-05-05T22:31:01","slug":"studiopress-navigation-pro-genesis-wordpress-theme","status":"publish","type":"product","link":"https:\/\/gpl-love.com\/fr\/produit\/studiopress-navigation-pro-genesis-wordpress-theme\/","title":{"rendered":"Studiopress Navigation Pro Genesis WordPress Theme 1.2.3"},"content":{"rendered":"<h3>Studiopress Navigation Pro Genesis WordPress Theme Traits<\/h3>\n<p>Le th\u00e8me WordPress de Studiopress Navigation Pro Genesis, connu pour sa nature tr\u00e8s polyvalente et personnalisable, a \u00e9t\u00e9 soigneusement con\u00e7u pour incarner \u00e0 la fois la fonctionnalit\u00e9 et la beaut\u00e9. Son design \u00e9l\u00e9gant et moderne en fait une option id\u00e9ale pour les entreprises, les blogueurs et les professionnels qui cherchent \u00e0 \u00e9tablir une pr\u00e9sence en ligne professionnelle et dynamique. En plus de cela, ce th\u00e8me poss\u00e8de un syst\u00e8me de navigation robuste qui guide sans effort les visiteurs \u00e0 travers votre site Web, assurant une exp\u00e9rience utilisateur transparente et agr\u00e9able. En outre, il est important de noter que ce th\u00e8me est non seulement tr\u00e8s r\u00e9actif mais \u00e9galement optimis\u00e9 pour les moteurs de recherche, garantissant que votre site Web restera constamment accessible et visible pour votre public cible pr\u00e9vu. Offrant une vaste gamme de possibilit\u00e9s de personnalisation, allant de diverses options de mise en page \u00e0 divers sch\u00e9mas de couleurs et choix de typographie, le th\u00e8me WordPress Pro Genesis de Studiopress se pr\u00e9sente vraiment comme une solution impeccable pour les individus en qu\u00eate de cr\u00e9ation d&rsquo;un site Web extraordinaire et raffin\u00e9.<\/p>\n<ul>\n<li>Design \u00e9l\u00e9gant et moderne<\/li>\n<li>Options de navigation avanc\u00e9es pour une navigation facile<\/li>\n<li>Mobile r\u00e9actif pour une visualisation transparente sur tous les appareils<\/li>\n<li>Options de personnalisation flexibles pour correspondre \u00e0 l&rsquo;apparence et \u00e0 la sensation de votre marque<\/li>\n<li>Am\u00e9lioration de la vitesse et des performances du site<\/li>\n<li>Fonctionnalit\u00e9 de recherche int\u00e9gr\u00e9e<\/li>\n<li>Interface utilisateur intuitive pour la navigation sans effort<\/li>\n<li>Compatible avec divers plugins pour ajouter des fonctionnalit\u00e9s<\/li>\n<li>Acc\u00e8s aux mises \u00e0 jour et soutien en cours d&rsquo;experts de Studiopress<\/li>\n<li>Options de personnalisation pour une exp\u00e9rience utilisateur unique et adapt\u00e9e<\/li>\n<\/ul>\n","protected":false},"excerpt":{"rendered":"<p>Le th\u00e8me WordPress de Studiopress Navigation Pro Genesis se pr\u00e9sente comme un th\u00e8me haut de gamme m\u00e9ticuleusement con\u00e7u qui m\u00e9lange de mani\u00e8re transparente une esth\u00e9tique minimaliste \u00e9l\u00e9gante avec une solide suite de fonctionnalit\u00e9s. Tirant parti de la puissance du cadre Genesis, ce th\u00e8me permet aux utilisateurs un syst\u00e8me de menu enti\u00e8rement personnalisable, permettant la cr\u00e9ation de sites Web sophistiqu\u00e9s et intuitivement navigables. B\u00e9n\u00e9ficiant de la r\u00e9activit\u00e9 mobile, de l&rsquo;optimisation des moteurs de recherche et des temps de chargement plus rapides, ce th\u00e8me est un choix id\u00e9al pour les blogueurs, les propri\u00e9taires d&rsquo;entreprise et les cr\u00e9ateurs de contenu qui cherchent \u00e0 am\u00e9liorer leur empreinte num\u00e9rique. Que vos aspirations se trouvent dans la poursuite d&rsquo;un design contemporain et poli, une exp\u00e9rience de navigation intuitive sans effort ou une performance in\u00e9branlable, le th\u00e8me WordPress de la navigation Studiopress est pr\u00eate \u00e0 remplir toutes vos aspirations et exigences de votre site Web.<\/p>\n","protected":false},"featured_media":145384,"comment_status":"open","ping_status":"open","template":"","meta":[],"product_brand":[2454],"product_cat":[1242,1212,1213],"product_tag":[1358],"class_list":{"0":"post-123263","1":"product","2":"type-product","3":"status-publish","4":"has-post-thumbnail","6":"product_brand-studiopress","7":"product_cat-creatif","8":"product_cat-themes","9":"product_cat-wordpress-themes","10":"product_tag-studiopress","11":"member-discount","12":"discount-restricted","14":"first","15":"instock","16":"sale","17":"downloadable","18":"virtual","19":"sold-individually","20":"purchasable","21":"product-type-simple"},"_links":{"self":[{"href":"https:\/\/gpl-love.com\/fr\/wp-json\/wp\/v2\/product\/123263","targetHints":{"allow":["GET"]}}],"collection":[{"href":"https:\/\/gpl-love.com\/fr\/wp-json\/wp\/v2\/product"}],"about":[{"href":"https:\/\/gpl-love.com\/fr\/wp-json\/wp\/v2\/types\/product"}],"replies":[{"embeddable":true,"href":"https:\/\/gpl-love.com\/fr\/wp-json\/wp\/v2\/comments?post=123263"}],"wp:featuredmedia":[{"embeddable":true,"href":"https:\/\/gpl-love.com\/fr\/wp-json\/wp\/v2\/media\/145384"}],"wp:attachment":[{"href":"https:\/\/gpl-love.com\/fr\/wp-json\/wp\/v2\/media?parent=123263"}],"wp:term":[{"taxonomy":"product_brand","embeddable":true,"href":"https:\/\/gpl-love.com\/fr\/wp-json\/wp\/v2\/product_brand?post=123263"},{"taxonomy":"product_cat","embeddable":true,"href":"https:\/\/gpl-love.com\/fr\/wp-json\/wp\/v2\/product_cat?post=123263"},{"taxonomy":"product_tag","embeddable":true,"href":"https:\/\/gpl-love.com\/fr\/wp-json\/wp\/v2\/product_tag?post=123263"}],"curies":[{"name":"wp","href":"https:\/\/api.w.org\/{rel}","templated":true}]}}