{"id":123261,"date":"2026-05-05T00:00:00","date_gmt":"2026-05-04T22:00:00","guid":{"rendered":"https:\/\/gpl-love.com\/fr\/produit\/studiopress-revolution-pro-genesis-wordpress-theme\/"},"modified":"2026-05-06T00:31:02","modified_gmt":"2026-05-05T22:31:02","slug":"studiopress-revolution-pro-genesis-wordpress-theme","status":"publish","type":"product","link":"https:\/\/gpl-love.com\/fr\/produit\/studiopress-revolution-pro-genesis-wordpress-theme\/","title":{"rendered":"Studiopress Revolution Pro Genesis WordPress Theme 1.5.2"},"content":{"rendered":"<h3>Studiopress Revolution Pro Genesis WordPress Theme Traits<\/h3>\n<p>Le th\u00e8me WordPress de Studiopress Revolution Pro Genesis se pr\u00e9sente comme une alternative optimale pour les entreprises et les blogueurs qui aspirent \u00e0 un site Web qui d\u00e9gage la sophistication et le professionnalisme. Son design contemporain et adaptable en fait la plate-forme parfaite pour pr\u00e9senter et mettre en \u00e9vidence vos produits ou services. De plus, ce th\u00e8me poss\u00e8de la vertu d&rsquo;\u00eatre r\u00e9actif et conforme sans effort \u00e0 toute taille d&rsquo;\u00e9cran, offrant ainsi \u00e0 vos visiteurs une exp\u00e9rience de navigation transparente sur leurs smartphones, tablettes ou ordinateurs de bureau. Ce qui distingue en outre Revolution Pro est sa fondation, qui est ciment\u00e9e dans le cadre de Genesis, garantissant que la s\u00e9curit\u00e9 et les performances de votre site Web restent ferme. En gardant \u00e0 l&rsquo;esprit son \u00e9ventail remarquable de fonctionnalit\u00e9s avanc\u00e9es, de param\u00e8tres personnalisables et de code impeccable, il devient \u00e9vident que le th\u00e8me Studiopress Revolution Pro est sans \u00e9quivoque un investissement prudent et judicieux pour toute aspiration individuelle \u00e0 \u00e9lever leur site Web \u00e0 des sommets sans pr\u00e9c\u00e9dent.<\/p>\n<ul>\n<li>Th\u00e8me WordPress hautement personnalisable<\/li>\n<li>Construit sur le cadre Genesis<\/li>\n<li>Design propre et moderne<\/li>\n<li>Sensible aux mobiles<\/li>\n<li>Compatible avec l&rsquo;\u00e9diteur de Gutenberg<\/li>\n<li>Vitesse de chargement rapide<\/li>\n<li>De r\u00e9f\u00e9rencement<\/li>\n<li>Comprend des mod\u00e8les de page pr\u00e9-con\u00e7us<\/li>\n<li>Prend en charge les widgets personnalis\u00e9s et les codes short<\/li>\n<li>Comprend des options de th\u00e8me pour une personnalisation facile<\/li>\n<li>Excellent support client de l&rsquo;\u00e9quipe Studiopress<\/li>\n<li>Mises \u00e0 jour r\u00e9guli\u00e8res et correctifs de s\u00e9curit\u00e9 fournis.<\/li>\n<\/ul>\n","protected":false},"excerpt":{"rendered":"<p>Le Studiopress Revolution Pro repr\u00e9sente un th\u00e8me WordPress de la plus haute qualit\u00e9, forg\u00e9 sur le cadre Genesis robuste et robuste. Ce th\u00e8me particulier, offrant une apparence \u00e0 la fois \u00e0 la mode et contemporaine, a \u00e9t\u00e9 sp\u00e9cifiquement d\u00e9velopp\u00e9 pour aider les entreprises et les individus ambitieux dans l&rsquo;\u00e9laboration d&rsquo;une pr\u00e9sence en ligne \u00e0 la fois professionnelle et captivante, tout en maintenant un \u00e9tat de plus en plus simplicit\u00e9. Avec ses en-t\u00eates et ses pages d&rsquo;accueil qui peuvent \u00eatre personnalis\u00e9s pour r\u00e9pondre \u00e0 ses besoins, et une gamme d&rsquo;options de mise en page \u00e0 choisir, Revolution Pro offre une plate-forme absolument \u00e0 couper le souffle pour montrer efficacement votre marque, mais aussi les services que vous offrez. De plus, ce th\u00e8me exceptionnel a \u00e9t\u00e9 m\u00e9ticuleusement con\u00e7u pour optimiser \u00e0 la fois la vitesse et l&rsquo;optimisation des moteurs de recherche, garantissant que votre site Web se chargera rapidement et montera dans le classement dans les r\u00e9sultats des moteurs de recherche. Que vous vous identifiiez en tant que blogueur, marketing ou entrepreneur de startup, Revolution Pro englobe v\u00e9ritablement tous les composants n\u00e9cessaires pour vous assurer que vous vous d\u00e9marquerez sans \u00e9quivoque parmi la vaste \u00e9tendue d&rsquo;Internet, laissant ainsi une impression ind\u00e9l\u00e9bile sur votre public cible.<\/p>\n","protected":false},"featured_media":145392,"comment_status":"open","ping_status":"open","template":"","meta":[],"product_brand":[2454],"product_cat":[1242,1212,1213],"product_tag":[1358],"class_list":{"0":"post-123261","1":"product","2":"type-product","3":"status-publish","4":"has-post-thumbnail","6":"product_brand-studiopress","7":"product_cat-creatif","8":"product_cat-themes","9":"product_cat-wordpress-themes","10":"product_tag-studiopress","11":"member-discount","12":"discount-restricted","14":"first","15":"instock","16":"sale","17":"downloadable","18":"virtual","19":"sold-individually","20":"purchasable","21":"product-type-simple"},"_links":{"self":[{"href":"https:\/\/gpl-love.com\/fr\/wp-json\/wp\/v2\/product\/123261","targetHints":{"allow":["GET"]}}],"collection":[{"href":"https:\/\/gpl-love.com\/fr\/wp-json\/wp\/v2\/product"}],"about":[{"href":"https:\/\/gpl-love.com\/fr\/wp-json\/wp\/v2\/types\/product"}],"replies":[{"embeddable":true,"href":"https:\/\/gpl-love.com\/fr\/wp-json\/wp\/v2\/comments?post=123261"}],"wp:featuredmedia":[{"embeddable":true,"href":"https:\/\/gpl-love.com\/fr\/wp-json\/wp\/v2\/media\/145392"}],"wp:attachment":[{"href":"https:\/\/gpl-love.com\/fr\/wp-json\/wp\/v2\/media?parent=123261"}],"wp:term":[{"taxonomy":"product_brand","embeddable":true,"href":"https:\/\/gpl-love.com\/fr\/wp-json\/wp\/v2\/product_brand?post=123261"},{"taxonomy":"product_cat","embeddable":true,"href":"https:\/\/gpl-love.com\/fr\/wp-json\/wp\/v2\/product_cat?post=123261"},{"taxonomy":"product_tag","embeddable":true,"href":"https:\/\/gpl-love.com\/fr\/wp-json\/wp\/v2\/product_tag?post=123261"}],"curies":[{"name":"wp","href":"https:\/\/api.w.org\/{rel}","templated":true}]}}