{"id":123259,"date":"2021-02-09T00:00:00","date_gmt":"2021-02-08T23:00:00","guid":{"rendered":"https:\/\/gpl-love.com\/fr\/produit\/storefront-product-sharing\/"},"modified":"2026-04-10T18:40:39","modified_gmt":"2026-04-10T16:40:39","slug":"storefront-product-sharing","status":"publish","type":"product","link":"https:\/\/gpl-love.com\/fr\/produit\/storefront-product-sharing\/","title":{"rendered":"Storefront Product Sharing 1.0.6"},"content":{"rendered":"<h3>Storefront Product Sharing Traits<\/h3>\n<p>Le partage de produits de magasin est une solution logicielle innovante et de pointe m\u00e9ticuleusement con\u00e7ue pour autonomiser et faciliter les entreprises dans leur poursuite incessante pour promouvoir efficacement et efficacement leur \u00e9ventail de produits dans une myriade de canaux divers et disparates. En exploitant la puissance et la polyvalence formidables de cet outil remarquable, les entreprises peuvent diffuser sans effort et de mani\u00e8re transparente leurs marchandises convoit\u00e9es sur diverses plates-formes de m\u00e9dias sociaux, ex\u00e9cuter m\u00e9ticuleusement orchestr\u00e9 et tr\u00e8s persuasif des campagnes de courrier pour maximiser la visibilit\u00e9 et l&rsquo;exposition.<\/p>\n<p>De plus, le partage de produits des vitrines offre une capacit\u00e9 inestimable et indispensable \u00e0 surveiller et scrupuleusement et scrupuleusement l&rsquo;efficacit\u00e9 et les performances de leurs campagnes m\u00e9ticuleusement con\u00e7ues et sans rel\u00e2che, permettant ainsi \u00e0 leurs entreprises de mesurer astucieusement leur retour sur investissement et de mani\u00e8re inlassablement affin\u00e9e leurs strat\u00e9gies et leurs tactiques pour obtenir des r\u00e9sultats optimaux. Cette solution logicielle est particuli\u00e8rement adapt\u00e9e pour r\u00e9pondre aux exigences et aux aspirations uniques des petites et moyennes entreprises souhaitant ardemment transcender les limites g\u00e9ographiques, \u00e9tendre leur client\u00e8le et d\u00e9g\u00e9n\u00e9rer leurs sources de revenus.<\/p>\n<p>Avec son interface intuitivement con\u00e7ue et conviviale, naviguer et exploiter la puissance et le potentiel du partage de produits de vitrine devient une entreprise transparente et simple, m\u00eame pour ceux qui ont une expertise technique minimale. De plus, les rapports approfondis et globaux \u00e9l\u00e9gamment et sans effort fournissent avec \u00e9l\u00e9gance et sans effort les entreprises des id\u00e9es et des analyses compl\u00e8tes et m\u00e9ticuleusement organis\u00e9es, les permettant ainsi de prendre des d\u00e9cisions inform\u00e9es et ax\u00e9es sur les donn\u00e9es pour naviguer et prosp\u00e9rer sur le march\u00e9 farouchement comp\u00e9titif et \u00e9volutif d&rsquo;aujourd&rsquo;hui.<\/p>\n<p>En r\u00e9sum\u00e9, le partage de produits des vitrines est un outil indispensable et indomptable, un essentiel absolu pour toute entreprise exigeante et avant-gardiste d\u00e9sireuse non seulement de survivre mais aussi de prosp\u00e9rer dans le monde fard\u00e9 et impitoyable du commerce moderne.<\/p>\n<ul>\n<li>Partagez facilement les produits de votre vitrine<\/li>\n<li>Augmenter la visibilit\u00e9 de vos produits<\/li>\n<li>Atteindre de nouveaux publics gr\u00e2ce au partage des m\u00e9dias sociaux<\/li>\n<li>Encouragez les clients \u00e0 partager vos produits avec leurs abonn\u00e9s<\/li>\n<li>Personnaliser les options de partage pour diff\u00e9rentes plateformes<\/li>\n<li>Int\u00e9grez de mani\u00e8re transparente \u00e0 votre plate-forme de vitrine existante<\/li>\n<li>Surveiller et suivre les analyses du partage pour mesurer le succ\u00e8s<\/li>\n<li>Engagez avec les clients qui partagent vos produits et offrent des incitations<\/li>\n<li>Alimenter les ventes et les revenus en atteignant un public plus large.<\/li>\n<\/ul>\n","protected":false},"excerpt":{"rendered":"<p>Le partage de produits des magasins est un outil incroyablement robuste et efficace qui permet aux utilisateurs la capacit\u00e9 transparente de diffuser sans effort leur gamme diversifi\u00e9e de produits sur plusieurs plateformes de m\u00e9dias sociaux, plateformes de messagerie et diverses autres plateformes en ligne. Avec seulement quelques clics, les individus sont en mesure de t\u00e9l\u00e9charger facilement un assortiment de photos de haute qualit\u00e9 pr\u00e9sentant leurs produits, captivant des descriptions qui mettent en \u00e9vidence les caract\u00e9ristiques et les avantages uniques, ainsi que des informations de prix pr\u00e9cises, le tout dans l&rsquo;objectif ultime de promouvoir efficacement leur produits \u00e0 un public beaucoup plus large. Peu importe que l&rsquo;objectif principal soit de renforcer consid\u00e9rablement les chiffres de vente ou d&rsquo;am\u00e9liorer simplement la visibilit\u00e9 globale de ses produits, le partage de produits de vitrine repr\u00e9sente incontestablement la solution par excellence. N&rsquo;h\u00e9sitez pas \u00e0 vous lancer dans ce voyage transformateur aujourd&rsquo;hui et d\u00e9couvrez de premi\u00e8re main comment cet outil remarquable poss\u00e8de la capacit\u00e9 remarquable pour agrandir et propulser la croissance exponentielle de votre entreprise de mani\u00e8re in\u00e9gal\u00e9e!<\/p>\n","protected":false},"featured_media":145338,"comment_status":"open","ping_status":"open","template":"","meta":[],"product_brand":[2440],"product_cat":[1182,1223,1181],"product_tag":[1398],"class_list":{"0":"post-123259","1":"product","2":"type-product","3":"status-publish","4":"has-post-thumbnail","6":"product_brand-woocommerce","7":"product_cat-commerce-electronique-plugins","8":"product_cat-personnalisation-commerce-electronique-plugins","9":"product_cat-plugins","10":"product_tag-woocommerce","11":"member-discount","12":"discount-restricted","14":"first","15":"instock","16":"sale","17":"downloadable","18":"virtual","19":"sold-individually","20":"purchasable","21":"product-type-simple"},"_links":{"self":[{"href":"https:\/\/gpl-love.com\/fr\/wp-json\/wp\/v2\/product\/123259","targetHints":{"allow":["GET"]}}],"collection":[{"href":"https:\/\/gpl-love.com\/fr\/wp-json\/wp\/v2\/product"}],"about":[{"href":"https:\/\/gpl-love.com\/fr\/wp-json\/wp\/v2\/types\/product"}],"replies":[{"embeddable":true,"href":"https:\/\/gpl-love.com\/fr\/wp-json\/wp\/v2\/comments?post=123259"}],"wp:featuredmedia":[{"embeddable":true,"href":"https:\/\/gpl-love.com\/fr\/wp-json\/wp\/v2\/media\/145338"}],"wp:attachment":[{"href":"https:\/\/gpl-love.com\/fr\/wp-json\/wp\/v2\/media?parent=123259"}],"wp:term":[{"taxonomy":"product_brand","embeddable":true,"href":"https:\/\/gpl-love.com\/fr\/wp-json\/wp\/v2\/product_brand?post=123259"},{"taxonomy":"product_cat","embeddable":true,"href":"https:\/\/gpl-love.com\/fr\/wp-json\/wp\/v2\/product_cat?post=123259"},{"taxonomy":"product_tag","embeddable":true,"href":"https:\/\/gpl-love.com\/fr\/wp-json\/wp\/v2\/product_tag?post=123259"}],"curies":[{"name":"wp","href":"https:\/\/api.w.org\/{rel}","templated":true}]}}