{"id":123257,"date":"2021-02-09T00:00:00","date_gmt":"2021-02-08T23:00:00","guid":{"rendered":"https:\/\/gpl-love.com\/fr\/produit\/storefront-product-hero\/"},"modified":"2026-04-10T18:40:38","modified_gmt":"2026-04-10T16:40:38","slug":"storefront-product-hero","status":"publish","type":"product","link":"https:\/\/gpl-love.com\/fr\/produit\/storefront-product-hero\/","title":{"rendered":"Storefront Product Hero 1.2.13"},"content":{"rendered":"<h3>Storefront Product Hero Traits<\/h3>\n<p>Le h\u00e9ros du produit de devanture, qui est un outil incroyablement puissant, a \u00e9t\u00e9 sp\u00e9cifiquement d\u00e9velopp\u00e9 pour pr\u00e9senter efficacement vos produits, capturant ainsi l&rsquo;int\u00e9r\u00eat et l&rsquo;attention des clients potentiels. Cet outil remarquable offre une exposition sophistiqu\u00e9e et contemporaine de vos articles en vedette ou les plus vendus, les pla\u00e7ant ainsi sous les projecteurs et en faisant les vraies \u00e9toiles de votre vitrine. Ce qui distingue ce h\u00e9ros de produit, c&rsquo;est son niveau de personnalisation remarquable, vous permettant d&rsquo;adapter sans effort la mise en page, la palette de couleurs et la police afin de s&rsquo;aligner parfaitement avec votre marque. De plus, ce h\u00e9ros de produit a \u00e9t\u00e9 m\u00e9ticuleusement optimis\u00e9 pour des performances optimales sur les appareils mobiles, garantissant que vos produits d\u00e9gageont l&rsquo;excellence et l&rsquo;attrait, quelle que soit la taille de l&rsquo;\u00e9cran. En capitalisant sur les immenses avantages offerts par le h\u00e9ros du produit de devanture, vous avez l&rsquo;incroyable opportunit\u00e9 d&rsquo;am\u00e9liorer et d&rsquo;\u00e9lever votre vitrine, ce qui entra\u00eene une augmentation substantielle des ventes, gracieuset\u00e9 de ces affichages de produits fascinants et captivants.<\/p>\n<ul>\n<li>Affichage de vitrine accrocheur pour les produits<\/li>\n<li>Visuels et graphiques de haute qualit\u00e9 pour pr\u00e9senter des produits sous leur meilleure lumi\u00e8re<\/li>\n<li>Design personnalisable pour s&rsquo;adapter \u00e0 l&rsquo;esth\u00e9tique de toute marque ou magasin<\/li>\n<li>Interface facile \u00e0 utiliser pour mettre \u00e0 jour et faire pivoter les produits selon les besoins<\/li>\n<li>Options d&rsquo;affichage interactives pour engager les clients et encourager les ventes<\/li>\n<li>Aide \u00e0 attirer le trafic pi\u00e9tonnier et \u00e0 accro\u00eetre la notori\u00e9t\u00e9 de la marque<\/li>\n<li>Peut \u00eatre utilis\u00e9 pour les vitrines physiques et les plateformes de commerce \u00e9lectronique en ligne<\/li>\n<li>Moyen efficace de pr\u00e9senter des produits en vedette ou de nouveaux produits<\/li>\n<li>Fournit un avantage concurrentiel sur le march\u00e9 en cr\u00e9ant une vitrine visuellement attrayante<\/li>\n<li>Accessible \u00e0 un large \u00e9ventail de clients, y compris ceux qui n&rsquo;auraient peut-\u00eatre pas pris en compte la marque ou le produit.<\/li>\n<\/ul>\n","protected":false},"excerpt":{"rendered":"<p>Storefront Product Hero est un outil exceptionnellement impressionnant, qui fournit une pr\u00e9sentation de produits visuellement captivante sur votre site Web estim\u00e9. Il vous aide \u00e0 montrer efficacement votre vaste gamme de produits et \u00e0 s\u00e9duire avec succ\u00e8s l&rsquo;attention indivise de vos clients exigeants, vous permettant ainsi de fabriquer une exp\u00e9rience d&rsquo;achat virtuelle globale et profond\u00e9ment captivante. L&rsquo;outil a \u00e9t\u00e9 soigneusement con\u00e7u pour fonctionner dans une harmonie parfaite avec votre vitrine de conception complexe, vous offrant ainsi une simplicit\u00e9 in\u00e9gal\u00e9e lorsqu&rsquo;il s&rsquo;agit de modifier et d&rsquo;administrer votre vaste catalogue de produits. En optant pour Storefront Product Hero, vous avez l&rsquo;occasion in\u00e9gal\u00e9e d&rsquo;\u00e9lever votre entreprise de commerce \u00e9lectronique \u00e0 des hauteurs sans pr\u00e9c\u00e9dent, tout en augmentant simultan\u00e9ment de mani\u00e8re significative votre rentabilit\u00e9 et vos chiffres de vente globaux. Ne perdez pas de temps \u00e0 se lancer dans ce voyage transformateur &#8211; commencez aujourd&rsquo;hui et laissez la magnificence pure de vos produits exquis rayonner et captiver!<\/p>\n","protected":false},"featured_media":145337,"comment_status":"open","ping_status":"open","template":"","meta":[],"product_brand":[2440],"product_cat":[1182,1223,1181],"product_tag":[1398],"class_list":{"0":"post-123257","1":"product","2":"type-product","3":"status-publish","4":"has-post-thumbnail","6":"product_brand-woocommerce","7":"product_cat-commerce-electronique-plugins","8":"product_cat-personnalisation-commerce-electronique-plugins","9":"product_cat-plugins","10":"product_tag-woocommerce","11":"member-discount","12":"discount-restricted","14":"first","15":"instock","16":"sale","17":"downloadable","18":"virtual","19":"sold-individually","20":"purchasable","21":"product-type-simple"},"_links":{"self":[{"href":"https:\/\/gpl-love.com\/fr\/wp-json\/wp\/v2\/product\/123257","targetHints":{"allow":["GET"]}}],"collection":[{"href":"https:\/\/gpl-love.com\/fr\/wp-json\/wp\/v2\/product"}],"about":[{"href":"https:\/\/gpl-love.com\/fr\/wp-json\/wp\/v2\/types\/product"}],"replies":[{"embeddable":true,"href":"https:\/\/gpl-love.com\/fr\/wp-json\/wp\/v2\/comments?post=123257"}],"wp:featuredmedia":[{"embeddable":true,"href":"https:\/\/gpl-love.com\/fr\/wp-json\/wp\/v2\/media\/145337"}],"wp:attachment":[{"href":"https:\/\/gpl-love.com\/fr\/wp-json\/wp\/v2\/media?parent=123257"}],"wp:term":[{"taxonomy":"product_brand","embeddable":true,"href":"https:\/\/gpl-love.com\/fr\/wp-json\/wp\/v2\/product_brand?post=123257"},{"taxonomy":"product_cat","embeddable":true,"href":"https:\/\/gpl-love.com\/fr\/wp-json\/wp\/v2\/product_cat?post=123257"},{"taxonomy":"product_tag","embeddable":true,"href":"https:\/\/gpl-love.com\/fr\/wp-json\/wp\/v2\/product_tag?post=123257"}],"curies":[{"name":"wp","href":"https:\/\/api.w.org\/{rel}","templated":true}]}}