{"id":123255,"date":"2021-02-09T00:00:00","date_gmt":"2021-02-08T23:00:00","guid":{"rendered":"https:\/\/gpl-love.com\/fr\/produit\/storefront-pricing-tables\/"},"modified":"2026-04-10T18:40:37","modified_gmt":"2026-04-10T16:40:37","slug":"storefront-pricing-tables","status":"publish","type":"product","link":"https:\/\/gpl-love.com\/fr\/produit\/storefront-pricing-tables\/","title":{"rendered":"Storefront Pricing Tables 1.1.0"},"content":{"rendered":"<h3>Storefront Pricing Tables Traits<\/h3>\n<p>Les tables de prix Storefront offrent aux utilisateurs la commodit\u00e9 et l&rsquo;efficacit\u00e9 de la cr\u00e9ation et de la gestion efficace des tables de tarification sp\u00e9cialement adapt\u00e9es \u00e0 leur boutique en ligne. Cet outil remarquable facilite la d\u00e9finition et l&rsquo;organisation transparentes des niveaux de tarification, l&rsquo;incorporation de champs personnalis\u00e9s personnalis\u00e9s et uniques, ainsi que la cr\u00e9ation de diverses options de paiement. En outre, il permet aux utilisateurs la flexibilit\u00e9 de personnaliser et d&rsquo;affiner la disposition et la conception de leurs tables de prix, en s&rsquo;assurant qu&rsquo;ils sont harmonieusement align\u00e9s avec l&rsquo;esth\u00e9tique de leur marque. Avec la capacit\u00e9 inestimable d&rsquo;administrer efficacement les prix des prix et les informations sur les produits, les tables de tarification des magasins apparaissent comme la solution ultime pour tout effort commercial en ligne astucieux pour optimiser et rationaliser leur processus de tarification.<\/p>\n<ul>\n<li>-Aupte de tables de prix compatibles et faciles \u00e0 comprendre pour votre vitrine<\/li>\n<li>-Cestion de conception visuelle pour attirer des clients potentiels<\/li>\n<li>-Ailst \u00e0 personnaliser les prix pour r\u00e9pondre \u00e0 vos besoins commerciaux sp\u00e9cifiques<\/li>\n<li>-Igration avec des plateformes de commerce \u00e9lectronique populaires pour une utilisation transparente<\/li>\n<li>-MAUTES AUTOMM\u00c9ES pour s&rsquo;assurer que les prix sont toujours \u00e0 jour<\/li>\n<li>-Proisparence augment\u00e9e pour les clients, conduisant \u00e0 une confiance et des ventes plus \u00e9lev\u00e9es<\/li>\n<li>-Option pour les prix \u00e0 plusieurs niveaux, les remises et les promotions pour inciter les achats<\/li>\n<li>-Suport pour plusieurs devises et langues pour les entreprises mondiales.<\/li>\n<\/ul>\n","protected":false},"excerpt":{"rendered":"<p>Am\u00e9liorez l&rsquo;engagement des clients et les conversions de conduite en tirant parti de l&rsquo;attrait convaincant de nos tables de prix de stockage de magasins de magasin con\u00e7ue et globale et globale. En pr\u00e9sentant tous les d\u00e9tails pertinents d&rsquo;une mani\u00e8re compr\u00e9hensible et compr\u00e9hensible sans effort, vous pouvez rationaliser efficacement votre politique de prix, assurer la plus grande clart\u00e9 et transparence pour votre pr\u00e9cieux client\u00e8le. Adaptez les tables de mani\u00e8re transparente pour s&rsquo;aligner de mani\u00e8re transparente avec l&rsquo;esth\u00e9tique globale de votre th\u00e8me de vitrine, optimisant ainsi l&rsquo;attrait visuel et favorisant une exp\u00e9rience de marque transparente. Adieu \u00e0 la perplexit\u00e9 et inaugurer une vague de clients satisfaits, gracieuset\u00e9 de la puissance transformatrice de nos tables de prix de vitrine in\u00e9gal\u00e9es!<\/p>\n","protected":false},"featured_media":145336,"comment_status":"open","ping_status":"open","template":"","meta":[],"product_brand":[2440],"product_cat":[1182,1223,1181],"product_tag":[1398],"class_list":{"0":"post-123255","1":"product","2":"type-product","3":"status-publish","4":"has-post-thumbnail","6":"product_brand-woocommerce","7":"product_cat-commerce-electronique-plugins","8":"product_cat-personnalisation-commerce-electronique-plugins","9":"product_cat-plugins","10":"product_tag-woocommerce","11":"member-discount","12":"discount-restricted","14":"first","15":"instock","16":"sale","17":"downloadable","18":"virtual","19":"sold-individually","20":"purchasable","21":"product-type-simple"},"_links":{"self":[{"href":"https:\/\/gpl-love.com\/fr\/wp-json\/wp\/v2\/product\/123255","targetHints":{"allow":["GET"]}}],"collection":[{"href":"https:\/\/gpl-love.com\/fr\/wp-json\/wp\/v2\/product"}],"about":[{"href":"https:\/\/gpl-love.com\/fr\/wp-json\/wp\/v2\/types\/product"}],"replies":[{"embeddable":true,"href":"https:\/\/gpl-love.com\/fr\/wp-json\/wp\/v2\/comments?post=123255"}],"wp:featuredmedia":[{"embeddable":true,"href":"https:\/\/gpl-love.com\/fr\/wp-json\/wp\/v2\/media\/145336"}],"wp:attachment":[{"href":"https:\/\/gpl-love.com\/fr\/wp-json\/wp\/v2\/media?parent=123255"}],"wp:term":[{"taxonomy":"product_brand","embeddable":true,"href":"https:\/\/gpl-love.com\/fr\/wp-json\/wp\/v2\/product_brand?post=123255"},{"taxonomy":"product_cat","embeddable":true,"href":"https:\/\/gpl-love.com\/fr\/wp-json\/wp\/v2\/product_cat?post=123255"},{"taxonomy":"product_tag","embeddable":true,"href":"https:\/\/gpl-love.com\/fr\/wp-json\/wp\/v2\/product_tag?post=123255"}],"curies":[{"name":"wp","href":"https:\/\/api.w.org\/{rel}","templated":true}]}}