{"id":123253,"date":"2024-07-21T00:00:00","date_gmt":"2024-07-20T22:00:00","guid":{"rendered":"https:\/\/gpl-love.com\/fr\/produit\/paid-memberships-pro-add-name-to-checkout-addon\/"},"modified":"2026-04-10T18:35:53","modified_gmt":"2026-04-10T16:35:53","slug":"paid-memberships-pro-add-name-to-checkout-addon","status":"publish","type":"product","link":"https:\/\/gpl-love.com\/fr\/produit\/paid-memberships-pro-add-name-to-checkout-addon\/","title":{"rendered":"Paid Memberships Pro Add Name to Checkout Addon 0.7"},"content":{"rendered":"<h3>Paid Memberships Pro Add Name to Checkout Addon Traits<\/h3>\n<p>Les adh\u00e9sions payantes PRO PRO ADD NAME \u00e0 la caisse Addon, un outil tr\u00e8s robuste, pr\u00e9sente aux utilisateurs la capacit\u00e9 transparente pour incorporer sans effort un champ de nom dans leur processus de paiement. Gr\u00e2ce \u00e0 l&rsquo;utilisation de cet addon inestimable, les propri\u00e9taires d&rsquo;entreprises en ligne peuvent rassembler rapidement et efficacement des informations importantes des clients au point de vente, rationalisant ainsi le processus de paiement et am\u00e9liorant l&rsquo;efficacit\u00e9 op\u00e9rationnelle de leur magasin num\u00e9rique. B\u00e9n\u00e9ficiant d&rsquo;une interface conviviale et d&rsquo;une int\u00e9gration impeccable avec des membres payants Pro, cet addon sert de solution par excellence pour les entreprises cherchant \u00e0 optimiser leur processus de paiement et \u00e0 acqu\u00e9rir une compr\u00e9hension plus profonde de leur client\u00e8le. Si l&rsquo;on exploite une boutique en ligne diminutive ou une plate-forme de commerce \u00e9lectronique substantielle, les adh\u00e9sions payantes ont ajout\u00e9 un nom \u00e0 la caisse addon est une n\u00e9cessit\u00e9 absolue, propulsant les entreprises vers des hauteurs de succ\u00e8s sans pr\u00e9c\u00e9dent.<\/p>\n<ul>\n<li>S&rsquo;int\u00e8gre aux adh\u00e9sions payantes pro<\/li>\n<li>Ajoute une option pour collecter le nom de l&rsquo;utilisateur \u00e0 la caisse<\/li>\n<li>Permet une communication personnalis\u00e9e avec les membres<\/li>\n<li>Exp\u00e9rience client am\u00e9lior\u00e9e<\/li>\n<li>Rationalie le processus d&rsquo;inscription de l&rsquo;adh\u00e9sion<\/li>\n<li>Compatible avec une gamme de th\u00e8mes et de conceptions de site Web<\/li>\n<li>Aucune comp\u00e9tence de codage requise pour installer et utiliser<\/li>\n<li>Prix \u200b\u200babordables et options d&rsquo;abonnement flexibles<\/li>\n<li>Fournit des informations de donn\u00e9es pr\u00e9cieuses pour \u00e9clairer les strat\u00e9gies de marketing et de vente<\/li>\n<\/ul>\n","protected":false},"excerpt":{"rendered":"<p>Le nom d&rsquo;adh\u00e9sion payant Pay Pro Add \u00e0 la caisse addon est un outil incroyablement robuste qui vous offre la capacit\u00e9 d&rsquo;acqu\u00e9rir des informations suppl\u00e9mentaires de vos clients pendant le processus de paiement. En incorporant cet addon, vous pouvez int\u00e9grer sans effort des champs qui incitent les clients \u00e0 saisir leur nom, leur adresse de facturation et leur exp\u00e9dition, son num\u00e9ro de t\u00e9l\u00e9phone et une gamme d&rsquo;autres d\u00e9tails cruciaux. Cet addon exceptionnel sert de voie exceptionnelle pour amasser des donn\u00e9es inestimables concernant vos clients, vous offrant ainsi la possibilit\u00e9 de renforcer vos efforts de marketing et de vente. Il est important de noter que cet addon poss\u00e8de une interface remarquablement conviviale, \u00e9liminant ainsi la n\u00e9cessit\u00e9 d&rsquo;une expertise de codage. Par cons\u00e9quent, pourquoi prolonger le processus? Initiez l&rsquo;accumulation d&rsquo;informations sur les clients inestimables aujourd&rsquo;hui gr\u00e2ce \u00e0 l&rsquo;utilisation des adh\u00e9sions payantes PRO ADD NOM \u00e0 la caisse Addon!<\/p>\n","protected":false},"featured_media":144912,"comment_status":"open","ping_status":"open","template":"","meta":[],"product_brand":[2620],"product_cat":[1189,1181,1186],"product_tag":[2307],"class_list":{"0":"post-123253","1":"product","2":"type-product","3":"status-publish","4":"has-post-thumbnail","6":"product_brand-paid-memberships-pro","7":"product_cat-personnalisation","8":"product_cat-plugins","9":"product_cat-wordpress-plugins","10":"product_tag-paid-memberships-pro","11":"member-discount","12":"discount-restricted","14":"first","15":"instock","16":"sale","17":"downloadable","18":"virtual","19":"sold-individually","20":"purchasable","21":"product-type-simple"},"_links":{"self":[{"href":"https:\/\/gpl-love.com\/fr\/wp-json\/wp\/v2\/product\/123253","targetHints":{"allow":["GET"]}}],"collection":[{"href":"https:\/\/gpl-love.com\/fr\/wp-json\/wp\/v2\/product"}],"about":[{"href":"https:\/\/gpl-love.com\/fr\/wp-json\/wp\/v2\/types\/product"}],"replies":[{"embeddable":true,"href":"https:\/\/gpl-love.com\/fr\/wp-json\/wp\/v2\/comments?post=123253"}],"wp:featuredmedia":[{"embeddable":true,"href":"https:\/\/gpl-love.com\/fr\/wp-json\/wp\/v2\/media\/144912"}],"wp:attachment":[{"href":"https:\/\/gpl-love.com\/fr\/wp-json\/wp\/v2\/media?parent=123253"}],"wp:term":[{"taxonomy":"product_brand","embeddable":true,"href":"https:\/\/gpl-love.com\/fr\/wp-json\/wp\/v2\/product_brand?post=123253"},{"taxonomy":"product_cat","embeddable":true,"href":"https:\/\/gpl-love.com\/fr\/wp-json\/wp\/v2\/product_cat?post=123253"},{"taxonomy":"product_tag","embeddable":true,"href":"https:\/\/gpl-love.com\/fr\/wp-json\/wp\/v2\/product_tag?post=123253"}],"curies":[{"name":"wp","href":"https:\/\/api.w.org\/{rel}","templated":true}]}}