{"id":123247,"date":"2025-05-23T00:00:00","date_gmt":"2025-05-22T22:00:00","guid":{"rendered":"https:\/\/gpl-love.com\/fr\/produit\/magic-seo\/"},"modified":"2026-03-20T23:22:59","modified_gmt":"2026-03-20T22:22:59","slug":"magic-seo","status":"publish","type":"product","link":"https:\/\/gpl-love.com\/fr\/produit\/magic-seo\/","title":{"rendered":"Magic SEO 20250307"},"content":{"rendered":"<h3>Magic SEO Traits<\/h3>\n<p>Magic SEO est un outil incroyablement puissant et b\u00e9n\u00e9fique qui poss\u00e8de la capacit\u00e9 d&rsquo;am\u00e9liorer et d&rsquo;augmenter consid\u00e9rablement l&rsquo;optimisation du moteur de recherche de votre site Web. En raison de ses algorithmes tr\u00e8s avanc\u00e9s et sophistiqu\u00e9s, coupl\u00e9s \u00e0 son interface remarquablement intuitive, il est capable de scrutation et d&rsquo;\u00e9valuer m\u00e9ticuleusement le contenu de votre site Web, offrant par la suite des recommandations et propositions inestimables qui sont garanties pour am\u00e9liorer sa visibilit\u00e9 et sa pertinence dans les moteurs de recherche. Que vous soyez un professionnel de r\u00e9f\u00e9rencement assaisonn\u00e9 et exp\u00e9riment\u00e9 ou une personne qui se lance dans son parcours de r\u00e9f\u00e9rence Augmenter simultan\u00e9ment votre visibilit\u00e9 en ligne. Ergo, si vous recherchez avec impatience une solution d&rsquo;optimisation des moteurs de recherche qui est \u00e0 la fois sans effort et tr\u00e8s efficace, il est fortement recommand\u00e9 de vous profiter de la myriade d&rsquo;avantages que le r\u00e9f\u00e9rencement magique a \u00e0 offrir en l&rsquo;essayant sans d\u00e9lai.<\/p>\n<ul>\n<li>Am\u00e9lioration de l&rsquo;optimisation des moteurs de recherche pour votre site Web<\/li>\n<li>Visibilit\u00e9 accrue dans les pages de r\u00e9sultats du moteur de recherche (SERP)<\/li>\n<li>Meilleur classement et trafic plus \u00e9lev\u00e9 vers votre site Web<\/li>\n<li>Interface conviviale pour une gestion facile des strat\u00e9gies SEO<\/li>\n<li>Mises \u00e0 jour constantes pour assurer l&rsquo;optimisation en fonction de l&rsquo;algorithme du moteur de recherche change<\/li>\n<li>Strat\u00e9gies SEO personnalisables pour l&rsquo;optimisation personnalis\u00e9e<\/li>\n<li>Outils d&rsquo;analyse des concurrents pour rester en avance sur la comp\u00e9tition<\/li>\n<li>Suivre et analyser le trafic du site Web et les mesures de performance gr\u00e2ce \u00e0 l&rsquo;analyse int\u00e9gr\u00e9e<\/li>\n<li>Augmentation du taux de conversion et am\u00e9lioration de la g\u00e9n\u00e9ration de revenus<\/li>\n<\/ul>\n","protected":false},"excerpt":{"rendered":"<p>Magic SEO est un outil incroyablement puissant et tr\u00e8s efficace qui a \u00e9t\u00e9 con\u00e7u de mani\u00e8re experte avec l&rsquo;intention sp\u00e9cifique d&rsquo;am\u00e9liorer l&rsquo;optimisation des moteurs de recherche (SEO) de votre site Web, augmentant ainsi consid\u00e9rablement sa visibilit\u00e9 sur plusieurs des moteurs de recherche les plus importants, y compris mais sans limite \u00e0 Google, Bing et Yahoo. En exploitant habilement les techniques de r\u00e9f\u00e9rencement de pointe et les algorithmes de pointe qui sont actuellement disponibles, le r\u00e9f\u00e9rencement magique examine efficacement chaque aspect de votre site Web dans des d\u00e9tails m\u00e9ticuleux, vous fournissant ainsi des conseils complets et inestimables sur la fa\u00e7on de savoir comment exactement comment de savoir comment savoir pr\u00e9cis\u00e9ment comment de savoir comment savoir pr\u00e9cis\u00e9ment sur la fa\u00e7on de savoir comment savoir pr\u00e9cis\u00e9ment comment de savoir comment savoir pr\u00e9cis\u00e9ment comment de la fa\u00e7on de Am\u00e9liorez consid\u00e9rablement son classement des pages, ciblez efficacement les mots cl\u00e9s pertinents, optimisez votre contenu \u00e0 la perfection, et bien plus encore. Que vous soyez un propri\u00e9taire commercial relativement \u00e0 petite \u00e9chelle ou un professionnel de r\u00e9f\u00e9rencement chevronn\u00e9 et tr\u00e8s adepte, le fait incontestable demeure que Magic SEO a la capacit\u00e9 inh\u00e9rente \u00e0 propulser sans aucun doute votre site Web au prochain \u00e9chelon de promesse num\u00e9rique, avec le avec le Avant le b\u00e9n\u00e9fice de l&rsquo;adh\u00e9sion sans effort stimulant un v\u00e9ritable d\u00e9luge de trafic, de pistes et de ventes subs\u00e9quents consid\u00e9rablement augment\u00e9s.<\/p>\n","protected":false},"featured_media":144409,"comment_status":"open","ping_status":"open","template":"","meta":[],"product_brand":[2435],"product_cat":[1335,1181,1186],"product_tag":[1231],"class_list":{"0":"post-123247","1":"product","2":"type-product","3":"status-publish","4":"has-post-thumbnail","6":"product_brand-codecanyon","7":"product_cat-seo","8":"product_cat-plugins","9":"product_cat-wordpress-plugins","10":"product_tag-codecanyon","11":"member-discount","12":"discount-restricted","14":"first","15":"instock","16":"sale","17":"downloadable","18":"virtual","19":"sold-individually","20":"purchasable","21":"product-type-simple"},"_links":{"self":[{"href":"https:\/\/gpl-love.com\/fr\/wp-json\/wp\/v2\/product\/123247","targetHints":{"allow":["GET"]}}],"collection":[{"href":"https:\/\/gpl-love.com\/fr\/wp-json\/wp\/v2\/product"}],"about":[{"href":"https:\/\/gpl-love.com\/fr\/wp-json\/wp\/v2\/types\/product"}],"replies":[{"embeddable":true,"href":"https:\/\/gpl-love.com\/fr\/wp-json\/wp\/v2\/comments?post=123247"}],"wp:featuredmedia":[{"embeddable":true,"href":"https:\/\/gpl-love.com\/fr\/wp-json\/wp\/v2\/media\/144409"}],"wp:attachment":[{"href":"https:\/\/gpl-love.com\/fr\/wp-json\/wp\/v2\/media?parent=123247"}],"wp:term":[{"taxonomy":"product_brand","embeddable":true,"href":"https:\/\/gpl-love.com\/fr\/wp-json\/wp\/v2\/product_brand?post=123247"},{"taxonomy":"product_cat","embeddable":true,"href":"https:\/\/gpl-love.com\/fr\/wp-json\/wp\/v2\/product_cat?post=123247"},{"taxonomy":"product_tag","embeddable":true,"href":"https:\/\/gpl-love.com\/fr\/wp-json\/wp\/v2\/product_tag?post=123247"}],"curies":[{"name":"wp","href":"https:\/\/api.w.org\/{rel}","templated":true}]}}