{"id":123146,"date":"2025-02-06T00:00:00","date_gmt":"2025-02-05T23:00:00","guid":{"rendered":"https:\/\/gpl-love.com\/fr\/produit\/minimalistblogger\/"},"modified":"2026-04-10T18:31:35","modified_gmt":"2026-04-10T16:31:35","slug":"minimalistblogger","status":"publish","type":"product","link":"https:\/\/gpl-love.com\/fr\/produit\/minimalistblogger\/","title":{"rendered":"MinimalistBlogger 126.0"},"content":{"rendered":"<h3>MinimalistBlogger Traits<\/h3>\n<p>MinimalistBlogger, un outil innovant con\u00e7u sp\u00e9cifiquement pour les blogueurs qui privil\u00e9gient le contenu via la conception, fournit une pl\u00e9thore de fonctionnalit\u00e9s robustes. En raison de son interface \u00e9l\u00e9gante et \u00e9pur\u00e9e, les utilisateurs peuvent g\u00e9n\u00e9rer et partager sans effort des articles de blog captivants, exempts de la charge on\u00e9reuse des configurations complexes et des attributs superflus. De plus, cette plate-forme remarquable facilite les options de personnalisation in\u00e9gal\u00e9es, permettant aux utilisateurs de conf\u00e9rer leur blog avec un sens in\u00e9gal\u00e9 d&rsquo;unicit\u00e9, tout en pr\u00e9servant simultan\u00e9ment ses fonctionnalit\u00e9s. MinimalistBlogger repr\u00e9sente la quintessence de la simplicit\u00e9 et de la conception conviviale, ce qui en fait le choix ultime pour les blogueurs exigeants aspirant \u00e0 canaliser leurs \u00e9nergies principalement pour perfectionner leurs prouesses d&rsquo;\u00e9criture.<\/p>\n<ul>\n<li>Conception propre et moderne pour une apparition professionnelle sur votre site Web<\/li>\n<li>Facile \u00e0 utiliser et \u00e0 personnaliser avec une interface conviviale<\/li>\n<li>Optimis\u00e9 pour les appareils mobiles avec conception r\u00e9active<\/li>\n<li>Optimisation de SEO int\u00e9gr\u00e9e pour am\u00e9liorer le classement des moteurs de recherche<\/li>\n<li>Vitesses de chargement rapide pour am\u00e9liorer l&rsquo;exp\u00e9rience utilisateur et r\u00e9duire les taux de rebond<\/li>\n<li>Int\u00e9gration des m\u00e9dias sociaux pour le partage et la promotion faciles de votre contenu<\/li>\n<li>Plusieurs options de mise en page et compatibles avec divers types de contenu, y compris l&rsquo;audio et la vid\u00e9o<\/li>\n<li>Mises \u00e0 jour r\u00e9guli\u00e8res et soutien du d\u00e9veloppeur pour assurer une fonctionnalit\u00e9 et une s\u00e9curit\u00e9 maximales.<\/li>\n<\/ul>\n","protected":false},"excerpt":{"rendered":"<p>MinimalistBlogger, une plate-forme en ligne exceptionnelle, vous offre la merveilleuse opportunit\u00e9 de cr\u00e9er et de concevoir sans effort un blog minimaliste exquis qui s&rsquo;aligne parfaitement sur votre style unique, tout en garantissant efficacement que vos lecteurs estim\u00e9s restent pleinement absorb\u00e9s par votre contenu captivant. Cette plate-forme ph\u00e9nom\u00e9nale vous fournit gracieusement un large \u00e9ventail de mod\u00e8les personnalisables, associ\u00e9s \u00e0 des outils remarquables d&rsquo;optimisation de moteur de recherche int\u00e9gr\u00e9s (SEO) et \u00e0 une int\u00e9gration transparente avec diverses plateformes de m\u00e9dias sociaux, faisant ainsi du processus de fabrication d&rsquo;un blog poli et sophistiqu\u00e9 une brise absolu . Que vous soyez un blogueur chevronn\u00e9 avec un r\u00e9pertoire impressionnant d&rsquo;exp\u00e9rience, ou un \u00e9crivain en herbe s&rsquo;aventurant dans le monde captivant du blogging pour la toute premi\u00e8re fois, un blogger minimaliste simplifie de tout c\u0153ur la t\u00e2che de pr\u00e9senter vos prouesses d&rsquo;\u00e9criture remarquables et de favoriser une connexion authentique et profonde et profonde avec votre public ch\u00e9ri.<\/p>\n","protected":false},"featured_media":144547,"comment_status":"open","ping_status":"open","template":"","meta":[],"product_brand":[2474],"product_cat":[1220,1212,1213],"product_tag":[2315],"class_list":{"0":"post-123146","1":"product","2":"type-product","3":"status-publish","4":"has-post-thumbnail","6":"product_brand-superb-themes","7":"product_cat-blog-magazine","8":"product_cat-themes","9":"product_cat-wordpress-themes","10":"product_tag-superb-themes","11":"member-discount","12":"discount-restricted","14":"first","15":"instock","16":"sale","17":"downloadable","18":"virtual","19":"sold-individually","20":"purchasable","21":"product-type-simple"},"_links":{"self":[{"href":"https:\/\/gpl-love.com\/fr\/wp-json\/wp\/v2\/product\/123146","targetHints":{"allow":["GET"]}}],"collection":[{"href":"https:\/\/gpl-love.com\/fr\/wp-json\/wp\/v2\/product"}],"about":[{"href":"https:\/\/gpl-love.com\/fr\/wp-json\/wp\/v2\/types\/product"}],"replies":[{"embeddable":true,"href":"https:\/\/gpl-love.com\/fr\/wp-json\/wp\/v2\/comments?post=123146"}],"wp:featuredmedia":[{"embeddable":true,"href":"https:\/\/gpl-love.com\/fr\/wp-json\/wp\/v2\/media\/144547"}],"wp:attachment":[{"href":"https:\/\/gpl-love.com\/fr\/wp-json\/wp\/v2\/media?parent=123146"}],"wp:term":[{"taxonomy":"product_brand","embeddable":true,"href":"https:\/\/gpl-love.com\/fr\/wp-json\/wp\/v2\/product_brand?post=123146"},{"taxonomy":"product_cat","embeddable":true,"href":"https:\/\/gpl-love.com\/fr\/wp-json\/wp\/v2\/product_cat?post=123146"},{"taxonomy":"product_tag","embeddable":true,"href":"https:\/\/gpl-love.com\/fr\/wp-json\/wp\/v2\/product_tag?post=123146"}],"curies":[{"name":"wp","href":"https:\/\/api.w.org\/{rel}","templated":true}]}}