{"id":123144,"date":"2025-02-06T00:00:00","date_gmt":"2025-02-05T23:00:00","guid":{"rendered":"https:\/\/gpl-love.com\/fr\/produit\/membershiply\/"},"modified":"2026-04-10T18:31:20","modified_gmt":"2026-04-10T16:31:20","slug":"membershiply","status":"publish","type":"product","link":"https:\/\/gpl-love.com\/fr\/produit\/membershiply\/","title":{"rendered":"Membershiply 116.0"},"content":{"rendered":"<h3>Membershiply Traits<\/h3>\n<p>Le membre est une solution logicielle compl\u00e8te pour la gestion des membres qui s&rsquo;adresse aux entreprises et aux organisations de toutes tailles. Il offre une large gamme de fonctionnalit\u00e9s avanc\u00e9es et poss\u00e8de une interface conviviale, ce qui en fait un choix id\u00e9al pour ceux qui cherchent \u00e0 optimiser leurs processus d&rsquo;adh\u00e9sion, \u00e0 automatiser les t\u00e2ches et \u00e0 augmenter la productivit\u00e9 globale. L&rsquo;un des principaux avantages des membres est sa capacit\u00e9 \u00e0 g\u00e9rer efficacement les donn\u00e9es d&rsquo;adh\u00e9sion, \u00e0 permettant aux organisations de suivre facilement le statut d&rsquo;adh\u00e9sion, d&rsquo;envoyer des e-mails automatis\u00e9s et de g\u00e9n\u00e9rer des rapports. De plus, les membres vont au-del\u00e0 en fournissant un portail de membre personnalisable, accordant aux membres un contr\u00f4le total sur leurs comptes et en facilitant la communication transparente avec l&rsquo;organisation. De plus, le logiciel offre des capacit\u00e9s de traitement des paiements int\u00e9gr\u00e9es, simplifiant la gestion et la collecte des frais. Les membres \u00e0 leur disposition, les entreprises et les organisations peuvent rationaliser sans effort leurs processus de gestion des membres, entra\u00eenant une communication am\u00e9lior\u00e9e et une meilleure satisfaction des membres.<\/p>\n<ul>\n<li>Le membre est une plate-forme Web qui aide les entreprises \u00e0 g\u00e9rer leurs abonnements plus efficacement.<\/li>\n<li>Avec les membres, les entreprises peuvent facilement cr\u00e9er et g\u00e9rer les abonnements, mettre en place des paiements r\u00e9currents et suivre l&rsquo;activit\u00e9 et l&rsquo;engagement des membres.<\/li>\n<li>La plate-forme permet aux entreprises de personnaliser leurs plans d&rsquo;adh\u00e9sion, de la tarification aux niveaux d&rsquo;acc\u00e8s et aux avantages.<\/li>\n<li>Les entreprises peuvent \u00e9galement utiliser les membres pour communiquer avec leurs membres gr\u00e2ce \u00e0 la messagerie cibl\u00e9e et aux annonces.<\/li>\n<li>Adh\u00e9sion fournit aux entreprises des analyses en temps r\u00e9el et des rapports sur les tendances et les performances des membres.<\/li>\n<li>La plate-forme est intuitive et conviviale, ce qui permet aux entreprises de bord et de les maintenir facilement engag\u00e9es.<\/li>\n<li>Adhiply propose des int\u00e9grations avec des processeurs de paiement populaires, des plates-formes CRM et des outils d&rsquo;automatisation du marketing.<\/li>\n<li>Les entreprises peuvent b\u00e9n\u00e9ficier d&rsquo;un support client 24\/7 et d&rsquo;un gestionnaire de compte d\u00e9di\u00e9 pour aider \u00e0 toute question ou probl\u00e8me.<\/li>\n<\/ul>\n","protected":false},"excerpt":{"rendered":"<p>Le membre est un syst\u00e8me de gestion des membres exceptionnellement innovant et de pointe qui offre aux entreprises et aux organisations la capacit\u00e9 remarquable d&rsquo;organiser efficacement et efficacement, de suivre m\u00e9ticuleusement et de g\u00e9rer astucieusement leurs membres estim\u00e9s. En vertu de son interface intuitive conviviale et de ses fonctionnalit\u00e9s hautement personnalisables, am\u00e9liore et rationalise le processus d&rsquo;adh\u00e9sion souvent lourd et qui prend du temps, simplifiant et facilitant ainsi consid\u00e9rablement les membres, automatiser le processus de renouvellement, dilignement et de mani\u00e8re transparenti Gardez une trace des paiements et envoyez des communications personnalis\u00e9es et adapt\u00e9es \u00e0 ses membres ch\u00e9ris. Ind\u00e9pendamment de savoir si une entreprise est un club diminutif, une association prosp\u00e8re ou une organisation expansive et multiforme, il repr\u00e9sente incontestablement la solution par excellence et in\u00e9gal\u00e9e pour g\u00e9rer sans effort et optimage les abonnements avec une facilit\u00e9 in\u00e9gal\u00e9e, une efficacit\u00e9 remarquable et une efficacit\u00e9 irr\u00e9prochable.<\/p>\n","protected":false},"featured_media":144526,"comment_status":"open","ping_status":"open","template":"","meta":[],"product_brand":[2474],"product_cat":[1516,1212,1213],"product_tag":[2315],"class_list":{"0":"post-123144","1":"product","2":"type-product","3":"status-publish","4":"has-post-thumbnail","6":"product_brand-superb-themes","7":"product_cat-entreprise","8":"product_cat-themes","9":"product_cat-wordpress-themes","10":"product_tag-superb-themes","11":"member-discount","12":"discount-restricted","14":"first","15":"instock","16":"sale","17":"downloadable","18":"virtual","19":"sold-individually","20":"purchasable","21":"product-type-simple"},"_links":{"self":[{"href":"https:\/\/gpl-love.com\/fr\/wp-json\/wp\/v2\/product\/123144","targetHints":{"allow":["GET"]}}],"collection":[{"href":"https:\/\/gpl-love.com\/fr\/wp-json\/wp\/v2\/product"}],"about":[{"href":"https:\/\/gpl-love.com\/fr\/wp-json\/wp\/v2\/types\/product"}],"replies":[{"embeddable":true,"href":"https:\/\/gpl-love.com\/fr\/wp-json\/wp\/v2\/comments?post=123144"}],"wp:featuredmedia":[{"embeddable":true,"href":"https:\/\/gpl-love.com\/fr\/wp-json\/wp\/v2\/media\/144526"}],"wp:attachment":[{"href":"https:\/\/gpl-love.com\/fr\/wp-json\/wp\/v2\/media?parent=123144"}],"wp:term":[{"taxonomy":"product_brand","embeddable":true,"href":"https:\/\/gpl-love.com\/fr\/wp-json\/wp\/v2\/product_brand?post=123144"},{"taxonomy":"product_cat","embeddable":true,"href":"https:\/\/gpl-love.com\/fr\/wp-json\/wp\/v2\/product_cat?post=123144"},{"taxonomy":"product_tag","embeddable":true,"href":"https:\/\/gpl-love.com\/fr\/wp-json\/wp\/v2\/product_tag?post=123144"}],"curies":[{"name":"wp","href":"https:\/\/api.w.org\/{rel}","templated":true}]}}