{"id":123142,"date":"2025-02-06T00:00:00","date_gmt":"2025-02-05T23:00:00","guid":{"rendered":"https:\/\/gpl-love.com\/fr\/produit\/marketingly\/"},"modified":"2026-03-20T23:23:42","modified_gmt":"2026-03-20T22:23:42","slug":"marketingly","status":"publish","type":"product","link":"https:\/\/gpl-love.com\/fr\/produit\/marketingly\/","title":{"rendered":"Marketingly 133.0"},"content":{"rendered":"<h3>Marketingly Traits<\/h3>\n<p>Le march\u00e9 est une plate-forme logicielle d&rsquo;automatisation marketing de pointe et tr\u00e8s avanc\u00e9e qui offre une gamme de fonctionnalit\u00e9s et de fonctionnalit\u00e9s compl\u00e8tes pour aider les entreprises \u00e0 rationaliser et \u00e0 optimiser efficacement leurs campagnes de marketing, entra\u00eenant ainsi un coup de pouce significatif dans la g\u00e9n\u00e9ration de leads. Gr\u00e2ce \u00e0 l&rsquo;utilisation de marketing, les entreprises ont la capacit\u00e9 remarquable de cr\u00e9er, g\u00e9rer et superviser sans effort un large \u00e9ventail d&rsquo;\u00e9l\u00e9ments de marketing cruciaux tels que les campagnes de marketing par e-mail, les publications de m\u00e9dias sociaux, les pages de destination et les webinaires, tous dans les limites d&rsquo;un seul , tableau de bord int\u00e9gr\u00e9. De plus, le logiciel englobe \u00e9galement un assortiment d&rsquo;outils d&rsquo;analyse extr\u00eamement puissants et perspicaces, ce qui permet efficacement aux entreprises en leur fournissant des donn\u00e9es inestimables et des informations pr\u00e9cieuses concernant les performances de la campagne et le comportement des clients. Les cr\u00e9ateurs de marketing ont pris grand soin de s&rsquo;assurer que le logiciel est exceptionnellement convivial et con\u00e7u intuitivement, le rendant remarquablement sans effort pour les entreprises de toutes tailles et \u00e9tendues pour mettre en \u0153uvre, ex\u00e9cuter et exploiter pleinement le vaste potentiel et les capacit\u00e9s de ce marketing r\u00e9volutionnaire Logiciel d&rsquo;automatisation. En cons\u00e9quence, les entreprises qui capitalisent sur la puissance et les capacit\u00e9s exceptionnelles qui ont \u00e0 offrir sur le march\u00e9 peuvent subir une multitude d&rsquo;avantages r\u00e9volutionnaires, tels que des \u00e9conomies de temps substantielles, un coup de pouce significatif en retour sur investissement (ROI) et une expansion substantielle de leur client\u00e8le, s&rsquo;\u00e9tablissant ainsi en tant que leaders de l&rsquo;industrie et obtenant un avantage concurrentiel sur leurs homologues.<\/p>\n<ul>\n<li>Logiciel d&rsquo;automatisation marketing puissant<\/li>\n<li>Con\u00e7u pour rationaliser les processus de marketing et augmenter l&rsquo;efficacit\u00e9<\/li>\n<li>S&rsquo;int\u00e8gre parfaitement \u00e0 diverses plateformes, notamment les m\u00e9dias sociaux, le marketing par e-mail et l&rsquo;analyse<\/li>\n<li>Offre une gamme de fonctionnalit\u00e9s, notamment la gestion des prospects, la gestion des campagnes et les tests A \/ B<\/li>\n<li>Fournit des analyses d\u00e9taill\u00e9es pour suivre les performances de la campagne et mesurer le retour sur investissement<\/li>\n<li>Comprend des mod\u00e8les personnalisables pour le marketing par e-mail et les publications sur les r\u00e9seaux sociaux<\/li>\n<li>Simplifie les processus de notation des plombs et d&rsquo;\u00e9ducation des plombs<\/li>\n<li>Permet une collaboration transparente entre les \u00e9quipes marketing et les d\u00e9partements<\/li>\n<li>Am\u00e9liore l&rsquo;engagement et la r\u00e9tention des clients gr\u00e2ce \u00e0 des campagnes de marketing cibl\u00e9es<\/li>\n<li>Interface facile \u00e0 utiliser avec une navigation intuitive et une conception conviviale.<\/li>\n<\/ul>\n","protected":false},"excerpt":{"rendered":"<p>Le march\u00e9 est un outil d&rsquo;automatisation du marketing de pointe qui offre une approche simplifi\u00e9e \u00e0 la cr\u00e9ation et \u00e0 l&rsquo;ex\u00e9cution de campagnes de marketing tr\u00e8s efficaces. En raison de son interface remarquablement conviviale et de sa vaste gamme de fonctionnalit\u00e9s avanc\u00e9es, sert de ressource inestimable pour les entreprises \u00e0 toutes les \u00e9chelles, facilitant la rationalisation transparente des flux de travail marketing, la g\u00e9n\u00e9ration de prospects et l&rsquo;am\u00e9lioration des taux de conversion. Que vos objectifs r\u00e9sident dans l&rsquo;am\u00e9lioration du marketing par e-mail, du marketing des m\u00e9dias sociaux ou des efforts de marketing de contenu, le march\u00e9 sert de solution compl\u00e8te pour tous vos besoins. De plus, l&rsquo;inclusion d&rsquo;outils de rapports et d&rsquo;analyses robustes permet aux utilisateurs de suivre efficacement les performances de la campagne et de prendre des d\u00e9cisions judicieuses et ax\u00e9es sur les donn\u00e9es visant \u00e0 optimiser leur strat\u00e9gie marketing globale. Ne perdez pas de temps \u00e0 vivre la puissance transformatrice du march\u00e9 aujourd&rsquo;hui et \u00e0 \u00e9lever vos efforts de marketing \u00e0 des hauteurs sans pr\u00e9c\u00e9dent.<\/p>\n","protected":false},"featured_media":144455,"comment_status":"open","ping_status":"open","template":"","meta":[],"product_brand":[2474],"product_cat":[1516,1212,1213],"product_tag":[2315],"class_list":{"0":"post-123142","1":"product","2":"type-product","3":"status-publish","4":"has-post-thumbnail","6":"product_brand-superb-themes","7":"product_cat-entreprise","8":"product_cat-themes","9":"product_cat-wordpress-themes","10":"product_tag-superb-themes","11":"member-discount","12":"discount-restricted","14":"first","15":"instock","16":"sale","17":"downloadable","18":"virtual","19":"sold-individually","20":"purchasable","21":"product-type-simple"},"_links":{"self":[{"href":"https:\/\/gpl-love.com\/fr\/wp-json\/wp\/v2\/product\/123142","targetHints":{"allow":["GET"]}}],"collection":[{"href":"https:\/\/gpl-love.com\/fr\/wp-json\/wp\/v2\/product"}],"about":[{"href":"https:\/\/gpl-love.com\/fr\/wp-json\/wp\/v2\/types\/product"}],"replies":[{"embeddable":true,"href":"https:\/\/gpl-love.com\/fr\/wp-json\/wp\/v2\/comments?post=123142"}],"wp:featuredmedia":[{"embeddable":true,"href":"https:\/\/gpl-love.com\/fr\/wp-json\/wp\/v2\/media\/144455"}],"wp:attachment":[{"href":"https:\/\/gpl-love.com\/fr\/wp-json\/wp\/v2\/media?parent=123142"}],"wp:term":[{"taxonomy":"product_brand","embeddable":true,"href":"https:\/\/gpl-love.com\/fr\/wp-json\/wp\/v2\/product_brand?post=123142"},{"taxonomy":"product_cat","embeddable":true,"href":"https:\/\/gpl-love.com\/fr\/wp-json\/wp\/v2\/product_cat?post=123142"},{"taxonomy":"product_tag","embeddable":true,"href":"https:\/\/gpl-love.com\/fr\/wp-json\/wp\/v2\/product_tag?post=123142"}],"curies":[{"name":"wp","href":"https:\/\/api.w.org\/{rel}","templated":true}]}}