{"id":123140,"date":"2025-02-06T00:00:00","date_gmt":"2025-02-05T23:00:00","guid":{"rendered":"https:\/\/gpl-love.com\/fr\/produit\/magazinely\/"},"modified":"2026-03-20T23:22:58","modified_gmt":"2026-03-20T22:22:58","slug":"magazinely","status":"publish","type":"product","link":"https:\/\/gpl-love.com\/fr\/produit\/magazinely\/","title":{"rendered":"Magazinely 124.0"},"content":{"rendered":"<h3>Magazinely Traits<\/h3>\n<p>Magazinely, une plate-forme d&rsquo;\u00e9dition num\u00e9rique robuste et influente, permet aux utilisateurs comme vous de cr\u00e9er et de distribuer sans effort le contenu num\u00e9rique captivant visuellement. Cette plate-forme vous offre une pl\u00e9thore de fonctionnalit\u00e9s et d&rsquo;outils, vous permettant de concevoir et de personnaliser m\u00e9ticuleusement vos publications num\u00e9riques, pour r\u00e9pondre \u00e0 votre marque et \u00e0 votre public cible. Que votre ambition soit de forger un magazine, une brochure, un catalogue ou toute autre variante des publications num\u00e9riques, simplifie le processus. En tirant parti de son interface de conception conviviale, vous pouvez \u00e9laborer un contenu interactif, int\u00e9grer de mani\u00e8re transparente des \u00e9l\u00e9ments multim\u00e9dias et optimiser votre sortie pour divers appareils. En outre, Magazinement fournit un \u00e9ventail d&rsquo;outils d&rsquo;analyse et de suivi puissants, vous fournissant des informations pr\u00e9cieuses pour \u00e9valuer les triomphes de votre contenu et faciliter les d\u00e9cisions de discernement dans votre strat\u00e9gie de publication num\u00e9rique. Si vous aspirez \u00e0 fabriquer un contenu num\u00e9rique convaincant qui se distingue sans effort de la concurrence, ne cherchez pas plus loin que votre plateforme par excellence.<\/p>\n<ul>\n<li>-Une plate-forme num\u00e9rique pour la lecture et le partage des magazines en ligne<\/li>\n<li>-P\u00e9patible avec des appareils de bureau, de tablette ou mobiles<\/li>\n<li>-Cacc\u00e9der \u00e0 une vaste biblioth\u00e8que de magazines de divers \u00e9diteurs et genres<\/li>\n<li>&#8211; Exp\u00e9rience de lecture personnalisable avec des fonctionnalit\u00e9s telles que les signets et la mise en \u00e9vidence<\/li>\n<li>-Ailst \u00e0 rechercher et \u00e0 enregistrer des articles pour plus tard<\/li>\n<li>-Option pour partager des articles ou des magazines entiers avec d&rsquo;autres<\/li>\n<li>-Les plans de prix affordables avec diverses options d&rsquo;abonnement<\/li>\n<li>-Conde de contenu r\u00e9guli\u00e8rement mis \u00e0 jour avec de nouvelles versions de magazines ajout\u00e9es fr\u00e9quemment<\/li>\n<li>&#8211; Passerelle de paiement s\u00e9curis\u00e9e pour les transactions sans tracas.<\/li>\n<\/ul>\n","protected":false},"excerpt":{"rendered":"<p>Magazinely, une plate-forme en ligne innovante, pr\u00e9sente une opportunit\u00e9 exceptionnelle pour les individus de parcourir, de parcourir et d&rsquo;obtenir des copies num\u00e9riques de magazines provenant de tous les coins du globe. Cette plate-forme remarquable poss\u00e8de un assortiment \u00e9tendu et \u00e9clectique de titres couvrant une myriade de cat\u00e9gories, englobant les domaines de la mode, de la technologie, des arts culinaires, de l&rsquo;athl\u00e9tisme et d&rsquo;innombrables autres. En tant que plate-forme conviviale et accessible sans effort, embrasse magazinement tous les individus h\u00e9bergeant un int\u00e9r\u00eat pour le domaine de la lecture du magazine en ligne. Par cons\u00e9quent, il vous invite \u00e0 vous lancer dans un voyage captivant de d\u00e9couverte personnelle en d\u00e9nicher vos p\u00e9riodiques ch\u00e9ris et vous abonner par la suite pour une r\u00e9cup\u00e9ration transparente des derniers probl\u00e8mes, rapidement livr\u00e9 \u00e0 votre appareil \u00e9lectronique personnel, que ce soit votre smartphone ou votre ordinateur.<\/p>\n","protected":false},"featured_media":144408,"comment_status":"open","ping_status":"open","template":"","meta":[],"product_brand":[2474],"product_cat":[1220,1212,1213],"product_tag":[2315],"class_list":{"0":"post-123140","1":"product","2":"type-product","3":"status-publish","4":"has-post-thumbnail","6":"product_brand-superb-themes","7":"product_cat-blog-magazine","8":"product_cat-themes","9":"product_cat-wordpress-themes","10":"product_tag-superb-themes","11":"member-discount","12":"discount-restricted","14":"first","15":"instock","16":"sale","17":"downloadable","18":"virtual","19":"sold-individually","20":"purchasable","21":"product-type-simple"},"_links":{"self":[{"href":"https:\/\/gpl-love.com\/fr\/wp-json\/wp\/v2\/product\/123140","targetHints":{"allow":["GET"]}}],"collection":[{"href":"https:\/\/gpl-love.com\/fr\/wp-json\/wp\/v2\/product"}],"about":[{"href":"https:\/\/gpl-love.com\/fr\/wp-json\/wp\/v2\/types\/product"}],"replies":[{"embeddable":true,"href":"https:\/\/gpl-love.com\/fr\/wp-json\/wp\/v2\/comments?post=123140"}],"wp:featuredmedia":[{"embeddable":true,"href":"https:\/\/gpl-love.com\/fr\/wp-json\/wp\/v2\/media\/144408"}],"wp:attachment":[{"href":"https:\/\/gpl-love.com\/fr\/wp-json\/wp\/v2\/media?parent=123140"}],"wp:term":[{"taxonomy":"product_brand","embeddable":true,"href":"https:\/\/gpl-love.com\/fr\/wp-json\/wp\/v2\/product_brand?post=123140"},{"taxonomy":"product_cat","embeddable":true,"href":"https:\/\/gpl-love.com\/fr\/wp-json\/wp\/v2\/product_cat?post=123140"},{"taxonomy":"product_tag","embeddable":true,"href":"https:\/\/gpl-love.com\/fr\/wp-json\/wp\/v2\/product_tag?post=123140"}],"curies":[{"name":"wp","href":"https:\/\/api.w.org\/{rel}","templated":true}]}}