{"id":123138,"date":"2025-02-06T00:00:00","date_gmt":"2025-02-05T23:00:00","guid":{"rendered":"https:\/\/gpl-love.com\/fr\/produit\/light-blogify\/"},"modified":"2026-03-20T23:22:28","modified_gmt":"2026-03-20T22:22:28","slug":"light-blogify","status":"publish","type":"product","link":"https:\/\/gpl-love.com\/fr\/produit\/light-blogify\/","title":{"rendered":"Light Blogify 128.0"},"content":{"rendered":"<h3>Light Blogify Traits<\/h3>\n<p>Light Blogify est un outil de blogging remarquablement convivial et tr\u00e8s efficace qui a \u00e9t\u00e9 m\u00e9ticuleusement con\u00e7u avec l&rsquo;intention de simplifier et de rationaliser le processus autrement complexe et fastidieux de g\u00e9n\u00e9ration et de gestion des articles de blog. B\u00e9n\u00e9ficiant d&rsquo;une interface incroyablement intuitive aux c\u00f4t\u00e9s d&rsquo;une pl\u00e9thore de fonctionnalit\u00e9s avanc\u00e9es, Light Blogify acc\u00e9l\u00e8re efficacement le processus de cr\u00e9ation de contenu, offrant aux blogueurs la capacit\u00e9 inestimable \u00e0 composer rapidement et sans effort sans effort, affiner et ensuite publier des articles de blog de premier plan de plus de qualit\u00e9. Notamment, la conception visuellement agr\u00e9able et \u00e9pur\u00e9e de l&rsquo;outil contribue \u00e0 sa convivialit\u00e9 globale et \u00e0 sa facilit\u00e9 de navigation, tandis que ses capacit\u00e9s de r\u00e9f\u00e9rencement int\u00e9gr\u00e9es robustes et ses outils d&rsquo;analyse int\u00e9gr\u00e9s s&rsquo;av\u00e8rent \u00eatre des actifs indispensables, permettant aux blogueurs d&rsquo;optimiser leur contenu pour les moteurs de recherche et m\u00e9ticuleusement Surveillez et \u00e9valuez ses performances et son efficacit\u00e9 sur des p\u00e9riodes prolong\u00e9es. En fin de compte, sans l&rsquo;ombre d&rsquo;un doute, Light Blogify appara\u00eet comme un choix in\u00e9gal\u00e9 pour les personnes cherchant \u00e0 \u00e9tablir et \u00e0 maintenir des blogs prosp\u00e8res avec un effort minimal et des r\u00e9sultats in\u00e9gal\u00e9s.<\/p>\n<ul>\n<li>Logiciel de blogs facile \u00e0 utiliser<\/li>\n<li>Interface propre et simple<\/li>\n<li>Options de conception minimaliste pour un look professionnel<\/li>\n<li>Conception r\u00e9active pour les appareils mobiles<\/li>\n<li>Configuration rapide et facile<\/li>\n<li>Optimisation du r\u00e9f\u00e9rencement int\u00e9gr\u00e9 pour de meilleures chances de classement<\/li>\n<li>Prend en charge le contenu multim\u00e9dia, y compris les images et les vid\u00e9os<\/li>\n<li>Section des commentaires pour l&rsquo;engagement avec les lecteurs<\/li>\n<li>Sauvegardes automatiques pour la tranquillit\u00e9 d&rsquo;esprit<\/li>\n<li>Int\u00e9gration avec les plateformes de m\u00e9dias sociaux<\/li>\n<li>Options de prix abordables pour chaque budget.<\/li>\n<\/ul>\n","protected":false},"excerpt":{"rendered":"<p>Light Blogify est une plate-forme intuitivement con\u00e7ue et conviviale qui r\u00e9pond aux besoins des individus et des petites entreprises dans le domaine des blogs. Cette plate-forme tout compris poss\u00e8de un \u00e9ventail de fonctionnalit\u00e9s qui non seulement simplifient le processus de blog, mais am\u00e9liorent \u00e9galement son efficacit\u00e9. Des mod\u00e8les personnalisables qui permettent aux utilisateurs de personnaliser leurs blogs \u00e0 l&rsquo;optimisation du r\u00e9f\u00e9rencement int\u00e9gr\u00e9e qui garantit une visibilit\u00e9 et une port\u00e9e maximales, Light Blogify ne laisse aucune pierre non retourn\u00e9e dans sa qu\u00eate pour offrir une exp\u00e9rience de blogs transparente. En outre, la plate-forme s&rsquo;int\u00e8gre parfaitement \u00e0 diverses plateformes de m\u00e9dias sociaux, permettant aux utilisateurs de partager sans effort leur contenu avec un public plus large. La vraie beaut\u00e9 de Light Blogify r\u00e9side dans sa capacit\u00e9 \u00e0 permettre aux utilisateurs de se concentrer uniquement sur l&rsquo;aspect cr\u00e9atif des blogs, sans avoir \u00e0 s&rsquo;attaquer aux nuances techniques complexes. Que vous soyez un blogueur chevronn\u00e9, bien connu dans l&rsquo;art de la publication en ligne, ou un novice qui se lance dans cette entreprise passionnante, Light Blogify appara\u00eet comme la solution par excellence pour l&rsquo;\u00e9laboration rapidement et sans effort sans effort d&rsquo;un blog professionnel.<\/p>\n","protected":false},"featured_media":144376,"comment_status":"open","ping_status":"open","template":"","meta":[],"product_brand":[2474],"product_cat":[1220,1212,1213],"product_tag":[2315],"class_list":{"0":"post-123138","1":"product","2":"type-product","3":"status-publish","4":"has-post-thumbnail","6":"product_brand-superb-themes","7":"product_cat-blog-magazine","8":"product_cat-themes","9":"product_cat-wordpress-themes","10":"product_tag-superb-themes","11":"member-discount","12":"discount-restricted","14":"first","15":"instock","16":"sale","17":"downloadable","18":"virtual","19":"sold-individually","20":"purchasable","21":"product-type-simple"},"_links":{"self":[{"href":"https:\/\/gpl-love.com\/fr\/wp-json\/wp\/v2\/product\/123138","targetHints":{"allow":["GET"]}}],"collection":[{"href":"https:\/\/gpl-love.com\/fr\/wp-json\/wp\/v2\/product"}],"about":[{"href":"https:\/\/gpl-love.com\/fr\/wp-json\/wp\/v2\/types\/product"}],"replies":[{"embeddable":true,"href":"https:\/\/gpl-love.com\/fr\/wp-json\/wp\/v2\/comments?post=123138"}],"wp:featuredmedia":[{"embeddable":true,"href":"https:\/\/gpl-love.com\/fr\/wp-json\/wp\/v2\/media\/144376"}],"wp:attachment":[{"href":"https:\/\/gpl-love.com\/fr\/wp-json\/wp\/v2\/media?parent=123138"}],"wp:term":[{"taxonomy":"product_brand","embeddable":true,"href":"https:\/\/gpl-love.com\/fr\/wp-json\/wp\/v2\/product_brand?post=123138"},{"taxonomy":"product_cat","embeddable":true,"href":"https:\/\/gpl-love.com\/fr\/wp-json\/wp\/v2\/product_cat?post=123138"},{"taxonomy":"product_tag","embeddable":true,"href":"https:\/\/gpl-love.com\/fr\/wp-json\/wp\/v2\/product_tag?post=123138"}],"curies":[{"name":"wp","href":"https:\/\/api.w.org\/{rel}","templated":true}]}}