{"id":123136,"date":"2025-02-06T00:00:00","date_gmt":"2025-02-05T23:00:00","guid":{"rendered":"https:\/\/gpl-love.com\/fr\/produit\/lifestylepress\/"},"modified":"2026-03-20T23:22:27","modified_gmt":"2026-03-20T22:22:27","slug":"lifestylepress","status":"publish","type":"product","link":"https:\/\/gpl-love.com\/fr\/produit\/lifestylepress\/","title":{"rendered":"Lifestylepress 118.0"},"content":{"rendered":"<h3>Lifestylepress Traits<\/h3>\n<p>LifestylePress, un produit innovant et r\u00e9volutionnaire, est con\u00e7u pour offrir aux utilisateurs une vaste gamme d&rsquo;informations sur divers aspects de style de vie. Allant du domaine de la nutrition saine et de la condition physique aux domaines captivants de la beaut\u00e9 et de la mode, LifestylePress englobe tous les \u00e9l\u00e9ments essentiels dont les individus ont besoin pour actualiser la quintessence de leur existence. B\u00e9n\u00e9ficiant d&rsquo;une interface qui est non seulement conviviale mais aussi navigable sans effort, LifestylePress appara\u00eet comme une ressource indispensable et inestimable pour ceux qui aspirent \u00e0 augmenter leur style de vie et \u00e0 conqu\u00e9rir leurs aspirations. Ind\u00e9pendamment de savoir si l&rsquo;on s&rsquo;identifie comme un ardent d\u00e9fenseur du bien-\u00eatre, un fervent adepte des tendances de la mode, ou simplement un individu qui s&rsquo;efforce de manifester des alt\u00e9rations affirmatives de leur existence, des engagements de style de vie pour fournir tous les outils et connaissances essentiels n\u00e9cessaires pour accomplir des triomphes personnels. Alors pourquoi tergiverser? Faites le pas et embrassez le potentiel transformateur de LifestylePress en vous inscrivant aujourd&rsquo;hui, se lan\u00e7ant ainsi dans un voyage vers une existence caract\u00e9ris\u00e9e par une f\u00e9licit\u00e9 et une \u00e9panouissement in\u00e9gal\u00e9es!<\/p>\n<ul>\n<li>Un guide complet pour am\u00e9liorer votre style de vie<\/li>\n<li>Informations et conseils sur une alimentation et un exercice sains<\/li>\n<li>Conseils sur la gestion du stress et les soins personnels<\/li>\n<li>Aper\u00e7u de l&rsquo;\u00e9tablissement de relations significatives et de la r\u00e9alisation de l&rsquo;\u00e9quilibre entre vie professionnelle et vie priv\u00e9e<\/li>\n<li>Strat\u00e9gies pour poursuivre la croissance personnelle et atteindre les objectifs<\/li>\n<li>Des histoires inspirantes de personnes qui ont transform\u00e9 leur vie<\/li>\n<li>\u00c9tapes d&rsquo;action faciles \u00e0 suivre pour la mise en \u0153uvre des changements de style de vie<\/li>\n<li>Style d&rsquo;\u00e9criture accessible et engageant pour tous les lecteurs<\/li>\n<li>Con\u00e7u pour promouvoir le succ\u00e8s \u00e0 long terme dans l&rsquo;am\u00e9lioration du bien-\u00eatre global<\/li>\n<li>Convient \u00e0 quiconque cherche \u00e0 am\u00e9liorer sa qualit\u00e9 de vie.<\/li>\n<\/ul>\n","protected":false},"excerpt":{"rendered":"<p>LifestylePress, un produit incroyablement polyvalent et multiforme, offre aux utilisateurs une opportunit\u00e9 exceptionnelle de d\u00e9velopper une approche m\u00e9ticuleusement personnalis\u00e9e et individualis\u00e9e pour g\u00e9rer efficacement leur style de vie. Cet outil remarquable int\u00e8gre de mani\u00e8re transparente un assortiment complet de fonctionnalit\u00e9s, englobant le suivi de la forme physique, la journalisation, la planification des repas et le suivi des habitudes, donnant ainsi aux utilisateurs la capacit\u00e9 d&rsquo;exercer un contr\u00f4le total sur leur vie d&rsquo;une mani\u00e8re extr\u00eamement pratique et tr\u00e8s comp\u00e9tente. B\u00e9n\u00e9ficiant d&rsquo;une interface incroyablement conviviale et d&rsquo;une vaste gamme d&rsquo;attributs personnalisables, cette plate-forme de pointe permet aux utilisateurs d&rsquo;\u00e9tablir et de poursuivre leurs aspirations, de surveiller \u00e9troitement leurs progr\u00e8s et, surtout, d&rsquo;optimiser leur style de vie pour atteindre un succ\u00e8s \u00e0 long terme retentissant. Ind\u00e9pendamment de l&rsquo;am\u00e9lioration de votre sant\u00e9, de la renforcement de votre productivit\u00e9 ou de l&rsquo;am\u00e9lioration de votre bien-\u00eatre global constitue votre objectif principal, soyez assur\u00e9 que LifestyLepress, remplit une abondance d&rsquo;outils indispensables et de ressources inestimables, vous fournira sans \u00e9quivoque les moyens essentiels n\u00e9cessaires pour accomplir la r\u00e9alisation de la r\u00e9alisation de la r\u00e9alisation de la r\u00e9alisation de la r\u00e9alisation de la r\u00e9alisation pour accomplir la r\u00e9alisation de la r\u00e9alisation de la condition n\u00e9cessaire pour accomplir la r\u00e9alisation de la r\u00e9alisation de la condition n\u00e9cessaire pour accomplir la fin ces objectifs.<\/p>\n","protected":false},"featured_media":144374,"comment_status":"open","ping_status":"open","template":"","meta":[],"product_brand":[2474],"product_cat":[1242,1212,1213],"product_tag":[2315],"class_list":{"0":"post-123136","1":"product","2":"type-product","3":"status-publish","4":"has-post-thumbnail","6":"product_brand-superb-themes","7":"product_cat-creatif","8":"product_cat-themes","9":"product_cat-wordpress-themes","10":"product_tag-superb-themes","11":"member-discount","12":"discount-restricted","14":"first","15":"instock","16":"sale","17":"downloadable","18":"virtual","19":"sold-individually","20":"purchasable","21":"product-type-simple"},"_links":{"self":[{"href":"https:\/\/gpl-love.com\/fr\/wp-json\/wp\/v2\/product\/123136","targetHints":{"allow":["GET"]}}],"collection":[{"href":"https:\/\/gpl-love.com\/fr\/wp-json\/wp\/v2\/product"}],"about":[{"href":"https:\/\/gpl-love.com\/fr\/wp-json\/wp\/v2\/types\/product"}],"replies":[{"embeddable":true,"href":"https:\/\/gpl-love.com\/fr\/wp-json\/wp\/v2\/comments?post=123136"}],"wp:featuredmedia":[{"embeddable":true,"href":"https:\/\/gpl-love.com\/fr\/wp-json\/wp\/v2\/media\/144374"}],"wp:attachment":[{"href":"https:\/\/gpl-love.com\/fr\/wp-json\/wp\/v2\/media?parent=123136"}],"wp:term":[{"taxonomy":"product_brand","embeddable":true,"href":"https:\/\/gpl-love.com\/fr\/wp-json\/wp\/v2\/product_brand?post=123136"},{"taxonomy":"product_cat","embeddable":true,"href":"https:\/\/gpl-love.com\/fr\/wp-json\/wp\/v2\/product_cat?post=123136"},{"taxonomy":"product_tag","embeddable":true,"href":"https:\/\/gpl-love.com\/fr\/wp-json\/wp\/v2\/product_tag?post=123136"}],"curies":[{"name":"wp","href":"https:\/\/api.w.org\/{rel}","templated":true}]}}