{"id":123132,"date":"2025-02-06T00:00:00","date_gmt":"2025-02-05T23:00:00","guid":{"rendered":"https:\/\/gpl-love.com\/fr\/produit\/journalist-blogily\/"},"modified":"2026-03-20T23:21:12","modified_gmt":"2026-03-20T22:21:12","slug":"journalist-blogily","status":"publish","type":"product","link":"https:\/\/gpl-love.com\/fr\/produit\/journalist-blogily\/","title":{"rendered":"Journalist Blogily 115.0"},"content":{"rendered":"<h3>Journalist Blogily Traits<\/h3>\n<p>Le journaliste blogly, une plate-forme de blogging incroyablement robuste et sophistiqu\u00e9e, a \u00e9t\u00e9 m\u00e9ticuleusement con\u00e7u avec les besoins des journalistes \u00e0 l&rsquo;esprit. Son \u00e9ventail complet d&rsquo;outils et de fonctionnalit\u00e9s permettra de permettre aux \u00e9crivains et aux journalistes de cr\u00e9er du contenu captivant tout en favorisant un engagement significatif avec leur public. En exploitant le pouvoir de blogly, les journalistes ont la commodit\u00e9 de g\u00e9rer sans effort plusieurs blogs, de favoriser la collaboration avec d&rsquo;autres \u00e9crivains et de surveiller m\u00e9ticuleusement leurs performances gr\u00e2ce \u00e0 une analyse approfondie. De plus, cette plate-forme exceptionnelle offre un assortiment impressionnant d&rsquo;options de publication et de syndication, ce qui permet efficacement aux \u00e9crivains d&rsquo;amplifier leur port\u00e9e et de cultiver une marque personnelle durable et reconnaissable. Essentiellement, le journaliste blogly est un atout indispensable et inestimable pour tout journaliste qui aspire \u00e0 s&rsquo;\u00e9panouir au sein du panorama des m\u00e9dias num\u00e9riques contemporains.<\/p>\n<ul>\n<li>Une plate-forme con\u00e7ue sp\u00e9cifiquement pour les journalistes pour cr\u00e9er et publier des blogs<\/li>\n<li>Interface facile \u00e0 utiliser avec des dispositions et des options de conception personnalisables<\/li>\n<li>Possibilit\u00e9 de planifier et de publier des publications avec des options de partage social int\u00e9gr\u00e9es<\/li>\n<li>Analyse int\u00e9gr\u00e9e pour suivre l&rsquo;engagement et le trafic des blogs<\/li>\n<li>Fonctionnalit\u00e9s collaboratives pour plusieurs utilisateurs et \u00e9diteurs pour contribuer \u00e0 un blog<\/li>\n<li>Param\u00e8tres de connexion et de confidentialit\u00e9 s\u00e9curis\u00e9s pour prot\u00e9ger les informations sensibles<\/li>\n<li>Plate-forme conviviale pour les blogs sur le pouce<\/li>\n<li>Int\u00e9gration avec les syst\u00e8mes de gestion de contenu populaires et les organisations de presse pour une publication rationalis\u00e9e<\/li>\n<li>Support et ressources pour les blogs efficaces et la r\u00e9daction journalistique.<\/li>\n<\/ul>\n","protected":false},"excerpt":{"rendered":"<p>Journalist Blogly, une plate-forme de pointe, pr\u00e9sente aux journalistes des opportunit\u00e9s in\u00e9gal\u00e9es pour \u00e9laborer et diffuser sans effort leurs blogs captivants. En fournissant une pl\u00e9thore de fonctionnalit\u00e9s remarquables telles que la possibilit\u00e9 de personnaliser des th\u00e8mes et un \u00e9diteur exceptionnellement convivial, le journaliste bloque efficacement la t\u00e2che ardue de partager ses exp\u00e9riences, ses id\u00e9es et ses perspectives sur les nouvelles et les \u00e9v\u00e9nements actuels en une entreprise simple. Que vous vous trouviez au milieu des rangs des journalistes chevronn\u00e9s ou que vous vous lanciez dans votre parcours d&rsquo;\u00e9criture, le journaliste bloque est un instrument inestimable pour favoriser des connexions profondes avec les lecteurs et amplifier la port\u00e9e de votre marque.<\/p>\n","protected":false},"featured_media":144292,"comment_status":"open","ping_status":"open","template":"","meta":[],"product_brand":[2474],"product_cat":[1220,1212,1213],"product_tag":[2315],"class_list":{"0":"post-123132","1":"product","2":"type-product","3":"status-publish","4":"has-post-thumbnail","6":"product_brand-superb-themes","7":"product_cat-blog-magazine","8":"product_cat-themes","9":"product_cat-wordpress-themes","10":"product_tag-superb-themes","11":"member-discount","12":"discount-restricted","14":"first","15":"instock","16":"sale","17":"downloadable","18":"virtual","19":"sold-individually","20":"purchasable","21":"product-type-simple"},"_links":{"self":[{"href":"https:\/\/gpl-love.com\/fr\/wp-json\/wp\/v2\/product\/123132","targetHints":{"allow":["GET"]}}],"collection":[{"href":"https:\/\/gpl-love.com\/fr\/wp-json\/wp\/v2\/product"}],"about":[{"href":"https:\/\/gpl-love.com\/fr\/wp-json\/wp\/v2\/types\/product"}],"replies":[{"embeddable":true,"href":"https:\/\/gpl-love.com\/fr\/wp-json\/wp\/v2\/comments?post=123132"}],"wp:featuredmedia":[{"embeddable":true,"href":"https:\/\/gpl-love.com\/fr\/wp-json\/wp\/v2\/media\/144292"}],"wp:attachment":[{"href":"https:\/\/gpl-love.com\/fr\/wp-json\/wp\/v2\/media?parent=123132"}],"wp:term":[{"taxonomy":"product_brand","embeddable":true,"href":"https:\/\/gpl-love.com\/fr\/wp-json\/wp\/v2\/product_brand?post=123132"},{"taxonomy":"product_cat","embeddable":true,"href":"https:\/\/gpl-love.com\/fr\/wp-json\/wp\/v2\/product_cat?post=123132"},{"taxonomy":"product_tag","embeddable":true,"href":"https:\/\/gpl-love.com\/fr\/wp-json\/wp\/v2\/product_tag?post=123132"}],"curies":[{"name":"wp","href":"https:\/\/api.w.org\/{rel}","templated":true}]}}